{"id":4704,"date":"2026-02-03T16:04:56","date_gmt":"2026-02-03T14:04:56","guid":{"rendered":"https:\/\/demo8.izveide.id.lv\/?post_type=product&#038;p=4704"},"modified":"2026-03-26T14:57:46","modified_gmt":"2026-03-26T12:57:46","slug":"flamil-3-super-code-0095","status":"publish","type":"product","link":"https:\/\/e-flore.store\/lv\/produkts\/flamil-3-super-code-0095\/","title":{"rendered":"Flamil 3 Super (kods 0095)"},"content":{"rendered":"<p><img decoding=\"async\" alt=\"0095-PARENT\" class=\"alignnone size-full wp-image-381\" src=\"\/wp-content\/uploads\/2026\/01\/0095-PARENT_desc.jpg\" width=\"100%\" style=\"width: 100%; height: auto; display: block;\" srcset=\"https:\/\/e-flore.store\/wp-content\/uploads\/2026\/01\/0095-PARENT_desc.jpg 957w, https:\/\/e-flore.store\/wp-content\/uploads\/2026\/01\/0095-PARENT_desc-600x450.jpg 600w, https:\/\/e-flore.store\/wp-content\/uploads\/2026\/01\/0095-PARENT_desc-300x225.jpg 300w\" sizes=\"(max-width: 957px) 100vw, 957px\" \/><\/p>\n<div id=\"eflore-spacer-v55\" style=\"height: 0px; clear: both; width: 100%; display: block;\"><\/div>\n<p style=\"margin-bottom: 10px; margin-top: 30px;\"><strong>ALTERNAT\u012aVS L\u012aDZEKLIS \u0160\u0136\u012aDIN\u0100T\u0100JIEM CIETU VIRSMU ATTAUKO\u0160ANAI<\/strong><\/p>\n<p style=\"margin-bottom: 10px; margin-top: 30px;\"><strong>\u012apa\u0161\u012bbas<\/strong><\/p>\n<p style=\"margin-bottom: 8px; margin-top: 0px; line-height: 1.6;\">&#8211; L\u012bdzeklis piln\u012bgi sadal\u0101s dab\u0101.<\/p>\n<p style=\"margin-bottom: 8px; margin-top: 0px; line-height: 1.6;\">&#8211; Dro\u0161s l\u012bdzeklis, nesatur b\u012bstamas \u0137\u012bmisk\u0101s vielas, halog\u0113nos og\u013c\u016bde\u0146ra\u017eus.<\/p>\n<p style=\"margin-bottom: 8px; margin-top: 0px; line-height: 1.6;\">&#8211; Maksim\u0101li dro\u0161i un efekt\u012bvi no\u0146em e\u013c\u013cas produktus, taukus un sodr\u0113jus.<\/p>\n<p style=\"margin-bottom: 8px; margin-top: 0px; line-height: 1.6;\">&#8211; Satur pretkorozijas piedevas un emulatorus.<\/p>\n<p style=\"margin-bottom: 8px; margin-top: 0px; line-height: 1.6;\">&#8211; L\u012bdzek\u013ca augst\u0101 koncentr\u0101cija \u013cauj veikt t\u012br\u012b\u0161anu par zem\u0101m izmaks\u0101m.<\/p>\n<p style=\"margin-bottom: 8px; margin-top: 0px; line-height: 1.6;\">&#8211; L\u012bdzeklis izmantojams k\u0101 piedeva augstspiediena mazg\u0101\u0161anas sist\u0113m\u0101s.<\/p>\n<p style=\"margin-bottom: 10px; margin-top: 30px;\"><strong>Pielieto\u0161anas iesp\u0113jas<\/strong><\/p>\n<p style=\"margin-bottom: 8px; margin-top: 0px; line-height: 1.6;\">&#8211; Met\u0101lapstr\u0101des r\u016bpniec\u012bba, lidapar\u0101tu un ku\u0123u b\u016bvniec\u012bba.<\/p>\n<p style=\"margin-bottom: 8px; margin-top: 0px; line-height: 1.6;\">&#8211; Celtniec\u012bba,\u00a0ce\u013cu, kan\u0101lu un ostu darbi.<\/p>\n<p style=\"margin-bottom: 8px; margin-top: 0px; line-height: 1.6;\">&#8211; Ma\u0161\u012bnb\u016bve un siltumtehnika.<\/p>\n<p style=\"margin-bottom: 8px; margin-top: 0px; line-height: 1.6;\">&#8211; Autoservisi.<\/p>\n<p style=\"margin-bottom: 8px; margin-top: 0px; line-height: 1.6;\">&#8211; R\u016bpn\u012bcu celtniec\u012bba, siltumtehnika u.c.<\/p>\n<p style=\"margin-bottom: 10px; margin-top: 30px;\"><strong>Pielieto\u0161ana un uzglab\u0101\u0161ana<\/strong><\/p>\n<p style=\"margin-bottom: 8px; margin-top: 0px; line-height: 1.6;\">&#8211; L\u012bdzeklis pielietot at\u0161\u0137aid\u012bt\u0101 veid\u0101, attiec\u012bb\u0101 1:10 l\u012bdz 1:500, atkar\u012bb\u0101 no pies\u0101r\u0146ojuma pak\u0101pes.<\/p>\n<p style=\"margin-bottom: 8px; margin-top: 0px; line-height: 1.6;\">&#8211; Uzsmidzin\u0101t l\u012bdzekli uz apstr\u0101d\u0101jam\u0101s virsmas, t\u012br\u012bt ar samitrin\u0101tu dr\u0101nu vai s\u016bkli, k\u0101 ar\u012b\u00a0izmantojot iegremd\u0113\u0161anas metodi.<\/p>\n<p style=\"margin-bottom: 8px; margin-top: 0px; line-height: 1.6;\">&#8211; Izmantojot l\u012bdzekli augstspiediena mazg\u0101\u0161anas sist\u0113m\u0101s, ieteicam\u0101 koncentr\u0101cija 1:50 l\u012bdz pat 1:500.<\/p>\n<p style=\"margin-bottom: 10px; margin-top: 30px;\"><strong>Tehniskais raksturojums<\/strong><\/p>\n<p style=\"margin-bottom: 8px; margin-top: 0px; line-height: 1.6;\"><strong>Fizisk\u0101 forma<\/strong>: \u0161\u0137idrums<\/p>\n<p style=\"margin-bottom: 8px; margin-top: 0px; line-height: 1.6;\"><strong>Bl\u012bvums (20 \u00baC)<\/strong>: 1.095 g \/ ml<\/p>\n<p style=\"margin-bottom: 8px; margin-top: 0px; line-height: 1.6;\"><strong>pH l\u012bmenis<\/strong>: 13.8<\/p>\n","protected":false},"excerpt":{"rendered":"<p>ALTERNAT\u012aVS L\u012aDZEKLIS \u0160\u0136\u012aDIN\u0100T\u0100JIEM CIETU VIRSMU ATTAUKO\u0160ANAI \u012apa\u0161\u012bbas &#8211; L\u012bdzeklis piln\u012bgi sadal\u0101s dab\u0101. &#8211; Dro\u0161s l\u012bdzeklis, nesatur b\u012bstamas \u0137\u012bmisk\u0101s vielas, halog\u0113nos og\u013c\u016bde\u0146ra\u017eus. &#8211; Maksim\u0101li dro\u0161i un efekt\u012bvi no\u0146em e\u013c\u013cas produktus, taukus un sodr\u0113jus. &#8211; Satur pretkorozijas piedevas un emulatorus. &#8211; L\u012bdzek\u013ca augst\u0101 koncentr\u0101cija \u013cauj veikt t\u012br\u012b\u0161anu par zem\u0101m izmaks\u0101m. &#8211; L\u012bdzeklis izmantojams k\u0101 piedeva augstspiediena mazg\u0101\u0161anas&#8230;<\/p>\n","protected":false},"featured_media":4705,"template":"","meta":[],"product_brand":[337],"product_cat":[353,377,386],"product_tag":[],"class_list":{"0":"post-4704","1":"product","2":"type-product","3":"status-publish","4":"has-post-thumbnail","6":"product_brand-flore-chemie","7":"product_cat-flore-chemie-produkti","8":"product_cat-industrija-rupnieciba-masinbuve-elektroiekartas","9":"product_cat-specialie-tirisanas-mazgasanas-un-kopsanas-lidzekli","11":"first","12":"instock","13":"shipping-taxable","14":"purchasable","15":"product-type-variable","16":"has-default-attributes"},"_links":{"self":[{"href":"https:\/\/e-flore.store\/lv\/wp-json\/wp\/v2\/product\/4704","targetHints":{"allow":["GET"]}}],"collection":[{"href":"https:\/\/e-flore.store\/lv\/wp-json\/wp\/v2\/product"}],"about":[{"href":"https:\/\/e-flore.store\/lv\/wp-json\/wp\/v2\/types\/product"}],"wp:featuredmedia":[{"embeddable":true,"href":"https:\/\/e-flore.store\/lv\/wp-json\/wp\/v2\/media\/4705"}],"wp:attachment":[{"href":"https:\/\/e-flore.store\/lv\/wp-json\/wp\/v2\/media?parent=4704"}],"wp:term":[{"taxonomy":"product_brand","embeddable":true,"href":"https:\/\/e-flore.store\/lv\/wp-json\/wp\/v2\/product_brand?post=4704"},{"taxonomy":"product_cat","embeddable":true,"href":"https:\/\/e-flore.store\/lv\/wp-json\/wp\/v2\/product_cat?post=4704"},{"taxonomy":"product_tag","embeddable":true,"href":"https:\/\/e-flore.store\/lv\/wp-json\/wp\/v2\/product_tag?post=4704"}],"curies":[{"name":"wp","href":"https:\/\/api.w.org\/{rel}","templated":true}]}}