{"id":4716,"date":"2026-02-03T16:04:59","date_gmt":"2026-02-03T14:04:59","guid":{"rendered":"https:\/\/demo8.izveide.id.lv\/?post_type=product&#038;p=4716"},"modified":"2026-03-26T14:57:43","modified_gmt":"2026-03-26T12:57:43","slug":"florin-graffiti-entferner-spray-code-0357","status":"publish","type":"product","link":"https:\/\/e-flore.store\/lv\/produkts\/florin-graffiti-entferner-spray-code-0357\/","title":{"rendered":"Florin Graffiti Entferner Spray (kods 0357)"},"content":{"rendered":"<p><img decoding=\"async\" alt=\"0357-PARENT\" class=\"alignnone size-full wp-image-432\" src=\"\/wp-content\/uploads\/2026\/01\/0357-PARENT_desc.jpg\" width=\"100%\" style=\"width: 100%; height: auto; display: block;\" srcset=\"https:\/\/e-flore.store\/wp-content\/uploads\/2026\/01\/0357-PARENT_desc.jpg 900w, https:\/\/e-flore.store\/wp-content\/uploads\/2026\/01\/0357-PARENT_desc-600x400.jpg 600w, https:\/\/e-flore.store\/wp-content\/uploads\/2026\/01\/0357-PARENT_desc-300x200.jpg 300w\" sizes=\"(max-width: 900px) 100vw, 900px\" \/><\/p>\n<div id=\"eflore-spacer-v55\" style=\"height: 0px; clear: both; width: 100%; display: block;\"><\/div>\n<p style=\"margin-bottom: 10px; margin-top: 30px;\"><strong>T\u012aR\u012a\u0160ANAS L\u012aDZEKLIS LOD\u012a\u0160U PILDSPALVU, FLOMASTERU TRAIPU UN GRAFITI NO\u0145EM\u0160ANAI<\/strong><\/p>\n<p style=\"margin-bottom: 10px; margin-top: 30px;\"><strong>\u012apa\u0161\u012bbas<\/strong><\/p>\n<p style=\"margin-bottom: 8px; margin-top: 0px; line-height: 1.6;\">&#8211; Univers\u0101ls t\u012br\u012b\u0161anas l\u012bdzeklis lod\u012b\u0161u pildspalvu, flomasteru, l\u016bpu kr\u0101su, taukainu z\u012bmu\u013cu un uzl\u012bmju traipu likvid\u0113\u0161anai, k\u0101 ar\u012b svaigu grafiti z\u012bm\u0113jumu t\u012br\u012b\u0161anai no glud\u0101m virsm\u0101m.<\/p>\n<p style=\"margin-bottom: 8px; margin-top: 0px; line-height: 1.6;\">&#8211; \u012apa\u0161i piem\u0113rots glaz\u0113tu pl\u0101k\u0161\u0146u, akmens, stikla, met\u0101la, plastik\u0101ta, k\u0101 ar\u012b lakotu un kr\u0101sotu virmu t\u012br\u012b\u0161anai.<\/p>\n<p style=\"margin-bottom: 8px; margin-top: 0px; line-height: 1.6;\">&#8211; Uzman\u012bbu! Ieteicams pirms m\u0101ksl\u012bgu, akrila un polistirola virsmu t\u012br\u012b\u0161anas l\u012bdzekli p\u0101rbaud\u012bt uz maz\u0101ka \u0161\u012b materi\u0101la laukuma maz\u0101k redzam\u0101 viet\u0101.<\/p>\n<p style=\"margin-bottom: 10px; margin-top: 30px;\"><strong>Pielieto\u0161anas iesp\u0113jas<\/strong><\/p>\n<p style=\"margin-bottom: 8px; margin-top: 0px; line-height: 1.6;\">&#8211; Transportl\u012bdzek\u013cu apr\u012bkojums, skolas soli, m\u0101c\u012bbu telpu kop\u0161ana.<\/p>\n<p style=\"margin-bottom: 8px; margin-top: 0px; line-height: 1.6;\">&#8211; Autoostu un dzelzce\u013ca staciju un uzgaid\u0101mo telpu kop\u0161ana.<\/p>\n<p style=\"margin-bottom: 8px; margin-top: 0px; line-height: 1.6;\">&#8211; Skolas solu un m\u0101c\u012bbu l\u012bdzek\u013cu kop\u0161ana skol\u0101s un b\u0113rnu d\u0101rzos.<\/p>\n<p style=\"margin-bottom: 8px; margin-top: 0px; line-height: 1.6;\">&#8211; Sabiedrisk\u0101s iest\u0101des, priv\u0101tm\u0101jas.<\/p>\n<p style=\"margin-bottom: 10px; margin-top: 30px;\"><strong>Pielieto\u0161anas veidi un uzglab\u0101\u0161ana<\/strong><\/p>\n<p style=\"margin-bottom: 8px; margin-top: 0px; line-height: 1.6;\">&#8211; L\u012bdzekli uzkl\u0101t uz apstr\u0101d\u0101jam\u0101s virsmas neat\u0161\u0137aid\u012btu uzsmidzinot vai sam\u0113rc\u0113jot virsmu ar dr\u0101nu vai s\u016bkli.<\/p>\n<p style=\"margin-bottom: 8px; margin-top: 0px; line-height: 1.6;\">&#8211; Ja nepiecie\u0161ams, not\u012br\u012bto virsmu p\u0113c apstr\u0101des var noskalot ar \u016bdeni.<\/p>\n<p style=\"margin-bottom: 8px; margin-top: 0px; line-height: 1.6;\">&#8211; Pirms lakotu un kr\u0101sotu virmu t\u012br\u012b\u0161anas p\u0101rbaud\u012bt l\u012bdzek\u013ca iedarb\u012bbu uz maz\u0101ka \u0161\u012bs  virsmas laukuma.<\/p>\n<p style=\"margin-bottom: 10px; margin-top: 30px;\"><strong>Tehniskais raksturojums<\/strong><\/p>\n<p style=\"margin-bottom: 8px; margin-top: 0px; line-height: 1.6;\"><strong>Fizisk\u0101 forma<\/strong>: aerosols<\/p>\n<p style=\"margin-bottom: 8px; margin-top: 0px; line-height: 1.6;\"><strong>Bl\u012bvums (20 \u00baC)<\/strong>: 0.95 g \/ ml<\/p>\n<p style=\"margin-bottom: 8px; margin-top: 0px; line-height: 1.6;\"><strong>Uzliesmo\u0161anas temperat\u016bra<\/strong>: +51 \u00baC<\/p>\n<p style=\"margin-bottom: 8px; margin-top: 0px; line-height: 1.6;\"><strong>Sast\u0101vs<\/strong>: prop\u0101ns, but\u0101ns, spirta deriv\u0101ti, \u0113teri<\/p>\n","protected":false},"excerpt":{"rendered":"<p>T\u012aR\u012a\u0160ANAS L\u012aDZEKLIS LOD\u012a\u0160U PILDSPALVU, FLOMASTERU TRAIPU UN GRAFITI NO\u0145EM\u0160ANAI \u012apa\u0161\u012bbas &#8211; Univers\u0101ls t\u012br\u012b\u0161anas l\u012bdzeklis lod\u012b\u0161u pildspalvu, flomasteru, l\u016bpu kr\u0101su, taukainu z\u012bmu\u013cu un uzl\u012bmju traipu likvid\u0113\u0161anai, k\u0101 ar\u012b svaigu grafiti z\u012bm\u0113jumu t\u012br\u012b\u0161anai no glud\u0101m virsm\u0101m. &#8211; \u012apa\u0161i piem\u0113rots glaz\u0113tu pl\u0101k\u0161\u0146u, akmens, stikla, met\u0101la, plastik\u0101ta, k\u0101 ar\u012b lakotu un kr\u0101sotu virmu t\u012br\u012b\u0161anai. &#8211; Uzman\u012bbu! Ieteicams pirms m\u0101ksl\u012bgu,&#8230;<\/p>\n","protected":false},"featured_media":4717,"template":"","meta":[],"product_brand":[337],"product_cat":[353,377,386],"product_tag":[],"class_list":{"0":"post-4716","1":"product","2":"type-product","3":"status-publish","4":"has-post-thumbnail","6":"product_brand-flore-chemie","7":"product_cat-flore-chemie-produkti","8":"product_cat-industrija-rupnieciba-masinbuve-elektroiekartas","9":"product_cat-specialie-tirisanas-mazgasanas-un-kopsanas-lidzekli","11":"first","12":"instock","13":"shipping-taxable","14":"purchasable","15":"product-type-variable","16":"has-default-attributes"},"_links":{"self":[{"href":"https:\/\/e-flore.store\/lv\/wp-json\/wp\/v2\/product\/4716","targetHints":{"allow":["GET"]}}],"collection":[{"href":"https:\/\/e-flore.store\/lv\/wp-json\/wp\/v2\/product"}],"about":[{"href":"https:\/\/e-flore.store\/lv\/wp-json\/wp\/v2\/types\/product"}],"wp:featuredmedia":[{"embeddable":true,"href":"https:\/\/e-flore.store\/lv\/wp-json\/wp\/v2\/media\/4717"}],"wp:attachment":[{"href":"https:\/\/e-flore.store\/lv\/wp-json\/wp\/v2\/media?parent=4716"}],"wp:term":[{"taxonomy":"product_brand","embeddable":true,"href":"https:\/\/e-flore.store\/lv\/wp-json\/wp\/v2\/product_brand?post=4716"},{"taxonomy":"product_cat","embeddable":true,"href":"https:\/\/e-flore.store\/lv\/wp-json\/wp\/v2\/product_cat?post=4716"},{"taxonomy":"product_tag","embeddable":true,"href":"https:\/\/e-flore.store\/lv\/wp-json\/wp\/v2\/product_tag?post=4716"}],"curies":[{"name":"wp","href":"https:\/\/api.w.org\/{rel}","templated":true}]}}