{"id":4720,"date":"2026-02-03T16:05:00","date_gmt":"2026-02-03T14:05:00","guid":{"rendered":"https:\/\/demo8.izveide.id.lv\/?post_type=product&#038;p=4720"},"modified":"2026-03-26T14:57:32","modified_gmt":"2026-03-26T12:57:32","slug":"flamil-edelstahlpflege-code-0551","status":"publish","type":"product","link":"https:\/\/e-flore.store\/lv\/produkts\/flamil-edelstahlpflege-code-0551\/","title":{"rendered":"Flamil Edelstahlpflege (kods 0551)"},"content":{"rendered":"<p><img decoding=\"async\" alt=\"0551-PARENT\" class=\"alignnone size-full wp-image-491\" src=\"\/wp-content\/uploads\/2026\/01\/0551-PARENT_desc.jpg\" width=\"100%\" style=\"width: 100%; height: auto; display: block;\" srcset=\"https:\/\/e-flore.store\/wp-content\/uploads\/2026\/01\/0551-PARENT_desc.jpg 958w, https:\/\/e-flore.store\/wp-content\/uploads\/2026\/01\/0551-PARENT_desc-600x400.jpg 600w, https:\/\/e-flore.store\/wp-content\/uploads\/2026\/01\/0551-PARENT_desc-300x200.jpg 300w\" sizes=\"(max-width: 958px) 100vw, 958px\" \/><\/p>\n<div id=\"eflore-spacer-v55\" style=\"height: 0px; clear: both; width: 100%; display: block;\"><\/div>\n<p style=\"margin-bottom: 10px; margin-top: 30px;\"><strong>NER\u016aS\u0112JO\u0160\u0100 T\u0112RAUDA VIRSMU T\u012aR\u012a\u0160ANAS UN KOP\u0160ANAS L\u012aDZEKLIS<\/strong><\/p>\n<p style=\"margin-bottom: 10px; margin-top: 30px;\"><strong>\u012apa\u0161\u012bbas<\/strong><\/p>\n<p style=\"margin-bottom: 8px; margin-top: 0px; line-height: 1.6;\">&#8211; L\u012bdzeklis ner\u016bs\u0113jo\u0161\u0101 t\u0113rauda virsmu t\u012br\u012b\u0161anai un kop\u0161anai.<\/p>\n<p style=\"margin-bottom: 8px; margin-top: 0px; line-height: 1.6;\">&#8211; Padara nespodras virsmas par sp\u012bdo\u0161\u0101m.<\/p>\n<p style=\"margin-bottom: 8px; margin-top: 0px; line-height: 1.6;\">&#8211;\u00a0Regul\u0101ri lietojot virsmas ieg\u016bst past\u0101v\u012bgu aizsardz\u012bbu.<\/p>\n<p style=\"margin-bottom: 10px; margin-top: 30px;\"><strong>Pielieto\u0161anas iesp\u0113jas<\/strong><\/p>\n<p style=\"margin-bottom: 8px; margin-top: 0px; line-height: 1.6;\">Sabiedrisk\u0101s iest\u0101des, priv\u0101tm\u0101jas.<\/p>\n<p style=\"margin-bottom: 10px; margin-top: 30px;\"><strong>Pielieto\u0161anas veidi un uzglab\u0101\u0161ana<\/strong><\/p>\n<p style=\"margin-bottom: 8px; margin-top: 0px; line-height: 1.6;\">&#8211; Pirms lieto\u0161anas virsmas not\u012br\u012bt no net\u012brumiem,\u00a0aerosolu stipri sakrat\u012bt, izsmidzin\u0101t l\u012bdzekli uz virsmas vai dr\u0101nas un ieberz\u0113t pl\u0101n\u0101 sl\u0101n\u012b uz virsmas.<\/p>\n<p style=\"margin-bottom: 8px; margin-top: 0px; line-height: 1.6;\">&#8211; Nav piem\u0113rots lieto\u0161anai virsm\u0101m, kur str\u0101d\u0101 ar p\u0101rtikas produktiem.<\/p>\n<p style=\"margin-bottom: 10px; margin-top: 30px;\"><strong>Tehniskais raksturojums<\/strong><\/p>\n<p style=\"margin-bottom: 8px; margin-top: 0px; line-height: 1.6;\"><strong>Fizisk\u0101 forma<\/strong>: aerosols \/ \u0161\u0137idrums<\/p>\n<p style=\"margin-bottom: 8px; margin-top: 0px; line-height: 1.6;\"><strong>Sast\u0101vs<\/strong>: balt\u0101 e\u013c\u013ca, kop\u0161anas vielas<\/p>\n","protected":false},"excerpt":{"rendered":"<p>NER\u016aS\u0112JO\u0160\u0100 T\u0112RAUDA VIRSMU T\u012aR\u012a\u0160ANAS UN KOP\u0160ANAS L\u012aDZEKLIS \u012apa\u0161\u012bbas &#8211; L\u012bdzeklis ner\u016bs\u0113jo\u0161\u0101 t\u0113rauda virsmu t\u012br\u012b\u0161anai un kop\u0161anai. &#8211; Padara nespodras virsmas par sp\u012bdo\u0161\u0101m. &#8211;\u00a0Regul\u0101ri lietojot virsmas ieg\u016bst past\u0101v\u012bgu aizsardz\u012bbu. Pielieto\u0161anas iesp\u0113jas Sabiedrisk\u0101s iest\u0101des, priv\u0101tm\u0101jas. Pielieto\u0161anas veidi un uzglab\u0101\u0161ana &#8211; Pirms lieto\u0161anas virsmas not\u012br\u012bt no net\u012brumiem,\u00a0aerosolu stipri sakrat\u012bt, izsmidzin\u0101t l\u012bdzekli uz virsmas vai dr\u0101nas un ieberz\u0113t pl\u0101n\u0101&#8230;<\/p>\n","protected":false},"featured_media":4721,"template":"","meta":[],"product_brand":[337],"product_cat":[353,377,386],"product_tag":[],"class_list":{"0":"post-4720","1":"product","2":"type-product","3":"status-publish","4":"has-post-thumbnail","6":"product_brand-flore-chemie","7":"product_cat-flore-chemie-produkti","8":"product_cat-industrija-rupnieciba-masinbuve-elektroiekartas","9":"product_cat-specialie-tirisanas-mazgasanas-un-kopsanas-lidzekli","11":"first","12":"instock","13":"shipping-taxable","14":"purchasable","15":"product-type-variable","16":"has-default-attributes"},"_links":{"self":[{"href":"https:\/\/e-flore.store\/lv\/wp-json\/wp\/v2\/product\/4720","targetHints":{"allow":["GET"]}}],"collection":[{"href":"https:\/\/e-flore.store\/lv\/wp-json\/wp\/v2\/product"}],"about":[{"href":"https:\/\/e-flore.store\/lv\/wp-json\/wp\/v2\/types\/product"}],"wp:featuredmedia":[{"embeddable":true,"href":"https:\/\/e-flore.store\/lv\/wp-json\/wp\/v2\/media\/4721"}],"wp:attachment":[{"href":"https:\/\/e-flore.store\/lv\/wp-json\/wp\/v2\/media?parent=4720"}],"wp:term":[{"taxonomy":"product_brand","embeddable":true,"href":"https:\/\/e-flore.store\/lv\/wp-json\/wp\/v2\/product_brand?post=4720"},{"taxonomy":"product_cat","embeddable":true,"href":"https:\/\/e-flore.store\/lv\/wp-json\/wp\/v2\/product_cat?post=4720"},{"taxonomy":"product_tag","embeddable":true,"href":"https:\/\/e-flore.store\/lv\/wp-json\/wp\/v2\/product_tag?post=4720"}],"curies":[{"name":"wp","href":"https:\/\/api.w.org\/{rel}","templated":true}]}}