{"id":4724,"date":"2026-02-03T16:05:00","date_gmt":"2026-02-03T14:05:00","guid":{"rendered":"https:\/\/demo8.izveide.id.lv\/?post_type=product&#038;p=4724"},"modified":"2026-03-26T14:57:35","modified_gmt":"2026-03-26T12:57:35","slug":"florin-r-spray-code-0303","status":"publish","type":"product","link":"https:\/\/e-flore.store\/lv\/produkts\/florin-r-spray-code-0303\/","title":{"rendered":"Florin R Spray (kods 0303)"},"content":{"rendered":"<p><img decoding=\"async\" alt=\"0303-PARENT\" class=\"alignnone size-full wp-image-426\" src=\"\/wp-content\/uploads\/2026\/01\/0303-PARENT_desc.jpg\" width=\"100%\" style=\"width: 100%; height: auto; display: block;\" srcset=\"https:\/\/e-flore.store\/wp-content\/uploads\/2026\/01\/0303-PARENT_desc.jpg 1172w, https:\/\/e-flore.store\/wp-content\/uploads\/2026\/01\/0303-PARENT_desc-600x848.jpg 600w, https:\/\/e-flore.store\/wp-content\/uploads\/2026\/01\/0303-PARENT_desc-212x300.jpg 212w, https:\/\/e-flore.store\/wp-content\/uploads\/2026\/01\/0303-PARENT_desc-725x1024.jpg 725w\" sizes=\"(max-width: 1172px) 100vw, 1172px\" \/><\/p>\n<div id=\"eflore-spacer-v55\" style=\"height: 0px; clear: both; width: 100%; display: block;\"><\/div>\n<p style=\"margin-bottom: 10px; margin-top: 30px;\"><strong>PRETIZSL\u012aD\u0112\u0160ANAS AEROSOLS DA\u017d\u0100D\u0100M TEHNIKAS SIKSN\u0100M<\/strong><\/p>\n<p style=\"margin-bottom: 10px; margin-top: 30px;\"><strong>\u012apa\u0161\u012bbas<\/strong><\/p>\n<p style=\"margin-bottom: 8px; margin-top: 0px; line-height: 1.6;\">&#8211; Nov\u0113r\u0161 siksnu sl\u012bd\u0113\u0161anu. Iztur pilnu piedzi\u0146as jaudu.<\/p>\n<p style=\"margin-bottom: 8px; margin-top: 0px; line-height: 1.6;\">&#8211; Nov\u0113r\u0161 \u010d\u012bkst\u0113\u0161anu.<\/p>\n<p style=\"margin-bottom: 8px; margin-top: 0px; line-height: 1.6;\">&#8211; Ekonom\u0113 laiku siksnu sprieguma regul\u0113\u0161anai.<\/p>\n<p style=\"margin-bottom: 8px; margin-top: 0px; line-height: 1.6;\">&#8211; Paaugstina siksnas darba ilgumu.<\/p>\n<p style=\"margin-bottom: 10px; margin-top: 30px;\"><strong>Pielieto\u0161ana<\/strong><\/p>\n<p style=\"margin-bottom: 8px; margin-top: 0px; line-height: 1.6;\">&#8211; Piln\u012bgi jebkuriem siksnu tipi.<\/p>\n<p style=\"margin-bottom: 8px; margin-top: 0px; line-height: 1.6;\">&#8211; Apsmidzin\u0101t rot\u0113jo\u0161as siksnas iek\u0161pusi ar Florin R Spray apm\u0113ram 5 sekundes.<\/p>\n<p style=\"margin-bottom: 8px; margin-top: 0px; line-height: 1.6;\">&#8211; L\u012bdzekli neieelpot!<\/p>\n<p style=\"margin-bottom: 8px; margin-top: 0px; line-height: 1.6;\">&#8211; Ugunsnedro\u0161s!<\/p>\n<p style=\"margin-bottom: 10px; margin-top: 30px;\"><strong>Tehniskais raksturojums<\/strong><\/p>\n<p style=\"margin-bottom: 8px; margin-top: 0px; line-height: 1.6;\"><strong>Fizisk\u0101 forma<\/strong>: aerosols<\/p>\n<p style=\"margin-bottom: 8px; margin-top: 0px; line-height: 1.6;\"><strong>Bl\u012bvums (20 \u00b0\u0421)<\/strong>: aptuveni 0.72 g \/ ml<\/p>\n<p style=\"margin-bottom: 8px; margin-top: 0px; line-height: 1.6;\"><strong>Pamatg\u0101ze<\/strong>: prop\u0101ns \/ but\u0101ns<\/p>\n<p style=\"margin-bottom: 8px; margin-top: 0px; line-height: 1.6;\"><strong>Sast\u0101vs<\/strong>: sa\u0137eres aktivizators, kopjo\u0161ie komponenti uz poliolef\u012bna b\u0101zes, alif\u0101tiskie og\u013c\u016bde\u0146ra\u017ei<\/p>\n","protected":false},"excerpt":{"rendered":"<p>PRETIZSL\u012aD\u0112\u0160ANAS AEROSOLS DA\u017d\u0100D\u0100M TEHNIKAS SIKSN\u0100M \u012apa\u0161\u012bbas &#8211; Nov\u0113r\u0161 siksnu sl\u012bd\u0113\u0161anu. Iztur pilnu piedzi\u0146as jaudu. &#8211; Nov\u0113r\u0161 \u010d\u012bkst\u0113\u0161anu. &#8211; Ekonom\u0113 laiku siksnu sprieguma regul\u0113\u0161anai. &#8211; Paaugstina siksnas darba ilgumu. Pielieto\u0161ana &#8211; Piln\u012bgi jebkuriem siksnu tipi. &#8211; Apsmidzin\u0101t rot\u0113jo\u0161as siksnas iek\u0161pusi ar Florin R Spray apm\u0113ram 5 sekundes. &#8211; L\u012bdzekli neieelpot! &#8211; Ugunsnedro\u0161s! Tehniskais raksturojums Fizisk\u0101 forma:&#8230;<\/p>\n","protected":false},"featured_media":4725,"template":"","meta":[],"product_brand":[337],"product_cat":[353,377,389],"product_tag":[],"class_list":{"0":"post-4724","1":"product","2":"type-product","3":"status-publish","4":"has-post-thumbnail","6":"product_brand-flore-chemie","7":"product_cat-flore-chemie-produkti","8":"product_cat-industrija-rupnieciba-masinbuve-elektroiekartas","9":"product_cat-ipasie-tehnikas-aizsardzibas-un-kopsanas-lidzekli-rusas-skidinataji-izolatori-elektroiekartu-un-elektronikas-tiritaji-u-c","11":"first","12":"instock","13":"shipping-taxable","14":"purchasable","15":"product-type-variable","16":"has-default-attributes"},"_links":{"self":[{"href":"https:\/\/e-flore.store\/lv\/wp-json\/wp\/v2\/product\/4724","targetHints":{"allow":["GET"]}}],"collection":[{"href":"https:\/\/e-flore.store\/lv\/wp-json\/wp\/v2\/product"}],"about":[{"href":"https:\/\/e-flore.store\/lv\/wp-json\/wp\/v2\/types\/product"}],"wp:featuredmedia":[{"embeddable":true,"href":"https:\/\/e-flore.store\/lv\/wp-json\/wp\/v2\/media\/4725"}],"wp:attachment":[{"href":"https:\/\/e-flore.store\/lv\/wp-json\/wp\/v2\/media?parent=4724"}],"wp:term":[{"taxonomy":"product_brand","embeddable":true,"href":"https:\/\/e-flore.store\/lv\/wp-json\/wp\/v2\/product_brand?post=4724"},{"taxonomy":"product_cat","embeddable":true,"href":"https:\/\/e-flore.store\/lv\/wp-json\/wp\/v2\/product_cat?post=4724"},{"taxonomy":"product_tag","embeddable":true,"href":"https:\/\/e-flore.store\/lv\/wp-json\/wp\/v2\/product_tag?post=4724"}],"curies":[{"name":"wp","href":"https:\/\/api.w.org\/{rel}","templated":true}]}}