{"id":4728,"date":"2026-02-03T16:05:01","date_gmt":"2026-02-03T14:05:01","guid":{"rendered":"https:\/\/demo8.izveide.id.lv\/?post_type=product&#038;p=4728"},"modified":"2026-03-26T14:57:29","modified_gmt":"2026-03-26T12:57:29","slug":"flamil-50-super-schiffsreiniger-code-0426","status":"publish","type":"product","link":"https:\/\/e-flore.store\/lv\/produkts\/flamil-50-super-schiffsreiniger-code-0426\/","title":{"rendered":"Flamil 50 Super Schiffsreiniger (kods 0426)"},"content":{"rendered":"<p><img decoding=\"async\" alt=\"0426-PARENT\" class=\"alignnone size-full wp-image-452\" src=\"\/wp-content\/uploads\/2026\/01\/0426-PARENT_desc.jpg\" width=\"100%\" style=\"width: 100%; height: auto; display: block;\" srcset=\"https:\/\/e-flore.store\/wp-content\/uploads\/2026\/01\/0426-PARENT_desc.jpg 957w, https:\/\/e-flore.store\/wp-content\/uploads\/2026\/01\/0426-PARENT_desc-600x450.jpg 600w, https:\/\/e-flore.store\/wp-content\/uploads\/2026\/01\/0426-PARENT_desc-300x225.jpg 300w\" sizes=\"(max-width: 957px) 100vw, 957px\" \/><\/p>\n<div id=\"eflore-spacer-v55\" style=\"height: 0px; clear: both; width: 100%; display: block;\"><\/div>\n<p style=\"margin-bottom: 10px; margin-top: 30px;\"><strong>LAIVU &#8211; KU\u0122U T\u012aR\u012a\u0160ANAS L\u012aDZEKLIS<\/strong><\/p>\n<p style=\"margin-bottom: 10px; margin-top: 30px;\"><strong>\u012apa\u0161\u012bbas<\/strong><\/p>\n<p style=\"margin-bottom: 8px; margin-top: 0px; line-height: 1.6;\">&#8211; L\u012bdzeklis sp\u0113j\u012bgs t\u012br\u012bt pat vissare\u017e\u0123\u012bt\u0101k\u0101s pak\u0101pes net\u012brumus.<\/p>\n<p style=\"margin-bottom: 8px; margin-top: 0px; line-height: 1.6;\">&#8211; Vienk\u0101r\u0161s, jaud\u012bgs, dro\u0161s un uzticams lieto\u0161an\u0101.<\/p>\n<p style=\"margin-bottom: 8px; margin-top: 0px; line-height: 1.6;\">&#8211; Nav kod\u012bgs un kairino\u0161s.<\/p>\n<p style=\"margin-bottom: 10px; margin-top: 30px;\"><strong>Pielieto\u0161anas iesp\u0113jas<\/strong><\/p>\n<p style=\"margin-bottom: 8px; margin-top: 0px; line-height: 1.6;\">&#8211; Ku\u0123a kl\u0101ja, aug\u0161\u0113j\u0101 kl\u0101ja un korpusa visp\u0101r\u012bgai t\u012br\u012b\u0161anai.<\/p>\n<p style=\"margin-bottom: 8px; margin-top: 0px; line-height: 1.6;\">&#8211; Sodr\u0113ju, d\u016bmu sve\u0137u nos\u0113dumu t\u012br\u012b\u0161ana no kl\u0101jiem, met\u0101la, plastmasas un koka sien\u0101m, griestiem.<\/p>\n<p style=\"margin-bottom: 8px; margin-top: 0px; line-height: 1.6;\">&#8211; PVC materi\u0101la k\u0101p\u0146u un gr\u012bdu t\u012br\u012b\u0161ana.<\/p>\n<p style=\"margin-bottom: 8px; margin-top: 0px; line-height: 1.6;\">&#8211; Gumijas \u0161v\u012bku, p\u0113du (gumijas apavi) nospiedumu t\u012br\u012b\u0161ana no gr\u012bd\u0101m.<\/p>\n<p style=\"margin-bottom: 8px; margin-top: 0px; line-height: 1.6;\">&#8211; Durvju, koka sienu, kr\u0101sotu sienu t\u012br\u012b\u0161ana koridoros.<\/p>\n<p style=\"margin-bottom: 8px; margin-top: 0px; line-height: 1.6;\">&#8211; D\u016bmvadu t\u012br\u012b\u0161ana. Not\u012bra miner\u0101l\u0101s e\u013c\u013cas, taukus un kv\u0113pu paliekas.<\/p>\n<p style=\"margin-bottom: 8px; margin-top: 0px; line-height: 1.6;\">&#8211; Kamb\u012bzes t\u012br\u012b\u0161ana &#8211; visi met\u0101la virsmu segumi, fl\u012b\u017eu sienas un gr\u012bdas. Visas plastmasas virsmas.<\/p>\n<p style=\"margin-bottom: 8px; margin-top: 0px; line-height: 1.6;\">&#8211; Viegli not\u012bra dz\u012bvnieku tauku un olbaltumvielu atliekas no ner\u016bs\u0113jo\u0161\u0101 t\u0113rauda virsm\u0101m. \u012apa\u0161i efekt\u012bgs lieto\u0161anai virtuv\u0113s.<\/p>\n<p style=\"margin-bottom: 10px; margin-top: 30px;\"><strong>Pielieto\u0161ana<\/strong><\/p>\n<p style=\"margin-bottom: 8px; margin-top: 0px; line-height: 1.6;\">&#8211; Minim\u0101l\u0101 doz\u0101cija \u012bpa\u0161i ekstr\u0113mu net\u012brumu gad\u012bjum\u0101 \u00a0&#8211; \u00a01 : 10 izmantojot siltu vai aukstu \u016bdeni. Silts \u016bdens paaugstina l\u012bdzek\u013ca efektivit\u0101ti.<\/p>\n<p style=\"margin-bottom: 8px; margin-top: 0px; line-height: 1.6;\">&#8211; Gr\u012bdas un citas virsmas &#8211; 1 : 80 l\u012bdz 1 : 100.<\/p>\n<p style=\"margin-bottom: 8px; margin-top: 0px; line-height: 1.6;\">&#8211; Beidzot darbu t\u012br\u0101mo virsmu noskalot ar t\u012bru \u016bdeni.<\/p>\n<p style=\"margin-bottom: 8px; margin-top: 0px; line-height: 1.6;\">&#8211; Uzglab\u0101jot sarg\u0101t no sasal\u0161anas!<\/p>\n<p style=\"margin-bottom: 10px; margin-top: 30px;\"><strong>Tehniskais raksturojums<\/strong><\/p>\n<p style=\"margin-bottom: 8px; margin-top: 0px; line-height: 1.6;\"><strong>Fizisk\u0101 forma<\/strong>: \u00a0 \u00a0 \u00a0 \u00a0 \u00a0 \u00a0 \u00a0 \u0161\u0137idrums<\/p>\n<p style=\"margin-bottom: 8px; margin-top: 0px; line-height: 1.6;\"><strong>Bl\u012bvums (20 \u00b0C)<\/strong>: \u00a0 \u00a0 \u00a0 \u00a0 \u00a0 1.05 g \/ cm\u00b3<\/p>\n<p style=\"margin-bottom: 8px; margin-top: 0px; line-height: 1.6;\"><strong>pH l\u012bmenis<\/strong>: \u00a0 \u00a0 \u00a0 \u00a0 \u00a0 \u00a0 \u00a0 \u00a0 \u00a0 11.4<\/p>\n<p style=\"margin-bottom: 8px; margin-top: 0px; line-height: 1.6;\"><strong>pH l\u012bmenis (10%)<\/strong>: \u00a0 \u00a0 \u00a0 \u00a0 9 &#8211; 10<\/p>\n<p style=\"margin-bottom: 8px; margin-top: 0px; line-height: 1.6;\"><strong>V\u0101r\u012b\u0161an\u0101s diapazons<\/strong>:\u00a0 > 100 \u00b0C<\/p>\n<p style=\"margin-bottom: 8px; margin-top: 0px; line-height: 1.6;\"><strong>Sast\u0101vs<\/strong>: \u00a0 \u00a0 \u00a0 \u00a0 \u00a0 \u00a0 \u00a0 \u00a0 \u00a0 \u00a0 \u00a0 anjonu un nejonu virsmakt\u012bv\u0101s vielas, fosf\u0101ti, alkanolam\u012bns, kr\u0101svielas, konservanti<\/p>\n","protected":false},"excerpt":{"rendered":"<p>LAIVU &#8211; KU\u0122U T\u012aR\u012a\u0160ANAS L\u012aDZEKLIS \u012apa\u0161\u012bbas &#8211; L\u012bdzeklis sp\u0113j\u012bgs t\u012br\u012bt pat vissare\u017e\u0123\u012bt\u0101k\u0101s pak\u0101pes net\u012brumus. &#8211; Vienk\u0101r\u0161s, jaud\u012bgs, dro\u0161s un uzticams lieto\u0161an\u0101. &#8211; Nav kod\u012bgs un kairino\u0161s. Pielieto\u0161anas iesp\u0113jas &#8211; Ku\u0123a kl\u0101ja, aug\u0161\u0113j\u0101 kl\u0101ja un korpusa visp\u0101r\u012bgai t\u012br\u012b\u0161anai. &#8211; Sodr\u0113ju, d\u016bmu sve\u0137u nos\u0113dumu t\u012br\u012b\u0161ana no kl\u0101jiem, met\u0101la, plastmasas un koka sien\u0101m, griestiem. &#8211; PVC materi\u0101la k\u0101p\u0146u&#8230;<\/p>\n","protected":false},"featured_media":4729,"template":"","meta":[],"product_brand":[337],"product_cat":[353,383,377],"product_tag":[],"class_list":{"0":"post-4728","1":"product","2":"type-product","3":"status-publish","4":"has-post-thumbnail","6":"product_brand-flore-chemie","7":"product_cat-flore-chemie-produkti","8":"product_cat-specialie-produkti-laivam-un-kugiem","9":"product_cat-industrija-rupnieciba-masinbuve-elektroiekartas","11":"first","12":"instock","13":"shipping-taxable","14":"purchasable","15":"product-type-variable","16":"has-default-attributes"},"_links":{"self":[{"href":"https:\/\/e-flore.store\/lv\/wp-json\/wp\/v2\/product\/4728","targetHints":{"allow":["GET"]}}],"collection":[{"href":"https:\/\/e-flore.store\/lv\/wp-json\/wp\/v2\/product"}],"about":[{"href":"https:\/\/e-flore.store\/lv\/wp-json\/wp\/v2\/types\/product"}],"wp:featuredmedia":[{"embeddable":true,"href":"https:\/\/e-flore.store\/lv\/wp-json\/wp\/v2\/media\/4729"}],"wp:attachment":[{"href":"https:\/\/e-flore.store\/lv\/wp-json\/wp\/v2\/media?parent=4728"}],"wp:term":[{"taxonomy":"product_brand","embeddable":true,"href":"https:\/\/e-flore.store\/lv\/wp-json\/wp\/v2\/product_brand?post=4728"},{"taxonomy":"product_cat","embeddable":true,"href":"https:\/\/e-flore.store\/lv\/wp-json\/wp\/v2\/product_cat?post=4728"},{"taxonomy":"product_tag","embeddable":true,"href":"https:\/\/e-flore.store\/lv\/wp-json\/wp\/v2\/product_tag?post=4728"}],"curies":[{"name":"wp","href":"https:\/\/api.w.org\/{rel}","templated":true}]}}