{"id":4734,"date":"2026-02-03T16:05:02","date_gmt":"2026-02-03T14:05:02","guid":{"rendered":"https:\/\/demo8.izveide.id.lv\/?post_type=product&#038;p=4734"},"modified":"2026-03-26T14:57:21","modified_gmt":"2026-03-26T12:57:21","slug":"alk-alghe-remover-code-pr758","status":"publish","type":"product","link":"https:\/\/e-flore.store\/lv\/produkts\/alk-alghe-remover-code-pr758\/","title":{"rendered":"ALK ALGHE-REMOVER (kods PR758)"},"content":{"rendered":"<p><img decoding=\"async\" alt=\"PR758-PARENT\" class=\"alignnone size-full wp-image-298\" src=\"\/wp-content\/uploads\/2026\/01\/PR758-PARENT_desc.jpg\" width=\"100%\" style=\"width: 100%; height: auto; display: block;\" srcset=\"https:\/\/e-flore.store\/wp-content\/uploads\/2026\/01\/PR758-PARENT_desc.jpg 700w, https:\/\/e-flore.store\/wp-content\/uploads\/2026\/01\/PR758-PARENT_desc-600x253.jpg 600w, https:\/\/e-flore.store\/wp-content\/uploads\/2026\/01\/PR758-PARENT_desc-300x126.jpg 300w\" sizes=\"(max-width: 700px) 100vw, 700px\" \/><\/p>\n<div id=\"eflore-spacer-v55\" style=\"height: 0px; clear: both; width: 100%; display: block;\"><\/div>\n<p style=\"margin-bottom: 10px; margin-top: 30px;\"><strong>L\u012aDZEKLIS A\u013b\u0122U NO\u0145EM\u0160ANAI NO PELDL\u012aDZEK\u013bIEM<\/strong><\/p>\n<p style=\"margin-bottom: 10px; margin-top: 30px;\"><strong>\u012apa\u0161\u012bbas<\/strong><\/p>\n<p style=\"margin-bottom: 8px; margin-top: 0px; line-height: 1.6;\">Speci\u0101ls koncentr\u0113ts l\u012bdzeklis, kas paredz\u0113ts a\u013c\u0123u no\u0146em\u0161anai, kas veidojas uz peldl\u012bdzek\u013cu korpusa. Ide\u0101li piem\u0113rots peldl\u012bdzek\u013cu korpusu\u00a0zem\u016bdens da\u013cas\u00a0t\u012br\u012b\u0161anai un apkopei, kad peldl\u012bdzeklis novietots dokos.<\/p>\n<p style=\"margin-bottom: 10px; margin-top: 30px;\"><strong>Pielietojuma sf\u0113ra<\/strong><\/p>\n<p style=\"margin-bottom: 8px; margin-top: 0px; line-height: 1.6;\">J\u016bras sektors<\/p>\n<p style=\"margin-bottom: 10px; margin-top: 30px;\"><strong>Lieto\u0161anas instrukcija<\/strong><\/p>\n<p style=\"margin-bottom: 8px; margin-top: 0px; line-height: 1.6;\">Izmantot produktu neat\u0161\u0137aid\u012btu vai k\u0101 50% \u016bdens \u0161\u0137\u012bdumu. Uzkl\u0101t uz peldl\u012bdzek\u013ca korpusa, notur\u0113t 10-15 min\u016btes, p\u0113c tam noskalot ar \u016bdeni (v\u0113lams, izmantojot augstspiediena iek\u0101rtu).<\/p>\n<p style=\"margin-bottom: 10px; margin-top: 30px;\"><strong>\u0136\u012bmisk\u0101s un fizik\u0101l\u0101s \u012bpa\u0161\u012bbas<\/strong><\/p>\n<p style=\"margin-bottom: 8px; margin-top: 0px; line-height: 1.6;\"><strong>\u0100r\u0113j\u0101s paz\u012bmes<\/strong>: dzidrs \u0161\u0137idrums<\/p>\n<p style=\"margin-bottom: 8px; margin-top: 0px; line-height: 1.6;\"><strong>Kr\u0101sa<\/strong>: dzelten\u012bga<\/p>\n<p style=\"margin-bottom: 8px; margin-top: 0px; line-height: 1.6;\"><strong>Smar\u017ea<\/strong>: rakstur\u012bgs hlors<\/p>\n<p style=\"margin-bottom: 8px; margin-top: 0px; line-height: 1.6;\"><strong>Bl\u012bvums<\/strong>: 1,220 +\/- 0,02 g \/ ml 20 \u00b0C temperat\u016br\u0101<\/p>\n<p style=\"margin-bottom: 8px; margin-top: 0px; line-height: 1.6;\"><strong>pH<\/strong>: 11 +\/- 0,05<\/p>\n<p style=\"margin-bottom: 8px; margin-top: 0px; line-height: 1.6;\"><strong>Br\u012bdin\u0101jumi!<\/strong> Izvair\u012bties no saskares ar sk\u0101b\u0113m, halogen\u0113t\u0101m viel\u0101m, alum\u012bniju un vieglajiem sakaus\u0113jumiem. Pirms lieto\u0161anas uzman\u012bgi izlas\u012bt dro\u0161\u012bbas datu lapu.<\/p>\n","protected":false},"excerpt":{"rendered":"<p>L\u012aDZEKLIS A\u013b\u0122U NO\u0145EM\u0160ANAI NO PELDL\u012aDZEK\u013bIEM \u012apa\u0161\u012bbas Speci\u0101ls koncentr\u0113ts l\u012bdzeklis, kas paredz\u0113ts a\u013c\u0123u no\u0146em\u0161anai, kas veidojas uz peldl\u012bdzek\u013cu korpusa. Ide\u0101li piem\u0113rots peldl\u012bdzek\u013cu korpusu\u00a0zem\u016bdens da\u013cas\u00a0t\u012br\u012b\u0161anai un apkopei, kad peldl\u012bdzeklis novietots dokos. Pielietojuma sf\u0113ra J\u016bras sektors Lieto\u0161anas instrukcija Izmantot produktu neat\u0161\u0137aid\u012btu vai k\u0101 50% \u016bdens \u0161\u0137\u012bdumu. Uzkl\u0101t uz peldl\u012bdzek\u013ca korpusa, notur\u0113t 10-15 min\u016btes, p\u0113c tam noskalot ar \u016bdeni&#8230;<\/p>\n","protected":false},"featured_media":4735,"template":"","meta":[],"product_brand":[337],"product_cat":[353,383,377],"product_tag":[],"class_list":{"0":"post-4734","1":"product","2":"type-product","3":"status-publish","4":"has-post-thumbnail","6":"product_brand-flore-chemie","7":"product_cat-flore-chemie-produkti","8":"product_cat-specialie-produkti-laivam-un-kugiem","9":"product_cat-industrija-rupnieciba-masinbuve-elektroiekartas","11":"first","12":"instock","13":"shipping-taxable","14":"purchasable","15":"product-type-variable","16":"has-default-attributes"},"_links":{"self":[{"href":"https:\/\/e-flore.store\/lv\/wp-json\/wp\/v2\/product\/4734","targetHints":{"allow":["GET"]}}],"collection":[{"href":"https:\/\/e-flore.store\/lv\/wp-json\/wp\/v2\/product"}],"about":[{"href":"https:\/\/e-flore.store\/lv\/wp-json\/wp\/v2\/types\/product"}],"wp:featuredmedia":[{"embeddable":true,"href":"https:\/\/e-flore.store\/lv\/wp-json\/wp\/v2\/media\/4735"}],"wp:attachment":[{"href":"https:\/\/e-flore.store\/lv\/wp-json\/wp\/v2\/media?parent=4734"}],"wp:term":[{"taxonomy":"product_brand","embeddable":true,"href":"https:\/\/e-flore.store\/lv\/wp-json\/wp\/v2\/product_brand?post=4734"},{"taxonomy":"product_cat","embeddable":true,"href":"https:\/\/e-flore.store\/lv\/wp-json\/wp\/v2\/product_cat?post=4734"},{"taxonomy":"product_tag","embeddable":true,"href":"https:\/\/e-flore.store\/lv\/wp-json\/wp\/v2\/product_tag?post=4734"}],"curies":[{"name":"wp","href":"https:\/\/api.w.org\/{rel}","templated":true}]}}