{"id":4742,"date":"2026-02-03T16:05:03","date_gmt":"2026-02-03T14:05:03","guid":{"rendered":"https:\/\/demo8.izveide.id.lv\/?post_type=product&#038;p=4742"},"modified":"2026-03-26T14:57:17","modified_gmt":"2026-03-26T12:57:17","slug":"florin-teflon-spray-code-0145","status":"publish","type":"product","link":"https:\/\/e-flore.store\/lv\/produkts\/florin-teflon-spray-code-0145\/","title":{"rendered":"Florin Teflon Spray (kods 0145)"},"content":{"rendered":"<p><img decoding=\"async\" alt=\"0145-PARENT\" class=\"alignnone size-full wp-image-400\" src=\"\/wp-content\/uploads\/2026\/01\/0145-PARENT_desc.jpg\" width=\"100%\" style=\"width: 100%; height: auto; display: block;\" srcset=\"https:\/\/e-flore.store\/wp-content\/uploads\/2026\/01\/0145-PARENT_desc.jpg 958w, https:\/\/e-flore.store\/wp-content\/uploads\/2026\/01\/0145-PARENT_desc-600x384.jpg 600w, https:\/\/e-flore.store\/wp-content\/uploads\/2026\/01\/0145-PARENT_desc-300x192.jpg 300w\" sizes=\"(max-width: 958px) 100vw, 958px\" \/><\/p>\n<div id=\"eflore-spacer-v55\" style=\"height: 0px; clear: both; width: 100%; display: block;\"><\/div>\n<p style=\"margin-bottom: 10px; margin-top: 30px;\"><strong>SPECI\u0100L\u0100 TEFLONA SM\u0112RVIELA AR ATDALO\u0160\u0100M \u012aPA\u0160\u012aB\u0100M<\/strong><\/p>\n<p style=\"margin-bottom: 10px; margin-top: 30px;\"><strong>Pielieto\u0161anas iesp\u0113jas<\/strong><\/p>\n<p style=\"margin-bottom: 8px; margin-top: 0px; line-height: 1.6;\">&#8211; Lod\u012b\u0161u gult\u0146i.<\/p>\n<p style=\"margin-bottom: 8px; margin-top: 0px; line-height: 1.6;\">&#8211; Sint\u0113tisko materi\u0101lu bukses.<\/p>\n<p style=\"margin-bottom: 8px; margin-top: 0px; line-height: 1.6;\">&#8211; \u0136\u0113\u017eu pievadi, smalk\u0101s troses, tauvas.<\/p>\n<p style=\"margin-bottom: 8px; margin-top: 0px; line-height: 1.6;\">&#8211; Da\u017e\u0101du materi\u0101lu kabe\u013ci.<\/p>\n<p style=\"margin-bottom: 8px; margin-top: 0px; line-height: 1.6;\">&#8211; Kompresoru \u0161arn\u012bri.<\/p>\n<p style=\"margin-bottom: 8px; margin-top: 0px; line-height: 1.6;\">&#8211; S\u012bkie meh\u0101nismi.<\/p>\n<p style=\"margin-bottom: 8px; margin-top: 0px; line-height: 1.6;\">&#8211; Pres\u0113jo\u0161\u0101s velm\u0113\u0161anas meh\u0101nismi.<\/p>\n<p style=\"margin-bottom: 8px; margin-top: 0px; line-height: 1.6;\">&#8211; Elektrotehnisk\u0101s r\u016bpniec\u012bbas mont\u0101\u017eas pane\u013ci u.c.<\/p>\n<p style=\"margin-bottom: 10px; margin-top: 30px;\"><strong>Pielieto\u0161anas veidi un uzglab\u0101\u0161ana<\/strong><\/p>\n<p style=\"margin-bottom: 8px; margin-top: 0px; line-height: 1.6;\">&#8211; L\u012bdzek\u013ca intens\u012bvas pielieto\u0161anas gad\u012bjumos r\u016bp\u0113ties par labu ventil\u0101ciju.<\/p>\n<p style=\"margin-bottom: 8px; margin-top: 0px; line-height: 1.6;\">&#8211; Izsmidzin\u0101\u0161anas laik\u0101 neieelpot radu\u0161os tvaikus un nesm\u0113\u0137\u0113t lietojot l\u012bdzekli..<\/p>\n<p style=\"margin-bottom: 8px; margin-top: 0px; line-height: 1.6;\">&#8211; P\u0113c l\u012bdzek\u013ca pielieto\u0161anas r\u016bp\u012bgi nomazg\u0101t rokas.<\/p>\n<p style=\"margin-bottom: 8px; margin-top: 0px; line-height: 1.6;\">&#8211; Pirms lieto\u0161anas labi sakrat\u012bt baloni\u0146u!<\/p>\n<p style=\"margin-bottom: 8px; margin-top: 0px; line-height: 1.6;\">&#8211; Uzman\u012bgi darb\u0101 ar lakot\u0101m virsm\u0101m!<\/p>\n<p style=\"margin-bottom: 10px; margin-top: 30px;\"><strong>Tehniskais raksturojums<\/strong><\/p>\n<p style=\"margin-bottom: 8px; margin-top: 0px; line-height: 1.6;\">L\u012bdzeklis satur g\u0101zi &#8211; frig\u0113nu, kas ir ugunsdro\u0161a un neizraisa kairin\u0101jumu, k\u0101 ar\u012b nav toksiska.<\/p>\n","protected":false},"excerpt":{"rendered":"<p>SPECI\u0100L\u0100 TEFLONA SM\u0112RVIELA AR ATDALO\u0160\u0100M \u012aPA\u0160\u012aB\u0100M Pielieto\u0161anas iesp\u0113jas &#8211; Lod\u012b\u0161u gult\u0146i. &#8211; Sint\u0113tisko materi\u0101lu bukses. &#8211; \u0136\u0113\u017eu pievadi, smalk\u0101s troses, tauvas. &#8211; Da\u017e\u0101du materi\u0101lu kabe\u013ci. &#8211; Kompresoru \u0161arn\u012bri. &#8211; S\u012bkie meh\u0101nismi. &#8211; Pres\u0113jo\u0161\u0101s velm\u0113\u0161anas meh\u0101nismi. &#8211; Elektrotehnisk\u0101s r\u016bpniec\u012bbas mont\u0101\u017eas pane\u013ci u.c. Pielieto\u0161anas veidi un uzglab\u0101\u0161ana &#8211; L\u012bdzek\u013ca intens\u012bvas pielieto\u0161anas gad\u012bjumos r\u016bp\u0113ties par labu ventil\u0101ciju. &#8211;&#8230;<\/p>\n","protected":false},"featured_media":4743,"template":"","meta":[],"product_brand":[337],"product_cat":[353,395,392],"product_tag":[],"class_list":{"0":"post-4742","1":"product","2":"type-product","3":"status-publish","4":"has-post-thumbnail","6":"product_brand-flore-chemie","7":"product_cat-flore-chemie-produkti","8":"product_cat-ellojosas-attirosas-ellas-un-paligvielas","9":"product_cat-specigas-iedarbibas-tirisanas-un-ellosanas-lidzekli","11":"first","12":"instock","13":"shipping-taxable","14":"purchasable","15":"product-type-variable","16":"has-default-attributes"},"_links":{"self":[{"href":"https:\/\/e-flore.store\/lv\/wp-json\/wp\/v2\/product\/4742","targetHints":{"allow":["GET"]}}],"collection":[{"href":"https:\/\/e-flore.store\/lv\/wp-json\/wp\/v2\/product"}],"about":[{"href":"https:\/\/e-flore.store\/lv\/wp-json\/wp\/v2\/types\/product"}],"wp:featuredmedia":[{"embeddable":true,"href":"https:\/\/e-flore.store\/lv\/wp-json\/wp\/v2\/media\/4743"}],"wp:attachment":[{"href":"https:\/\/e-flore.store\/lv\/wp-json\/wp\/v2\/media?parent=4742"}],"wp:term":[{"taxonomy":"product_brand","embeddable":true,"href":"https:\/\/e-flore.store\/lv\/wp-json\/wp\/v2\/product_brand?post=4742"},{"taxonomy":"product_cat","embeddable":true,"href":"https:\/\/e-flore.store\/lv\/wp-json\/wp\/v2\/product_cat?post=4742"},{"taxonomy":"product_tag","embeddable":true,"href":"https:\/\/e-flore.store\/lv\/wp-json\/wp\/v2\/product_tag?post=4742"}],"curies":[{"name":"wp","href":"https:\/\/api.w.org\/{rel}","templated":true}]}}