{"id":4746,"date":"2026-02-03T16:05:03","date_gmt":"2026-02-03T14:05:03","guid":{"rendered":"https:\/\/demo8.izveide.id.lv\/?post_type=product&#038;p=4746"},"modified":"2026-02-19T15:12:57","modified_gmt":"2026-02-19T13:12:57","slug":"alk1469-lk","status":"publish","type":"product","link":"https:\/\/e-flore.store\/lv\/produkts\/alk1469-lk\/","title":{"rendered":"ALK1469 LK"},"content":{"rendered":"<p><img decoding=\"async\" class=\"alignnone size-full wp-image-2128\" style=\"width: 100%; height: auto; display: block;\" src=\"\/wp-content\/uploads\/2026\/01\/ALK1469-LK-PARENT_desc.jpg\" alt=\"ALK1469 LK-PARENT\" width=\"100%\" srcset=\"https:\/\/e-flore.store\/wp-content\/uploads\/2026\/01\/ALK1469-LK-PARENT_desc.jpg 1000w, https:\/\/e-flore.store\/wp-content\/uploads\/2026\/01\/ALK1469-LK-PARENT_desc-600x400.jpg 600w, https:\/\/e-flore.store\/wp-content\/uploads\/2026\/01\/ALK1469-LK-PARENT_desc-300x200.jpg 300w\" sizes=\"(max-width: 1000px) 100vw, 1000px\" \/><\/p>\n<div id=\"eflore-spacer-v55\" style=\"height: 0px; clear: both; width: 100%; display: block;\"><\/div>\n<p style=\"margin-bottom: 10px; margin-top: 30px;\"><strong>HALLEN- UND GRUBENREINIGER<\/strong><\/p>\n<p style=\"margin-bottom: 10px; margin-top: 30px;\"><strong>Produkt beschreibung<\/strong><\/p>\n<p style=\"margin-bottom: 8px; margin-top: 0px; line-height: 1.6;\">&#8220;ALK1469 LK&#8221; ist eine hochkonzentriertes und hervorragendes Reinigungsmittel f\u00fcr die Beseitigung von \u00d6le, Fette und starke Schmutzablagerungen aller Art.<\/p>\n<p style=\"margin-bottom: 10px; margin-top: 30px;\"><strong>Verarbeitung<\/strong><\/p>\n<p style=\"margin-bottom: 8px; margin-top: 0px; line-height: 1.6;\">&#8220;ALK1469 LK&#8221;\u00a0wird in einer Anwendungskonzentration von 1,5 &#8211; 10% f\u00fcr die Reinigung von Hallen- und Werkstattb\u00f6den eingesetzt. Den Reiniger auf die zu reinigende Fl\u00e4che in dem gew\u00fcnschten Anwendungsverh\u00e4ltnis, je nach Verschmutzungsgrad aufbringen und kurze Zeit einwirken lassen, aufnehmen und eventuell mit klarem Wasser nachsp\u00fclen.\u00a0&#8220;ALK1469 LK&#8221;\u00a0trocknet schnell auf und verbreitet einen sauberen und angenehmen Duft in den Hallen.<\/p>\n<p style=\"margin-bottom: 10px; margin-top: 30px;\"><strong>Hinweise<\/strong><\/p>\n<p style=\"margin-bottom: 8px; margin-top: 0px; line-height: 1.6;\">Sicherheitsdatenblatt beachten!<\/p>\n<p style=\"margin-bottom: 8px; margin-top: 0px; line-height: 1.6;\"><strong>pH (konz.)<\/strong>: 13<\/p>\n","protected":false},"excerpt":{"rendered":"<p>HALLEN- UND GRUBENREINIGER Produkt beschreibung &#8220;ALK1469 LK&#8221; ist eine hochkonzentriertes und hervorragendes Reinigungsmittel f\u00fcr die Beseitigung von \u00d6le, Fette und starke Schmutzablagerungen aller Art. Verarbeitung &#8220;ALK1469 LK&#8221;\u00a0wird in einer Anwendungskonzentration von 1,5 &#8211; 10% f\u00fcr die Reinigung von Hallen- und Werkstattb\u00f6den eingesetzt. Den Reiniger auf die zu reinigende Fl\u00e4che in dem gew\u00fcnschten Anwendungsverh\u00e4ltnis, je nach&#8230;<\/p>\n","protected":false},"featured_media":7112,"template":"","meta":[],"product_brand":[337],"product_cat":[417,420,414],"product_tag":[],"class_list":{"0":"post-4746","1":"product","2":"type-product","3":"status-publish","4":"has-post-thumbnail","6":"product_brand-flore-chemie","7":"product_cat-industrija","8":"product_cat-tirisana-un-attaukosana","9":"product_cat-chemie-spezial-produkti","11":"first","12":"instock","13":"shipping-taxable","14":"purchasable","15":"product-type-variable","16":"has-default-attributes"},"_links":{"self":[{"href":"https:\/\/e-flore.store\/lv\/wp-json\/wp\/v2\/product\/4746","targetHints":{"allow":["GET"]}}],"collection":[{"href":"https:\/\/e-flore.store\/lv\/wp-json\/wp\/v2\/product"}],"about":[{"href":"https:\/\/e-flore.store\/lv\/wp-json\/wp\/v2\/types\/product"}],"wp:featuredmedia":[{"embeddable":true,"href":"https:\/\/e-flore.store\/lv\/wp-json\/wp\/v2\/media\/7112"}],"wp:attachment":[{"href":"https:\/\/e-flore.store\/lv\/wp-json\/wp\/v2\/media?parent=4746"}],"wp:term":[{"taxonomy":"product_brand","embeddable":true,"href":"https:\/\/e-flore.store\/lv\/wp-json\/wp\/v2\/product_brand?post=4746"},{"taxonomy":"product_cat","embeddable":true,"href":"https:\/\/e-flore.store\/lv\/wp-json\/wp\/v2\/product_cat?post=4746"},{"taxonomy":"product_tag","embeddable":true,"href":"https:\/\/e-flore.store\/lv\/wp-json\/wp\/v2\/product_tag?post=4746"}],"curies":[{"name":"wp","href":"https:\/\/api.w.org\/{rel}","templated":true}]}}