{"id":4751,"date":"2026-02-03T16:05:04","date_gmt":"2026-02-03T14:05:04","guid":{"rendered":"https:\/\/demo8.izveide.id.lv\/?post_type=product&#038;p=4751"},"modified":"2026-02-19T15:18:40","modified_gmt":"2026-02-19T13:18:40","slug":"neu051-lk","status":"publish","type":"product","link":"https:\/\/e-flore.store\/lv\/produkts\/neu051-lk\/","title":{"rendered":"NEU051 LK"},"content":{"rendered":"<p><img decoding=\"async\" class=\"alignnone size-full wp-image-2127\" style=\"width: 100%; height: auto; display: block;\" src=\"\/wp-content\/uploads\/2026\/01\/NEU051-LK-PARENT_desc.jpg\" alt=\"NEU051 LK-PARENT\" width=\"100%\" srcset=\"https:\/\/e-flore.store\/wp-content\/uploads\/2026\/01\/NEU051-LK-PARENT_desc.jpg 640w, https:\/\/e-flore.store\/wp-content\/uploads\/2026\/01\/NEU051-LK-PARENT_desc-600x328.jpg 600w, https:\/\/e-flore.store\/wp-content\/uploads\/2026\/01\/NEU051-LK-PARENT_desc-300x164.jpg 300w\" sizes=\"(max-width: 640px) 100vw, 640px\" \/><\/p>\n<div id=\"eflore-spacer-v55\" style=\"height: 0px; clear: both; width: 100%; display: block;\"><\/div>\n<p style=\"margin-bottom: 10px; margin-top: 30px;\"><strong>SCHNELLTRENNENDER INDUSTRIEREINIGER<\/strong><\/p>\n<p style=\"margin-bottom: 10px; margin-top: 30px;\"><strong>Produkt beschreibung:<\/strong><\/p>\n<p style=\"margin-bottom: 8px; margin-top: 0px; line-height: 1.6;\">Industriereinigungsprodukte, die speziell zur Entfernung von Fetten oder \u00d6len von Motoren, Karosserien, Planen, Fahrgestellen, Werkstatt- und Hallenb\u00f6den, Tanks, Rohrleitungen, Blechen u.a. verwendet werden, d\u00fcrfen nicht unbehandelt in die Abw\u00e4sser gelangen. Die Reinigungsl\u00f6sung muss in einem \u00d6labscheider aufgefangen werden.<\/p>\n<p style=\"margin-bottom: 8px; margin-top: 0px; line-height: 1.6;\">Hierbei trennt &#8220;NEU051 LK&#8221; die aufgenommenen Fett- und \u00d6lverschmutzungen leicht ab. Die Funktionalit\u00e4t und Effektivit\u00e4t des Abscheiders bleibt bei einem maximalen Reinigungsmittelanteil von 2% im vollem Umfang erhalten.<\/p>\n<p style=\"margin-bottom: 10px; margin-top: 30px;\"><strong>Verarbeitung:<\/strong><\/p>\n<p style=\"margin-bottom: 8px; margin-top: 0px; line-height: 1.6;\">&#8220;NEU051 LK&#8221;\u00a0kann im Hoch- oder Niederdruckverfahren kalt auf die verschmutzten Fl\u00e4chen aufgespritzt oder manuell aufgebracht werden. Nach kurzer Einwirkzeit mit klarem Wasser nachwaschen.<\/p>\n<p style=\"margin-bottom: 8px; margin-top: 0px; line-height: 1.6;\">Je nach Verschmutzungsgrad 1:5 &#8211; 1:50 mit Wasser verd\u00fcnnen.<\/p>\n<p style=\"margin-bottom: 8px; margin-top: 0px; line-height: 1.6;\">F\u00fcr die Verarbeitung in Reinigungsautomaten geeignet.<\/p>\n<p style=\"margin-bottom: 10px; margin-top: 30px;\"><strong>Hinweise:<\/strong><\/p>\n<p style=\"margin-bottom: 8px; margin-top: 0px; line-height: 1.6;\">&#8220;NEU051 LK&#8221;\u00a0ist kein Kaltreiniger im herk\u00f6mmlichen Sinn. Das Produkt ist frei von chlorierten Kohlenwasserstoffen, Paraffin- oder Mineral\u00f6len. Die enthaltenen Tenside entsprechen in ihrer Abbaubarkeit den Anforderungen des Deutschen Waschmittelgesetzes.<\/p>\n<p style=\"margin-bottom: 8px; margin-top: 0px; line-height: 1.6;\">&#8220;NEU051 LK&#8221;\u00a0unterliegt keiner Kennzeichnungspflicht und ist im Sinn der Gefahrstoffverordnung kein gef\u00e4hrlicher Arbeitsstoff.<\/p>\n<p style=\"margin-bottom: 10px; margin-top: 30px;\"><strong>pH (konz.):\u00a0<\/strong>7<\/p>\n","protected":false},"excerpt":{"rendered":"<p>SCHNELLTRENNENDER INDUSTRIEREINIGER Produkt beschreibung: Industriereinigungsprodukte, die speziell zur Entfernung von Fetten oder \u00d6len von Motoren, Karosserien, Planen, Fahrgestellen, Werkstatt- und Hallenb\u00f6den, Tanks, Rohrleitungen, Blechen u.a. verwendet werden, d\u00fcrfen nicht unbehandelt in die Abw\u00e4sser gelangen. Die Reinigungsl\u00f6sung muss in einem \u00d6labscheider aufgefangen werden. Hierbei trennt &#8220;NEU051 LK&#8221; die aufgenommenen Fett- und \u00d6lverschmutzungen leicht ab. Die Funktionalit\u00e4t&#8230;<\/p>\n","protected":false},"featured_media":7103,"template":"","meta":[],"product_brand":[337],"product_cat":[420,417,414],"product_tag":[],"class_list":{"0":"post-4751","1":"product","2":"type-product","3":"status-publish","4":"has-post-thumbnail","6":"product_brand-flore-chemie","7":"product_cat-tirisana-un-attaukosana","8":"product_cat-industrija","9":"product_cat-chemie-spezial-produkti","11":"first","12":"instock","13":"shipping-taxable","14":"purchasable","15":"product-type-variable","16":"has-default-attributes"},"_links":{"self":[{"href":"https:\/\/e-flore.store\/lv\/wp-json\/wp\/v2\/product\/4751","targetHints":{"allow":["GET"]}}],"collection":[{"href":"https:\/\/e-flore.store\/lv\/wp-json\/wp\/v2\/product"}],"about":[{"href":"https:\/\/e-flore.store\/lv\/wp-json\/wp\/v2\/types\/product"}],"wp:featuredmedia":[{"embeddable":true,"href":"https:\/\/e-flore.store\/lv\/wp-json\/wp\/v2\/media\/7103"}],"wp:attachment":[{"href":"https:\/\/e-flore.store\/lv\/wp-json\/wp\/v2\/media?parent=4751"}],"wp:term":[{"taxonomy":"product_brand","embeddable":true,"href":"https:\/\/e-flore.store\/lv\/wp-json\/wp\/v2\/product_brand?post=4751"},{"taxonomy":"product_cat","embeddable":true,"href":"https:\/\/e-flore.store\/lv\/wp-json\/wp\/v2\/product_cat?post=4751"},{"taxonomy":"product_tag","embeddable":true,"href":"https:\/\/e-flore.store\/lv\/wp-json\/wp\/v2\/product_tag?post=4751"}],"curies":[{"name":"wp","href":"https:\/\/api.w.org\/{rel}","templated":true}]}}