{"id":4756,"date":"2026-02-03T16:05:07","date_gmt":"2026-02-03T14:05:07","guid":{"rendered":"https:\/\/demo8.izveide.id.lv\/?post_type=product&#038;p=4756"},"modified":"2026-02-19T15:19:23","modified_gmt":"2026-02-19T13:19:23","slug":"alk1487-lk","status":"publish","type":"product","link":"https:\/\/e-flore.store\/lv\/produkts\/alk1487-lk\/","title":{"rendered":"ALK1487 LK"},"content":{"rendered":"<p><img decoding=\"async\" class=\"alignnone size-full wp-image-2126\" style=\"width: 100%; height: auto; display: block;\" src=\"\/wp-content\/uploads\/2026\/01\/ALK1487-LK-PARENT_desc.jpg\" alt=\"ALK1487 LK-PARENT\" width=\"100%\" srcset=\"https:\/\/e-flore.store\/wp-content\/uploads\/2026\/01\/ALK1487-LK-PARENT_desc.jpg 2048w, https:\/\/e-flore.store\/wp-content\/uploads\/2026\/01\/ALK1487-LK-PARENT_desc-600x400.jpg 600w, https:\/\/e-flore.store\/wp-content\/uploads\/2026\/01\/ALK1487-LK-PARENT_desc-300x200.jpg 300w, https:\/\/e-flore.store\/wp-content\/uploads\/2026\/01\/ALK1487-LK-PARENT_desc-1024x683.jpg 1024w\" sizes=\"(max-width: 2048px) 100vw, 2048px\" \/><\/p>\n<div id=\"eflore-spacer-v55\" style=\"height: 0px; clear: both; width: 100%; display: block;\"><\/div>\n<p style=\"margin-bottom: 10px; margin-top: 30px;\"><strong>DAS STARKE REINIGUNGSMITTEL MIT DEN VIELEN ANWENDUNGSM<\/strong>\u00d6<strong>GLICHKEITEN<\/strong><\/p>\n<p style=\"margin-bottom: 10px; margin-top: 30px;\"><strong>Produkt beschreibung:<\/strong><\/p>\n<p style=\"margin-bottom: 8px; margin-top: 0px; line-height: 1.6;\">&#8220;ALK1487 LK&#8221; steht anwendungstechnisch zwischen einem Allzweck- und Grundreiniger. Je nach Dosierung kann dieses Produkt f\u00fcr beide Bereiche eingesetzt werden. Es ist als Allzweckreiniger in K\u00fcchen, Sanit\u00e4rbereichen, auf Glas, Kunststoffen etc. und als Grundreiniger f\u00fcr die Entfernung von Wachs-, \u00d6l- und Fettablagerungen einsetzbar. F\u00fcr die Industriereinigung kann\u00a0&#8220;ALK1487 LK&#8221;\u00a0bedenkenlos auf Maschinen, Blechen, Metallteilen und Werkzeugen angewendet werden.<\/p>\n<p style=\"margin-bottom: 8px; margin-top: 0px; line-height: 1.6;\">&#8220;ALK1487 LK&#8221;\u00a0enth\u00e4lt Tenside und L\u00f6sungsvermittler die, nach OECD-Methode, in ihrer Abbaubarkeit die Anforderungen des deutschen Waschmittelgesetzes erf\u00fcllen.<\/p>\n<p style=\"margin-bottom: 10px; margin-top: 30px;\"><strong>Verarbeitung:<\/strong><\/p>\n<p style=\"margin-bottom: 8px; margin-top: 0px; line-height: 1.6;\">&#8220;ALK1487 LK&#8221;\u00a0wird als Allzweckreiniger 1:20 &#8211; 1:50 mit Wasser verd\u00fcnnt. Bei der Grundreinigung\u00a0&#8220;ALK1487 LK&#8221;\u00a01:1 &#8211; 1:10 verd\u00fcnnen und auf die Verschmutzungen ca. 1 Minuten einwirken lassen.<\/p>\n<p style=\"margin-bottom: 10px; margin-top: 30px;\"><strong>Hinweise:<\/strong><\/p>\n<p style=\"margin-bottom: 8px; margin-top: 0px; line-height: 1.6;\">Obwohl\u00a0&#8220;ALK1487 LK&#8221;\u00a0materialschonend ist, sollte an verdeckter Stelle ein Probeauftrag durchgef\u00fchrt werden. Bei empfindlichen Personen k\u00f6nnen leicht Hautreizungen auftreten, welche durch Tragen von Gummihandschuhen verhindert werden k\u00f6nnen.<\/p>\n<p style=\"margin-bottom: 10px; margin-top: 30px;\"><strong>pH (konz.):\u00a0<\/strong>8 &#8211; 10<\/p>\n","protected":false},"excerpt":{"rendered":"<p>DAS STARKE REINIGUNGSMITTEL MIT DEN VIELEN ANWENDUNGSM\u00d6GLICHKEITEN Produkt beschreibung: &#8220;ALK1487 LK&#8221; steht anwendungstechnisch zwischen einem Allzweck- und Grundreiniger. Je nach Dosierung kann dieses Produkt f\u00fcr beide Bereiche eingesetzt werden. Es ist als Allzweckreiniger in K\u00fcchen, Sanit\u00e4rbereichen, auf Glas, Kunststoffen etc. und als Grundreiniger f\u00fcr die Entfernung von Wachs-, \u00d6l- und Fettablagerungen einsetzbar. F\u00fcr die Industriereinigung&#8230;<\/p>\n","protected":false},"featured_media":7115,"template":"","meta":[],"product_brand":[337],"product_cat":[417,420,414],"product_tag":[],"class_list":{"0":"post-4756","1":"product","2":"type-product","3":"status-publish","4":"has-post-thumbnail","6":"product_brand-flore-chemie","7":"product_cat-industrija","8":"product_cat-tirisana-un-attaukosana","9":"product_cat-chemie-spezial-produkti","11":"first","12":"instock","13":"shipping-taxable","14":"purchasable","15":"product-type-variable","16":"has-default-attributes"},"_links":{"self":[{"href":"https:\/\/e-flore.store\/lv\/wp-json\/wp\/v2\/product\/4756","targetHints":{"allow":["GET"]}}],"collection":[{"href":"https:\/\/e-flore.store\/lv\/wp-json\/wp\/v2\/product"}],"about":[{"href":"https:\/\/e-flore.store\/lv\/wp-json\/wp\/v2\/types\/product"}],"wp:featuredmedia":[{"embeddable":true,"href":"https:\/\/e-flore.store\/lv\/wp-json\/wp\/v2\/media\/7115"}],"wp:attachment":[{"href":"https:\/\/e-flore.store\/lv\/wp-json\/wp\/v2\/media?parent=4756"}],"wp:term":[{"taxonomy":"product_brand","embeddable":true,"href":"https:\/\/e-flore.store\/lv\/wp-json\/wp\/v2\/product_brand?post=4756"},{"taxonomy":"product_cat","embeddable":true,"href":"https:\/\/e-flore.store\/lv\/wp-json\/wp\/v2\/product_cat?post=4756"},{"taxonomy":"product_tag","embeddable":true,"href":"https:\/\/e-flore.store\/lv\/wp-json\/wp\/v2\/product_tag?post=4756"}],"curies":[{"name":"wp","href":"https:\/\/api.w.org\/{rel}","templated":true}]}}