{"id":4773,"date":"2026-02-03T16:05:09","date_gmt":"2026-02-03T14:05:09","guid":{"rendered":"https:\/\/demo8.izveide.id.lv\/?post_type=product&#038;p=4773"},"modified":"2026-02-19T14:52:36","modified_gmt":"2026-02-19T12:52:36","slug":"col1023-cn","status":"publish","type":"product","link":"https:\/\/e-flore.store\/lv\/produkts\/col1023-cn\/","title":{"rendered":"COL1023 CN"},"content":{"rendered":"<p><img decoding=\"async\" class=\"alignnone size-full wp-image-2123\" style=\"width: 100%; height: auto; display: block;\" src=\"\/wp-content\/uploads\/2026\/01\/COL1023-CN-PARENT_desc.jpg\" alt=\"COL1023 CN-PARENT\" width=\"100%\" srcset=\"https:\/\/e-flore.store\/wp-content\/uploads\/2026\/01\/COL1023-CN-PARENT_desc.jpg 1000w, https:\/\/e-flore.store\/wp-content\/uploads\/2026\/01\/COL1023-CN-PARENT_desc-600x400.jpg 600w, https:\/\/e-flore.store\/wp-content\/uploads\/2026\/01\/COL1023-CN-PARENT_desc-300x200.jpg 300w\" sizes=\"(max-width: 1000px) 100vw, 1000px\" \/><\/p>\n<div id=\"eflore-spacer-v55\" style=\"height: 0px; clear: both; width: 100%; display: block;\"><\/div>\n<p style=\"margin-bottom: 10px; margin-top: 30px;\"><strong>WASSERMISCHBARES, MINERAL<\/strong><strong>\u00d6<\/strong><strong>LHALTIGES K<\/strong><strong>\u00dc<\/strong><strong>HLSCHMIERMITTEL<\/strong><\/p>\n<p style=\"margin-bottom: 10px; margin-top: 30px;\"><strong>Produkt beschreibung:<\/strong><\/p>\n<p style=\"margin-bottom: 8px; margin-top: 0px; line-height: 1.6;\">&#8220;COL1023 CN&#8221; ist ein mittellegiertes K\u00fchlschmiermittel auf Mineral\u00f6lbasis. Das Produkt enth\u00e4lt keine leicht nitrosierbaren Amine.\u00a0&#8220;COL1023 CN&#8221;\u00a0ist frei von bioziden Stoffen und besitzt in der Anwendungskonzentration ein hohes Netzverm\u00f6gen und eine gute Sp\u00fclwirkung.<\/p>\n<p style=\"margin-bottom: 10px; margin-top: 30px;\"><strong>Anwendungstechnik:<\/strong><\/p>\n<p style=\"margin-bottom: 8px; margin-top: 0px; line-height: 1.6;\">&#8220;COL1023 CN&#8221;\u00a0eignet sich besonders zum Einsatz in einzelbef\u00fcllten Anlagen, wo &#8211; bedingt durch dauerhafte Begrenzung des mikrobiziden Bewuchses und wirksame Puffersubstanzen zur pH &#8211; Wert &#8211; Erhaltung, ein problemloser Einsatz gew\u00e4hrleistet ist.<\/p>\n<p style=\"margin-bottom: 8px; margin-top: 0px; line-height: 1.6;\">Aufgrund seines Aufbaus wird\u00a0&#8220;COL1023 CN&#8221;\u00a0mit Erfolg bei Werkstoffen bis zu einer Festigkeit von 850 N\/mm\u00b2 beim Drehen, Bohren, Schleifen und S\u00e4gen verwendet.<\/p>\n<p style=\"margin-bottom: 8px; margin-top: 0px; line-height: 1.6;\">Eine Bearbeitung von Buntmetallen ist aufgrund seiner Inhibierung m\u00f6glich.<\/p>\n<p style=\"margin-bottom: 8px; margin-top: 0px; line-height: 1.6;\">Aluminiumlegierungen werden ebenfalls nicht angegriffen. Die Vertr\u00e4glichkeit gegen\u00fcber handels\u00fcblichen Maschinenlacken ist bis zu einer Einsatzkonzentration von 8 % gegeben.<\/p>\n<p style=\"margin-bottom: 8px; margin-top: 0px; line-height: 1.6;\">&#8220;COL1023 CN&#8221;\u00a0ist nicht vorkonserviert, daher sehr hautfreundlich.<\/p>\n<p style=\"margin-bottom: 10px; margin-top: 30px;\"><strong>Technische Daten:<\/strong><\/p>\n<p style=\"margin-bottom: 8px; margin-top: 0px; line-height: 1.6;\"><strong>Dichte ( 20 \u00b0C ):\u00a0<\/strong>1,03 g\/cm\u00b3<\/p>\n<p style=\"margin-bottom: 8px; margin-top: 0px; line-height: 1.6;\"><strong>pH &#8211; Wert ( 3 %ig ):\u00a0<\/strong>9,2<\/p>\n<p style=\"margin-bottom: 8px; margin-top: 0px; line-height: 1.6;\"><strong>Viskosit\u00e4t ( 20 \u00b0C ):\u00a0<\/strong>200 mm\u00b2\/s<\/p>\n<p style=\"margin-bottom: 8px; margin-top: 0px; line-height: 1.6;\"><strong>Korrosionsschutz:\u00a0<\/strong>0 und 0 bis 3 % nach DIN 51360 T2<\/p>\n<p style=\"margin-bottom: 8px; margin-top: 0px; line-height: 1.6;\"><strong>Einsatzkonzentration:\u00a0<\/strong>3 &#8211; 6 %ig, materialabh\u00e4ngig<\/p>\n<p style=\"margin-bottom: 8px; margin-top: 0px; line-height: 1.6;\"><strong>Refraktometerfaktor:\u00a0<\/strong>1,3<\/p>\n<p style=\"margin-bottom: 10px; margin-top: 30px;\"><strong>Anmerkung:<\/strong><\/p>\n<p style=\"margin-bottom: 8px; margin-top: 0px; line-height: 1.6;\">Dieses Merkblatt soll Sie nach bestem Wissen beraten, der Inhalt ist jedoch ohne Rechtsverbindlichkeit!<\/p>\n","protected":false},"excerpt":{"rendered":"<p>WASSERMISCHBARES, MINERAL\u00d6LHALTIGES K\u00dcHLSCHMIERMITTEL Produkt beschreibung: &#8220;COL1023 CN&#8221; ist ein mittellegiertes K\u00fchlschmiermittel auf Mineral\u00f6lbasis. Das Produkt enth\u00e4lt keine leicht nitrosierbaren Amine.\u00a0&#8220;COL1023 CN&#8221;\u00a0ist frei von bioziden Stoffen und besitzt in der Anwendungskonzentration ein hohes Netzverm\u00f6gen und eine gute Sp\u00fclwirkung. Anwendungstechnik: &#8220;COL1023 CN&#8221;\u00a0eignet sich besonders zum Einsatz in einzelbef\u00fcllten Anlagen, wo &#8211; bedingt durch dauerhafte Begrenzung des mikrobiziden&#8230;<\/p>\n","protected":false},"featured_media":7121,"template":"","meta":[],"product_brand":[337],"product_cat":[417,423,414],"product_tag":[],"class_list":{"0":"post-4773","1":"product","2":"type-product","3":"status-publish","4":"has-post-thumbnail","6":"product_brand-flore-chemie","7":"product_cat-industrija","8":"product_cat-dzesesanas-smervielas","9":"product_cat-chemie-spezial-produkti","11":"first","12":"instock","13":"shipping-taxable","14":"purchasable","15":"product-type-variable","16":"has-default-attributes"},"_links":{"self":[{"href":"https:\/\/e-flore.store\/lv\/wp-json\/wp\/v2\/product\/4773","targetHints":{"allow":["GET"]}}],"collection":[{"href":"https:\/\/e-flore.store\/lv\/wp-json\/wp\/v2\/product"}],"about":[{"href":"https:\/\/e-flore.store\/lv\/wp-json\/wp\/v2\/types\/product"}],"wp:featuredmedia":[{"embeddable":true,"href":"https:\/\/e-flore.store\/lv\/wp-json\/wp\/v2\/media\/7121"}],"wp:attachment":[{"href":"https:\/\/e-flore.store\/lv\/wp-json\/wp\/v2\/media?parent=4773"}],"wp:term":[{"taxonomy":"product_brand","embeddable":true,"href":"https:\/\/e-flore.store\/lv\/wp-json\/wp\/v2\/product_brand?post=4773"},{"taxonomy":"product_cat","embeddable":true,"href":"https:\/\/e-flore.store\/lv\/wp-json\/wp\/v2\/product_cat?post=4773"},{"taxonomy":"product_tag","embeddable":true,"href":"https:\/\/e-flore.store\/lv\/wp-json\/wp\/v2\/product_tag?post=4773"}],"curies":[{"name":"wp","href":"https:\/\/api.w.org\/{rel}","templated":true}]}}