{"id":4787,"date":"2026-02-03T16:05:11","date_gmt":"2026-02-03T14:05:11","guid":{"rendered":"https:\/\/demo8.izveide.id.lv\/?post_type=product&#038;p=4787"},"modified":"2026-02-19T14:56:18","modified_gmt":"2026-02-19T12:56:18","slug":"neu1068-lk","status":"publish","type":"product","link":"https:\/\/e-flore.store\/lv\/produkts\/neu1068-lk\/","title":{"rendered":"NEU1068 LK"},"content":{"rendered":"<p><img decoding=\"async\" class=\"alignnone size-full wp-image-2120\" style=\"width: 100%; height: auto; display: block;\" src=\"\/wp-content\/uploads\/2026\/01\/NEU1068-LK-PARENT_desc.jpg\" alt=\"NEU1068 LK-PARENT\" width=\"100%\" srcset=\"https:\/\/e-flore.store\/wp-content\/uploads\/2026\/01\/NEU1068-LK-PARENT_desc.jpg 1280w, https:\/\/e-flore.store\/wp-content\/uploads\/2026\/01\/NEU1068-LK-PARENT_desc-600x338.jpg 600w, https:\/\/e-flore.store\/wp-content\/uploads\/2026\/01\/NEU1068-LK-PARENT_desc-300x169.jpg 300w, https:\/\/e-flore.store\/wp-content\/uploads\/2026\/01\/NEU1068-LK-PARENT_desc-1024x576.jpg 1024w\" sizes=\"(max-width: 1280px) 100vw, 1280px\" \/><\/p>\n<div id=\"eflore-spacer-v55\" style=\"height: 0px; clear: both; width: 100%; display: block;\"><\/div>\n<p style=\"margin-bottom: 10px; margin-top: 30px;\"><strong>NEUTRALER SCHAUMAKTIVATOR<\/strong><\/p>\n<p style=\"margin-bottom: 10px; margin-top: 30px;\"><strong>Anwendungsgebiete:<\/strong><\/p>\n<p style=\"margin-bottom: 10px; margin-top: 30px;\">&#8220;NEU1068 LK&#8221; wird in der Fahrzeugreinigung eingesetzt.<\/p>\n<p style=\"margin-bottom: 10px; margin-top: 30px;\"><strong>Verarbeitung:<\/strong><\/p>\n<p style=\"margin-bottom: 8px; margin-top: 0px; line-height: 1.6;\">&#8220;NEU1068 LK&#8221;\u00a0wird von 0,2 &#8211; 1,0 % verd\u00fcnnt mit Wasser als AktivSchaum eingesetzt.<\/p>\n<p style=\"margin-bottom: 8px; margin-top: 0px; line-height: 1.6;\">Durch Zugabe in einem normalen Auto-Shampoo kann die Schaumintensit\u00e4t erh\u00f6ht werden.<\/p>\n<p style=\"margin-bottom: 8px; margin-top: 0px; line-height: 1.6;\">Als Zusatz im Auto-Shampoo 5 &#8211; 10 % ins Konzentrat einr\u00fchren.<\/p>\n<p style=\"margin-bottom: 10px; margin-top: 30px;\"><strong>Hinweise:<\/strong><\/p>\n<p style=\"margin-bottom: 8px; margin-top: 0px; line-height: 1.6;\">&#8220;NEU1068 LK&#8221;\u00a0ist pH-Wert neutral eingestellt und ist vertr\u00e4glich mit allen Lacken. Das Antrocknen bei direkter Sonneneinstrahlung unterbinden.<\/p>\n<p style=\"margin-bottom: 10px; margin-top: 30px;\"><strong>pH:\u00a0<\/strong>7,5 (Konz.)<\/p>\n","protected":false},"excerpt":{"rendered":"<p>NEUTRALER SCHAUMAKTIVATOR Anwendungsgebiete: &#8220;NEU1068 LK&#8221; wird in der Fahrzeugreinigung eingesetzt. Verarbeitung: &#8220;NEU1068 LK&#8221;\u00a0wird von 0,2 &#8211; 1,0 % verd\u00fcnnt mit Wasser als AktivSchaum eingesetzt. Durch Zugabe in einem normalen Auto-Shampoo kann die Schaumintensit\u00e4t erh\u00f6ht werden. Als Zusatz im Auto-Shampoo 5 &#8211; 10 % ins Konzentrat einr\u00fchren. Hinweise: &#8220;NEU1068 LK&#8221;\u00a0ist pH-Wert neutral eingestellt und ist vertr\u00e4glich&#8230;<\/p>\n","protected":false},"featured_media":7105,"template":"","meta":[],"product_brand":[337],"product_cat":[435,414,432],"product_tag":[],"class_list":{"0":"post-4787","1":"product","2":"type-product","3":"status-publish","4":"has-post-thumbnail","6":"product_brand-flore-chemie","7":"product_cat-prieksmazgasana","8":"product_cat-chemie-spezial-produkti","9":"product_cat-automasinu-motociklu-un-kravas-automasinu-tirisana","11":"first","12":"instock","13":"shipping-taxable","14":"purchasable","15":"product-type-variable","16":"has-default-attributes"},"_links":{"self":[{"href":"https:\/\/e-flore.store\/lv\/wp-json\/wp\/v2\/product\/4787","targetHints":{"allow":["GET"]}}],"collection":[{"href":"https:\/\/e-flore.store\/lv\/wp-json\/wp\/v2\/product"}],"about":[{"href":"https:\/\/e-flore.store\/lv\/wp-json\/wp\/v2\/types\/product"}],"wp:featuredmedia":[{"embeddable":true,"href":"https:\/\/e-flore.store\/lv\/wp-json\/wp\/v2\/media\/7105"}],"wp:attachment":[{"href":"https:\/\/e-flore.store\/lv\/wp-json\/wp\/v2\/media?parent=4787"}],"wp:term":[{"taxonomy":"product_brand","embeddable":true,"href":"https:\/\/e-flore.store\/lv\/wp-json\/wp\/v2\/product_brand?post=4787"},{"taxonomy":"product_cat","embeddable":true,"href":"https:\/\/e-flore.store\/lv\/wp-json\/wp\/v2\/product_cat?post=4787"},{"taxonomy":"product_tag","embeddable":true,"href":"https:\/\/e-flore.store\/lv\/wp-json\/wp\/v2\/product_tag?post=4787"}],"curies":[{"name":"wp","href":"https:\/\/api.w.org\/{rel}","templated":true}]}}