{"id":4811,"date":"2026-02-03T16:05:17","date_gmt":"2026-02-03T14:05:17","guid":{"rendered":"https:\/\/demo8.izveide.id.lv\/?post_type=product&#038;p=4811"},"modified":"2026-02-19T15:10:37","modified_gmt":"2026-02-19T13:10:37","slug":"acd206-lk","status":"publish","type":"product","link":"https:\/\/e-flore.store\/lv\/produkts\/acd206-lk\/","title":{"rendered":"ACD206 LK"},"content":{"rendered":"<p><img decoding=\"async\" class=\"alignnone size-full wp-image-2116\" style=\"width: 100%; height: auto; display: block;\" src=\"\/wp-content\/uploads\/2026\/01\/ACD206-LK-PARENT_desc.jpg\" alt=\"ACD206 LK-PARENT\" width=\"100%\" srcset=\"https:\/\/e-flore.store\/wp-content\/uploads\/2026\/01\/ACD206-LK-PARENT_desc.jpg 699w, https:\/\/e-flore.store\/wp-content\/uploads\/2026\/01\/ACD206-LK-PARENT_desc-600x300.jpg 600w, https:\/\/e-flore.store\/wp-content\/uploads\/2026\/01\/ACD206-LK-PARENT_desc-300x150.jpg 300w\" sizes=\"(max-width: 699px) 100vw, 699px\" \/><\/p>\n<div id=\"eflore-spacer-v55\" style=\"height: 0px; clear: both; width: 100%; display: block;\"><\/div>\n<p style=\"margin-bottom: 10px; margin-top: 30px;\"><strong>STARK SAURER PROBLEML\u00d6SER<\/strong><\/p>\n<p style=\"margin-bottom: 10px; margin-top: 30px;\"><strong>Anwendungsgebiete:<\/strong><\/p>\n<p style=\"margin-bottom: 8px; margin-top: 0px; line-height: 1.6;\">&#8220;ACD206 LK&#8221; ist ein stark saurer Probleml\u00f6ser. Reinigungs- und Beizmittel f\u00fcr starke Ablagerungen von Kalk-, Kessel-, Silikat-, Phosphat- und Urinstein, Rost sowie organischen Ablagerungen wie z. B. Eiwei\u00df, Fette, Seifen etc.<\/p>\n<p style=\"margin-bottom: 8px; margin-top: 0px; line-height: 1.6;\">&#8220;ACD206 LK&#8221;\u00a0wird bevorzugt f\u00fcr die Reinigung von Industrieb\u00f6den, Waschhallen, Waschkauen, Schwimmb\u00e4dern und zur Fassadenreinigung eingesetzt.<\/p>\n<p style=\"margin-bottom: 8px; margin-top: 0px; line-height: 1.6;\">&#8220;ACD206 LK&#8221;\u00a0ist anwendbar auf allen s\u00e4urefesten Materialien wie z. B. glasierten Fliesen, s\u00e4urefesten Steinen und Keramik etc.<\/p>\n<p style=\"margin-bottom: 10px; margin-top: 30px;\"><strong>Verarbeitung:<\/strong><\/p>\n<p style=\"margin-bottom: 10px; margin-top: 30px;\">Auf je 10 Liter Wasser:<\/p>\n<p style=\"margin-bottom: 8px; margin-top: 0px; line-height: 1.6;\">&#8211; manuelle Reinigung: 50 &#8211; 100 ml<\/p>\n<p style=\"margin-bottom: 8px; margin-top: 0px; line-height: 1.6;\">&#8211; B\u00fcrstenreinigung: 50 &#8211; 70 ml<\/p>\n<p style=\"margin-bottom: 8px; margin-top: 0px; line-height: 1.6;\">&#8211; HD-Injektor: 1000 &#8211; 2000 ml vorverd\u00fcnnen<\/p>\n<p style=\"margin-bottom: 8px; margin-top: 0px; line-height: 1.6;\">&#8211; HTD-Injektor: 650 ml vorverd\u00fcnnen<\/p>\n<p style=\"margin-bottom: 8px; margin-top: 0px; line-height: 1.6;\">Nach der Reinigung gr\u00fcndlich mit klarem Wasser nachsp\u00fclen.<\/p>\n<p style=\"margin-bottom: 8px; margin-top: 0px; line-height: 1.6;\">Bei Extremverschmutzungen kann\u00a0&#8220;ACD206 LK&#8221;\u00a0auch 1:1 bis 1:5 verd\u00fcnnt mit Wasser eingesetzt werden.<\/p>\n<p style=\"margin-bottom: 10px; margin-top: 30px;\"><strong> Hinweise:<\/strong><\/p>\n<p style=\"margin-bottom: 8px; margin-top: 0px; line-height: 1.6;\">Glas wird angegriffen. Nach der Reinigung gr\u00fcndlich nachsp\u00fclen.<\/p>\n<p style=\"margin-bottom: 10px; margin-top: 30px;\"><strong>pH:\u00a0<\/strong>1,8 (Konz.)<\/p>\n","protected":false},"excerpt":{"rendered":"<p>STARK SAURER PROBLEML\u00d6SER Anwendungsgebiete: &#8220;ACD206 LK&#8221; ist ein stark saurer Probleml\u00f6ser. Reinigungs- und Beizmittel f\u00fcr starke Ablagerungen von Kalk-, Kessel-, Silikat-, Phosphat- und Urinstein, Rost sowie organischen Ablagerungen wie z. B. Eiwei\u00df, Fette, Seifen etc. &#8220;ACD206 LK&#8221;\u00a0wird bevorzugt f\u00fcr die Reinigung von Industrieb\u00f6den, Waschhallen, Waschkauen, Schwimmb\u00e4dern und zur Fassadenreinigung eingesetzt. &#8220;ACD206 LK&#8221;\u00a0ist anwendbar auf allen&#8230;<\/p>\n","protected":false},"featured_media":6815,"template":"","meta":[],"product_brand":[337],"product_cat":[447,414,444],"product_tag":[],"class_list":{"0":"post-4811","1":"product","2":"type-product","3":"status-publish","4":"has-post-thumbnail","6":"product_brand-flore-chemie","7":"product_cat-tirisanas-un-attaukosanas-lidzekli-komercialam-virtuvem","8":"product_cat-chemie-spezial-produkti","9":"product_cat-gastronomija-un-partikas-razosana","11":"first","12":"instock","13":"shipping-taxable","14":"purchasable","15":"product-type-variable","16":"has-default-attributes"},"_links":{"self":[{"href":"https:\/\/e-flore.store\/lv\/wp-json\/wp\/v2\/product\/4811","targetHints":{"allow":["GET"]}}],"collection":[{"href":"https:\/\/e-flore.store\/lv\/wp-json\/wp\/v2\/product"}],"about":[{"href":"https:\/\/e-flore.store\/lv\/wp-json\/wp\/v2\/types\/product"}],"wp:featuredmedia":[{"embeddable":true,"href":"https:\/\/e-flore.store\/lv\/wp-json\/wp\/v2\/media\/6815"}],"wp:attachment":[{"href":"https:\/\/e-flore.store\/lv\/wp-json\/wp\/v2\/media?parent=4811"}],"wp:term":[{"taxonomy":"product_brand","embeddable":true,"href":"https:\/\/e-flore.store\/lv\/wp-json\/wp\/v2\/product_brand?post=4811"},{"taxonomy":"product_cat","embeddable":true,"href":"https:\/\/e-flore.store\/lv\/wp-json\/wp\/v2\/product_cat?post=4811"},{"taxonomy":"product_tag","embeddable":true,"href":"https:\/\/e-flore.store\/lv\/wp-json\/wp\/v2\/product_tag?post=4811"}],"curies":[{"name":"wp","href":"https:\/\/api.w.org\/{rel}","templated":true}]}}