{"id":4823,"date":"2026-02-03T16:05:19","date_gmt":"2026-02-03T14:05:19","guid":{"rendered":"https:\/\/demo8.izveide.id.lv\/?post_type=product&#038;p=4823"},"modified":"2026-02-19T12:36:45","modified_gmt":"2026-02-19T10:36:45","slug":"neu92-lk","status":"publish","type":"product","link":"https:\/\/e-flore.store\/lv\/produkts\/neu92-lk\/","title":{"rendered":"NEU92 LK"},"content":{"rendered":"<p><img decoding=\"async\" class=\"alignnone size-full wp-image-2114\" src=\"\/wp-content\/uploads\/2026\/01\/NEU92-LK-PARENT_desc.jpg\" alt=\"NEU92 LK-PARENT\" width=\"100%\" \/ style=\"width: 100%; height: auto; display: block;\" srcset=\"https:\/\/e-flore.store\/wp-content\/uploads\/2026\/01\/NEU92-LK-PARENT_desc.jpg 1920w, https:\/\/e-flore.store\/wp-content\/uploads\/2026\/01\/NEU92-LK-PARENT_desc-600x361.jpg 600w, https:\/\/e-flore.store\/wp-content\/uploads\/2026\/01\/NEU92-LK-PARENT_desc-300x181.jpg 300w, https:\/\/e-flore.store\/wp-content\/uploads\/2026\/01\/NEU92-LK-PARENT_desc-1024x617.jpg 1024w\" sizes=\"(max-width: 1920px) 100vw, 1920px\" \/><\/p>\n<p style=\"text-align: justify;\">\n<p><b>DESINFEKTIONSREINIGER<\/b><\/p>\n<p><b>Anwendungsgebiete:<br \/>\n<\/b><\/p>\n<p style=\"text-align: justify;\">&#8220;NEU92 LK&#8221; ist ein Desinfektionsreiniger, der sich aus einer Kombination von ausgew\u00e4hlten waschaktiven Substanzen und desinfizierenden, kationischquatern\u00e4ren Ammoniumverbindungen zusammensetzt. Durch den Einsatz von nichtionogenen Waschgrundstoffen zeigt das Produkt, neben den desinfizierenden Eigenschaften, eine ausgezeichnete Reinigungswirkung. Dieser Reiniger wirkt antibakteriell und antifungizid. Algen in Schwimmb\u00e4dern werden sicher bek\u00e4mpft. Er hat sich vorallem bei der Unterhaltsreinigung in Krankenh\u00e4usern, Kinderg\u00e4rten, Schulen Heimen und stark frequentierten Toilettenanlagen bew\u00e4hrt. <span style=\"letter-spacing: normal;\">&#8220;NEU92 LK&#8221;<\/span> ist geruchsarm und bringt keine Geruchsbel\u00e4stigung, wie sie bei Desinfektionsmitteln aus Phenolabk\u00f6mmlingen oder Aldehyden auftreten kann.<b><br \/>\n<\/b><\/p>\n<p style=\"text-align: justify;\">Dieses Produkt zeichnet sich zus\u00e4tzlich durch sein gutes Preisleistungsverh\u00e4ltnis aus.<\/p>\n<p><b>Verarbeitung:<\/b><\/p>\n<p style=\"text-align: justify;\">Es wird empfohlen 200ml bis 400ml von dem Produkt auf einen Putzeimer (8 Liter) Wasser zu geben. Anschlie\u00dfend wie gewohnt die Fl\u00e4che im Feucht- oder Nasswischverfahren zu reinigen.<\/p>\n<p style=\"text-align: justify;\"><span style=\"letter-spacing: normal;\">&#8220;NEU92 LK&#8221;<\/span> kann ebenfalls zum Wischen verwendet werden.<b><br \/>\n<\/b><\/p>\n<p><b>Hinweise:<\/b><\/p>\n<p>Die in <span style=\"letter-spacing: normal; text-align: justify;\">&#8220;NEU92 LK&#8221;<\/span> eingesetzten Tenside und Waschgrundstoffe erf\u00fcllen in ihrer Abbaubarkeit die Anforderungen des deutschen Waschmittelgesetzes.<\/p>\n<p>Um versehentliche Einnahme zu vermeiden, sind <span style=\"letter-spacing: normal; text-align: justify;\">&#8220;NEU92 LK&#8221;<\/span> Kanister stets verschlossen, an einem f\u00fcr Kinder unerreichbaren Ort, aufzubewahren.<\/p>\n<p style=\"text-align: justify;\">Nicht mit Lebensmitteln in Ber\u00fchrung bringen. Allergische Personen sollten bei Gebrauch Handschuhe tragen. Expertisen und Untersuchungsergebnisse k\u00f6nnen jederzeit angefordert werden.<b><br \/>\n<\/b><\/p>\n<p style=\"text-align: justify;\"><span style=\"letter-spacing: normal;\">&#8220;NEU92 LK&#8221;<\/span> darf nicht mit Seifen kombiniert werden!<\/p>\n<p><b>pH:<\/b> 7,5 (Konz.)<\/p>\n","protected":false},"excerpt":{"rendered":"<p>DESINFEKTIONSREINIGER Anwendungsgebiete: &#8220;NEU92 LK&#8221; ist ein Desinfektionsreiniger, der sich aus einer Kombination von ausgew\u00e4hlten waschaktiven Substanzen und desinfizierenden, kationischquatern\u00e4ren Ammoniumverbindungen zusammensetzt. Durch den Einsatz von nichtionogenen Waschgrundstoffen zeigt das Produkt, neben den desinfizierenden Eigenschaften, eine ausgezeichnete Reinigungswirkung. Dieser Reiniger wirkt antibakteriell und antifungizid. Algen in Schwimmb\u00e4dern werden sicher bek\u00e4mpft. Er hat sich vorallem bei der&#8230;<\/p>\n","protected":false},"featured_media":6826,"template":"","meta":[],"product_brand":[337],"product_cat":[414,444,456],"product_tag":[],"class_list":{"0":"post-4823","1":"product","2":"type-product","3":"status-publish","4":"has-post-thumbnail","6":"product_brand-flore-chemie","7":"product_cat-chemie-spezial-produkti","8":"product_cat-gastronomija-un-partikas-razosana","9":"product_cat-dezinfekcijas-un-tirisanas-lidzekli","11":"first","12":"instock","13":"shipping-taxable","14":"purchasable","15":"product-type-variable","16":"has-default-attributes"},"_links":{"self":[{"href":"https:\/\/e-flore.store\/lv\/wp-json\/wp\/v2\/product\/4823","targetHints":{"allow":["GET"]}}],"collection":[{"href":"https:\/\/e-flore.store\/lv\/wp-json\/wp\/v2\/product"}],"about":[{"href":"https:\/\/e-flore.store\/lv\/wp-json\/wp\/v2\/types\/product"}],"wp:featuredmedia":[{"embeddable":true,"href":"https:\/\/e-flore.store\/lv\/wp-json\/wp\/v2\/media\/6826"}],"wp:attachment":[{"href":"https:\/\/e-flore.store\/lv\/wp-json\/wp\/v2\/media?parent=4823"}],"wp:term":[{"taxonomy":"product_brand","embeddable":true,"href":"https:\/\/e-flore.store\/lv\/wp-json\/wp\/v2\/product_brand?post=4823"},{"taxonomy":"product_cat","embeddable":true,"href":"https:\/\/e-flore.store\/lv\/wp-json\/wp\/v2\/product_cat?post=4823"},{"taxonomy":"product_tag","embeddable":true,"href":"https:\/\/e-flore.store\/lv\/wp-json\/wp\/v2\/product_tag?post=4823"}],"curies":[{"name":"wp","href":"https:\/\/api.w.org\/{rel}","templated":true}]}}