{"id":4841,"date":"2026-02-03T16:05:23","date_gmt":"2026-02-03T14:05:23","guid":{"rendered":"https:\/\/demo8.izveide.id.lv\/?post_type=product&#038;p=4841"},"modified":"2026-02-19T12:41:18","modified_gmt":"2026-02-19T10:41:18","slug":"acd1138-lk","status":"publish","type":"product","link":"https:\/\/e-flore.store\/lv\/produkts\/acd1138-lk\/","title":{"rendered":"ACD1138 LK"},"content":{"rendered":"<p><img decoding=\"async\" class=\"alignnone size-full wp-image-2111\" style=\"width: 100%; height: auto; display: block;\" src=\"\/wp-content\/uploads\/2026\/01\/ACD1138-LK-PARENT_desc.jpg\" alt=\"ACD1138 LK-PARENT\" width=\"100%\" srcset=\"https:\/\/e-flore.store\/wp-content\/uploads\/2026\/01\/ACD1138-LK-PARENT_desc.jpg 1000w, https:\/\/e-flore.store\/wp-content\/uploads\/2026\/01\/ACD1138-LK-PARENT_desc-600x400.jpg 600w, https:\/\/e-flore.store\/wp-content\/uploads\/2026\/01\/ACD1138-LK-PARENT_desc-300x200.jpg 300w\" sizes=\"(max-width: 1000px) 100vw, 1000px\" \/><\/p>\n<div id=\"eflore-spacer-v55\" style=\"height: 0px; clear: both; width: 100%; display: block;\"><\/div>\n<p style=\"margin-bottom: 10px; margin-top: 30px;\"><strong>PREMIUMSANIT\u00c4RREINIGER F\u00dcR DEN GV-BEREICH<\/strong><\/p>\n<p style=\"margin-bottom: 10px; margin-top: 30px;\">\n<p style=\"margin-bottom: 8px; margin-top: 0px; line-height: 1.6;\">\n<p style=\"margin-bottom: 10px; margin-top: 30px;\"><strong>Anwendungsgebiete:<\/strong><\/p>\n<p style=\"margin-bottom: 8px; margin-top: 0px; line-height: 1.6;\">&#8220;ACD1138 LK&#8221; ist eine hoch effektiver Sanit\u00e4runterhaltsreiniger f\u00fcr die t\u00e4gliche Anwendung auf allen s\u00e4urefesten Belagsarten.<\/p>\n<p style=\"margin-bottom: 8px; margin-top: 0px; line-height: 1.6;\">Hohe Materialschonung auf Chrom, Kunststoff und Edelstahl.\u00a0 Langanhaltende und angenehme Duftnote. Entfernt m\u00fchelos Seifenreste, Rost, K\u00f6rperfette sowie Kalk- und Urinstein.<\/p>\n<p style=\"margin-bottom: 8px; margin-top: 0px; line-height: 1.6;\">Auch gut anwendbar auf Feinsteinzeugfliesen. Biologisch sehr gut abbaubar. Frei von Salz-, Phosphor-, Salpeter- und Schwefels\u00e4ure. Trocknet schleierfrei auf. Wirkt in erh\u00f6hter Dosierung hygienisch.<\/p>\n<p style=\"margin-bottom: 10px; margin-top: 30px;\"><strong>Verarbeitung:<\/strong><\/p>\n<p style=\"margin-bottom: 10px; margin-top: 30px;\"><strong>F\u00fcr die Unterhaltsreinigung:<\/strong><\/p>\n<p style=\"margin-bottom: 8px; margin-top: 0px; line-height: 1.6;\">&#8211; 20-50ml auf 8 Liter Wasser geben und wie gewohnt moppen bzw. wischen.<\/p>\n<p style=\"margin-bottom: 8px; margin-top: 0px; line-height: 1.6;\">&#8211; bei der Handreinigung einen Spritzer direkt auf den nassen Schwamm oder Lappen geben und Fl\u00e4che abwischen.<\/p>\n<p style=\"margin-bottom: 8px; margin-top: 0px; line-height: 1.6;\">&#8211; Bei starker Verkrustung kann die Dosierung entsprechend erh\u00f6ht bzw.\u00a0&#8220;ACD1138 LK&#8221;\u00a0auch konzentriert eingesetzt werden.<\/p>\n<p style=\"margin-bottom: 10px; margin-top: 30px;\"><strong>Hinweise:<\/strong><\/p>\n<p style=\"margin-bottom: 8px; margin-top: 0px; line-height: 1.6;\">Vor der Erstanwendung Materialien an verdeckter Stelle auf Vertr\u00e4glichkeit pr\u00fcfen.<\/p>\n<p style=\"margin-bottom: 8px; margin-top: 0px; line-height: 1.6;\">Inhaltsstoffe: &lt; 5% nichtionogeneTenside, Alkohole, S\u00e4uren, Farb- und Duftstoffe.<\/p>\n<p style=\"margin-bottom: 10px; margin-top: 30px;\"><strong>pH:\u00a0<\/strong>2,5 (Konz.)<\/p>\n","protected":false},"excerpt":{"rendered":"<p>PREMIUMSANIT\u00c4RREINIGER F\u00dcR DEN GV-BEREICH Anwendungsgebiete: &#8220;ACD1138 LK&#8221; ist eine hoch effektiver Sanit\u00e4runterhaltsreiniger f\u00fcr die t\u00e4gliche Anwendung auf allen s\u00e4urefesten Belagsarten. Hohe Materialschonung auf Chrom, Kunststoff und Edelstahl.\u00a0 Langanhaltende und angenehme Duftnote. Entfernt m\u00fchelos Seifenreste, Rost, K\u00f6rperfette sowie Kalk- und Urinstein. Auch gut anwendbar auf Feinsteinzeugfliesen. Biologisch sehr gut abbaubar. Frei von Salz-, Phosphor-, Salpeter- und&#8230;<\/p>\n","protected":false},"featured_media":6813,"template":"","meta":[],"product_brand":[337],"product_cat":[453,414,444],"product_tag":[],"class_list":{"0":"post-4841","1":"product","2":"type-product","3":"status-publish","4":"has-post-thumbnail","6":"product_brand-flore-chemie","7":"product_cat-sanitarie-un-vannas-istabas-tirisanas-lidzekli","8":"product_cat-chemie-spezial-produkti","9":"product_cat-gastronomija-un-partikas-razosana","11":"first","12":"instock","13":"shipping-taxable","14":"purchasable","15":"product-type-variable","16":"has-default-attributes"},"_links":{"self":[{"href":"https:\/\/e-flore.store\/lv\/wp-json\/wp\/v2\/product\/4841","targetHints":{"allow":["GET"]}}],"collection":[{"href":"https:\/\/e-flore.store\/lv\/wp-json\/wp\/v2\/product"}],"about":[{"href":"https:\/\/e-flore.store\/lv\/wp-json\/wp\/v2\/types\/product"}],"wp:featuredmedia":[{"embeddable":true,"href":"https:\/\/e-flore.store\/lv\/wp-json\/wp\/v2\/media\/6813"}],"wp:attachment":[{"href":"https:\/\/e-flore.store\/lv\/wp-json\/wp\/v2\/media?parent=4841"}],"wp:term":[{"taxonomy":"product_brand","embeddable":true,"href":"https:\/\/e-flore.store\/lv\/wp-json\/wp\/v2\/product_brand?post=4841"},{"taxonomy":"product_cat","embeddable":true,"href":"https:\/\/e-flore.store\/lv\/wp-json\/wp\/v2\/product_cat?post=4841"},{"taxonomy":"product_tag","embeddable":true,"href":"https:\/\/e-flore.store\/lv\/wp-json\/wp\/v2\/product_tag?post=4841"}],"curies":[{"name":"wp","href":"https:\/\/api.w.org\/{rel}","templated":true}]}}