{"id":4851,"date":"2026-02-03T16:05:25","date_gmt":"2026-02-03T14:05:25","guid":{"rendered":"https:\/\/demo8.izveide.id.lv\/?post_type=product&#038;p=4851"},"modified":"2026-02-19T12:45:30","modified_gmt":"2026-02-19T10:45:30","slug":"clnw-3100","status":"publish","type":"product","link":"https:\/\/e-flore.store\/lv\/produkts\/clnw-3100\/","title":{"rendered":"CLNW 3100"},"content":{"rendered":"<p><img decoding=\"async\" class=\"alignnone size-full wp-image-2109\" style=\"width: 100%; height: auto; display: block;\" src=\"\/wp-content\/uploads\/2026\/01\/CLNW-3100-PARENT_desc.jpg\" alt=\"CLNW 3100-PARENT\" width=\"100%\" srcset=\"https:\/\/e-flore.store\/wp-content\/uploads\/2026\/01\/CLNW-3100-PARENT_desc.jpg 1024w, https:\/\/e-flore.store\/wp-content\/uploads\/2026\/01\/CLNW-3100-PARENT_desc-600x400.jpg 600w, https:\/\/e-flore.store\/wp-content\/uploads\/2026\/01\/CLNW-3100-PARENT_desc-300x200.jpg 300w\" sizes=\"(max-width: 1024px) 100vw, 1024px\" \/><\/p>\n<p>&nbsp;<\/p>\n<p><b>DRUCKLUFTSPRAY<\/b><\/p>\n<p style=\"text-align: justify;\"><b>&#8220;CLNW 3100&#8221;<\/b><\/p>\n<p style=\"text-align: justify;\">entfernt m\u00fchelos Staub und losen Schmutz, auch an schwer zug\u00e4nglichen Stellen. Empfindliche Oberfl\u00e4chen k\u00f6nnen ber\u00fchrungsfrei gereinigt werden.<b><br \/>\n<\/b><\/p>\n<p><b>Eigenschaften:<\/b><\/p>\n<p style=\"text-align: justify;\">&#8211; in der Optik (z. B. Kameras, Objektive, Linsen)<\/p>\n<p style=\"text-align: justify;\">&#8211; an Uhrwerken (Quarzuhren)<\/p>\n<p style=\"text-align: justify;\">&#8211; im Modellbau<\/p>\n<p style=\"text-align: justify;\">&#8211; in der Messtechnik<\/p>\n<p style=\"text-align: justify;\">&#8211; an Elektronikbauteilen (spannungsfrei)<\/p>\n<p style=\"text-align: justify;\">&#8211; an Leiterplatten (spannungsfrei).<\/p>\n<p style=\"text-align: justify;\">Achtung! Hochentz\u00fcndlich! Dose immer senkrecht halten, nicht um 180 \u00b0 drehen, bei Neigung der Dose kann Fl\u00fcssigkeit austreten.<\/p>\n<p><b>Technische Daten:<\/b><\/p>\n<p>Farbe: &#8212;<\/p>\n<p>Geruch: geruchlos<\/p>\n<p>Lagertemperatur: +5 \u00b0C bis max. +25 \u00b0C<\/p>\n","protected":false},"excerpt":{"rendered":"<p>&nbsp; DRUCKLUFTSPRAY &#8220;CLNW 3100&#8221; entfernt m\u00fchelos Staub und losen Schmutz, auch an schwer zug\u00e4nglichen Stellen. Empfindliche Oberfl\u00e4chen k\u00f6nnen ber\u00fchrungsfrei gereinigt werden. Eigenschaften: &#8211; in der Optik (z. B. Kameras, Objektive, Linsen) &#8211; an Uhrwerken (Quarzuhren) &#8211; im Modellbau &#8211; in der Messtechnik &#8211; an Elektronikbauteilen (spannungsfrei) &#8211; an Leiterplatten (spannungsfrei). Achtung! Hochentz\u00fcndlich! Dose immer senkrecht&#8230;<\/p>\n","protected":false},"featured_media":6850,"template":"","meta":[],"product_brand":[337],"product_cat":[468,414,459],"product_tag":[],"class_list":{"0":"post-4851","1":"product","2":"type-product","3":"status-publish","4":"has-post-thumbnail","6":"product_brand-flore-chemie","7":"product_cat-tirisana","8":"product_cat-chemie-spezial-produkti","9":"product_cat-tehniskie-aerosoli","11":"first","12":"instock","13":"shipping-taxable","14":"purchasable","15":"product-type-variable","16":"has-default-attributes"},"_links":{"self":[{"href":"https:\/\/e-flore.store\/lv\/wp-json\/wp\/v2\/product\/4851","targetHints":{"allow":["GET"]}}],"collection":[{"href":"https:\/\/e-flore.store\/lv\/wp-json\/wp\/v2\/product"}],"about":[{"href":"https:\/\/e-flore.store\/lv\/wp-json\/wp\/v2\/types\/product"}],"wp:featuredmedia":[{"embeddable":true,"href":"https:\/\/e-flore.store\/lv\/wp-json\/wp\/v2\/media\/6850"}],"wp:attachment":[{"href":"https:\/\/e-flore.store\/lv\/wp-json\/wp\/v2\/media?parent=4851"}],"wp:term":[{"taxonomy":"product_brand","embeddable":true,"href":"https:\/\/e-flore.store\/lv\/wp-json\/wp\/v2\/product_brand?post=4851"},{"taxonomy":"product_cat","embeddable":true,"href":"https:\/\/e-flore.store\/lv\/wp-json\/wp\/v2\/product_cat?post=4851"},{"taxonomy":"product_tag","embeddable":true,"href":"https:\/\/e-flore.store\/lv\/wp-json\/wp\/v2\/product_tag?post=4851"}],"curies":[{"name":"wp","href":"https:\/\/api.w.org\/{rel}","templated":true}]}}