{"id":4862,"date":"2026-02-03T16:05:26","date_gmt":"2026-02-03T14:05:26","guid":{"rendered":"https:\/\/demo8.izveide.id.lv\/?post_type=product&#038;p=4862"},"modified":"2026-02-19T12:49:41","modified_gmt":"2026-02-19T10:49:41","slug":"clnw-1110","status":"publish","type":"product","link":"https:\/\/e-flore.store\/lv\/produkts\/clnw-1110\/","title":{"rendered":"CLNW 1110"},"content":{"rendered":"<p><img decoding=\"async\" class=\"alignnone size-full wp-image-2107\" style=\"width: 100%; height: auto; display: block;\" src=\"\/wp-content\/uploads\/2026\/01\/CLNW-1110-PARENT_desc.jpg\" alt=\"CLNW 1110-PARENT\" width=\"100%\" srcset=\"https:\/\/e-flore.store\/wp-content\/uploads\/2026\/01\/CLNW-1110-PARENT_desc.jpg 2000w, https:\/\/e-flore.store\/wp-content\/uploads\/2026\/01\/CLNW-1110-PARENT_desc-600x450.jpg 600w, https:\/\/e-flore.store\/wp-content\/uploads\/2026\/01\/CLNW-1110-PARENT_desc-300x225.jpg 300w, https:\/\/e-flore.store\/wp-content\/uploads\/2026\/01\/CLNW-1110-PARENT_desc-1024x767.jpg 1024w\" sizes=\"(max-width: 2000px) 100vw, 2000px\" \/><\/p>\n<div id=\"eflore-spacer-v55\" style=\"height: 0px; clear: both; width: 100%; display: block;\"><\/div>\n<p style=\"margin-bottom: 10px; margin-top: 30px;\"><strong>BREMSENREINIGER SPEZIAL<\/strong><\/p>\n<p style=\"margin-bottom: 10px; margin-top: 30px;\">\n<p style=\"margin-bottom: 8px; margin-top: 0px; line-height: 1.6;\">\n<p style=\"margin-bottom: 10px; margin-top: 30px;\"><strong>&#8220;CLNW 1110&#8221;<\/strong><\/p>\n<p style=\"margin-bottom: 8px; margin-top: 0px; line-height: 1.6;\">ist spezialisiert f\u00fcr den Einsatz an Motor-, Brems-, Getriebe- und Kupplungsteilen. Durch seine besondere Spr\u00fchtechnik k\u00f6nnen auch schwer zug\u00e4ngliche Stellen bequem gereinigt werden. Das ideale Hilfsmittel f\u00fcr Montage und Reparatur. Mikroaktiv, r\u00fcckstandsfrei, schnellverdunstend.\u00a0&#8220;CLNW 1110&#8221;\u00a0entfernt \u00d6l, Fett, Staub, Schmutz, Metallabrieb sowie Abrieb von Kupplungs- und Bremsbel\u00e4gen.<\/p>\n<p style=\"margin-bottom: 10px; margin-top: 30px;\"><strong>Eigenschaften:<\/strong><\/p>\n<p style=\"margin-bottom: 8px; margin-top: 0px; line-height: 1.6;\">&#8211; ideales Hilfsmittel f\u00fcr Montage und Reparatur<\/p>\n<p style=\"margin-bottom: 8px; margin-top: 0px; line-height: 1.6;\">&#8211; entfernt \u00d6l, Fett, Staub, Schmutz usw.<\/p>\n<p style=\"margin-bottom: 10px; margin-top: 30px;\"><strong>Anwendung:<\/strong><\/p>\n<p style=\"margin-bottom: 8px; margin-top: 0px; line-height: 1.6;\">&#8220;CLNW 1110&#8221;\u00a0reinigt Bremsen (Trommel- und Scheibenbremsen, Bel\u00e4ge, Bremskl\u00f6tze, Zylinder, und Buchsen), Kupplungen (Kupplungsbel\u00e4ge und Kupplungsteile), Motorteile (Vergaser, Benzin- u. \u00d6lpumpen, Getriebe), verdr\u00e4ngt Wasser und hinterl\u00e4sst keine R\u00fcckst\u00e4nde.<\/p>\n<p style=\"margin-bottom: 8px; margin-top: 0px; line-height: 1.6;\">Achtung! Thermoplaste wie Gummi, PVC, Plexiglas, Polystyrol und einfache Lackanstriche k\u00f6nnten angel\u00f6st werden. Vor Bespr\u00fchung Oberfl\u00e4che auf Vertr\u00e4glichkeit testen!<\/p>\n<p style=\"margin-bottom: 10px; margin-top: 30px;\"><strong>Technische Daten:<\/strong><\/p>\n<p style=\"margin-bottom: 8px; margin-top: 0px; line-height: 1.6;\">Farbe: farblos<\/p>\n<p style=\"margin-bottom: 8px; margin-top: 0px; line-height: 1.6;\">Geruch: typisch nach L\u00f6semittel<\/p>\n<p style=\"margin-bottom: 8px; margin-top: 0px; line-height: 1.6;\">Lagertemperatur: +5 \u00b0C bis max. +25 \u00b0C<\/p>\n","protected":false},"excerpt":{"rendered":"<p>BREMSENREINIGER SPEZIAL &#8220;CLNW 1110&#8221; ist spezialisiert f\u00fcr den Einsatz an Motor-, Brems-, Getriebe- und Kupplungsteilen. Durch seine besondere Spr\u00fchtechnik k\u00f6nnen auch schwer zug\u00e4ngliche Stellen bequem gereinigt werden. Das ideale Hilfsmittel f\u00fcr Montage und Reparatur. Mikroaktiv, r\u00fcckstandsfrei, schnellverdunstend.\u00a0&#8220;CLNW 1110&#8221;\u00a0entfernt \u00d6l, Fett, Staub, Schmutz, Metallabrieb sowie Abrieb von Kupplungs- und Bremsbel\u00e4gen. Eigenschaften: &#8211; ideales Hilfsmittel f\u00fcr Montage&#8230;<\/p>\n","protected":false},"featured_media":6848,"template":"","meta":[],"product_brand":[337],"product_cat":[414,468,459],"product_tag":[],"class_list":{"0":"post-4862","1":"product","2":"type-product","3":"status-publish","4":"has-post-thumbnail","6":"product_brand-flore-chemie","7":"product_cat-chemie-spezial-produkti","8":"product_cat-tirisana","9":"product_cat-tehniskie-aerosoli","11":"first","12":"instock","13":"shipping-taxable","14":"purchasable","15":"product-type-variable","16":"has-default-attributes"},"_links":{"self":[{"href":"https:\/\/e-flore.store\/lv\/wp-json\/wp\/v2\/product\/4862","targetHints":{"allow":["GET"]}}],"collection":[{"href":"https:\/\/e-flore.store\/lv\/wp-json\/wp\/v2\/product"}],"about":[{"href":"https:\/\/e-flore.store\/lv\/wp-json\/wp\/v2\/types\/product"}],"wp:featuredmedia":[{"embeddable":true,"href":"https:\/\/e-flore.store\/lv\/wp-json\/wp\/v2\/media\/6848"}],"wp:attachment":[{"href":"https:\/\/e-flore.store\/lv\/wp-json\/wp\/v2\/media?parent=4862"}],"wp:term":[{"taxonomy":"product_brand","embeddable":true,"href":"https:\/\/e-flore.store\/lv\/wp-json\/wp\/v2\/product_brand?post=4862"},{"taxonomy":"product_cat","embeddable":true,"href":"https:\/\/e-flore.store\/lv\/wp-json\/wp\/v2\/product_cat?post=4862"},{"taxonomy":"product_tag","embeddable":true,"href":"https:\/\/e-flore.store\/lv\/wp-json\/wp\/v2\/product_tag?post=4862"}],"curies":[{"name":"wp","href":"https:\/\/api.w.org\/{rel}","templated":true}]}}