{"id":4875,"date":"2026-02-03T16:05:28","date_gmt":"2026-02-03T14:05:28","guid":{"rendered":"https:\/\/demo8.izveide.id.lv\/?post_type=product&#038;p=4875"},"modified":"2026-02-19T12:18:09","modified_gmt":"2026-02-19T10:18:09","slug":"frbw-65","status":"publish","type":"product","link":"https:\/\/e-flore.store\/lv\/produkts\/frbw-65\/","title":{"rendered":"FRBW 65"},"content":{"rendered":"<p><img decoding=\"async\" class=\"alignnone size-full wp-image-2105\" src=\"\/wp-content\/uploads\/2026\/01\/FRBW-65-PARENT_desc-scaled.jpg\" alt=\"FRBW 65-PARENT\" width=\"100%\" \/ style=\"width: 100%; height: auto; display: block;\" srcset=\"https:\/\/e-flore.store\/wp-content\/uploads\/2026\/01\/FRBW-65-PARENT_desc-scaled.jpg 2560w, https:\/\/e-flore.store\/wp-content\/uploads\/2026\/01\/FRBW-65-PARENT_desc-scaled-600x338.jpg 600w, https:\/\/e-flore.store\/wp-content\/uploads\/2026\/01\/FRBW-65-PARENT_desc-scaled-300x169.jpg 300w, https:\/\/e-flore.store\/wp-content\/uploads\/2026\/01\/FRBW-65-PARENT_desc-scaled-1024x577.jpg 1024w\" sizes=\"(max-width: 2560px) 100vw, 2560px\" \/><\/p>\n<p>&nbsp;<\/p>\n<p><b>ROSTSCHUTZGRUNDIERUNG<\/b><\/p>\n<p style=\"text-align: justify;\"><b>&#8220;FRBW 65&#8221;<\/b><\/p>\n<p style=\"text-align: justify;\">ist eine schnell trocknende Rostschutzgrundierung auf Zinkphosphat-Basis mit hervorragenden Rostschutzeigenschaften. Die speziellen Bindemittel sorgen f\u00fcr ein gutes Eindringen in Roststrukturen. Aktive Pigmente sorgen f\u00fcr einen langlebigen Rostschutz im Innen- und Au\u00dfenbereich. Nach vollst\u00e4ndiger Trocknung (ca. 24 Stunden) mit diversen Farben und Lacken \u00fcberlackierbar.<b><br \/>\n<\/b><\/p>\n<p style=\"text-align: justify;\"><b>Eigenschaften:<\/b><\/p>\n<p style=\"text-align: justify;\">&#8211; glatte, porenfreie Oberfl\u00e4che<\/p>\n<p style=\"text-align: justify;\">&#8211; schnell trocknend<\/p>\n<p style=\"text-align: justify;\">&#8211; \u00fcberlackierbar mit div. Farbsystemen<\/p>\n<p style=\"text-align: justify;\">&#8211; Temperaturbest\u00e4ndigkeit bis +130 \u00b0C.<\/p>\n<p style=\"text-align: justify;\"><b>Anwendung:<\/b><\/p>\n<p style=\"text-align: justify;\">Alle Fl\u00e4chen m\u00fcssen trocken und frei von Verunreinigungen wie Fett, \u00d6l und Staub sein. Dose nach h\u00f6rbarem Anschlag der Mischkugel noch ca. 3 Minuten intensiv weiter sch\u00fctteln. Im Abstand von ca. 15-20 cm in mehreren Kreuzg\u00e4ngen auftragen.<\/p>\n<p><b>Technische Daten:<\/b><\/p>\n<p>Farbe: rotbraun<\/p>\n<p>Aush\u00e4rtung: bei 20 \u00b0C, nach ca. 15 Minuten staubtrocken, nach 25 Minuten grifffest<\/p>\n<p>Weiterverarbeitung: \u00dcberlackierbar mit diversen Lacken und Farben \u2013 jeweils Eigenpr\u00fcfung erforderlich.<\/p>\n","protected":false},"excerpt":{"rendered":"<p>&nbsp; ROSTSCHUTZGRUNDIERUNG &#8220;FRBW 65&#8221; ist eine schnell trocknende Rostschutzgrundierung auf Zinkphosphat-Basis mit hervorragenden Rostschutzeigenschaften. Die speziellen Bindemittel sorgen f\u00fcr ein gutes Eindringen in Roststrukturen. Aktive Pigmente sorgen f\u00fcr einen langlebigen Rostschutz im Innen- und Au\u00dfenbereich. Nach vollst\u00e4ndiger Trocknung (ca. 24 Stunden) mit diversen Farben und Lacken \u00fcberlackierbar. Eigenschaften: &#8211; glatte, porenfreie Oberfl\u00e4che &#8211; schnell trocknend&#8230;<\/p>\n","protected":false},"featured_media":6834,"template":"","meta":[],"product_brand":[337],"product_cat":[465,414,459],"product_tag":[],"class_list":{"0":"post-4875","1":"product","2":"type-product","3":"status-publish","4":"has-post-thumbnail","6":"product_brand-flore-chemie","7":"product_cat-apkope-un-remonts-aizsardziba-pret-koroziju","8":"product_cat-chemie-spezial-produkti","9":"product_cat-tehniskie-aerosoli","11":"first","12":"instock","13":"shipping-taxable","14":"purchasable","15":"product-type-variable","16":"has-default-attributes"},"_links":{"self":[{"href":"https:\/\/e-flore.store\/lv\/wp-json\/wp\/v2\/product\/4875","targetHints":{"allow":["GET"]}}],"collection":[{"href":"https:\/\/e-flore.store\/lv\/wp-json\/wp\/v2\/product"}],"about":[{"href":"https:\/\/e-flore.store\/lv\/wp-json\/wp\/v2\/types\/product"}],"wp:featuredmedia":[{"embeddable":true,"href":"https:\/\/e-flore.store\/lv\/wp-json\/wp\/v2\/media\/6834"}],"wp:attachment":[{"href":"https:\/\/e-flore.store\/lv\/wp-json\/wp\/v2\/media?parent=4875"}],"wp:term":[{"taxonomy":"product_brand","embeddable":true,"href":"https:\/\/e-flore.store\/lv\/wp-json\/wp\/v2\/product_brand?post=4875"},{"taxonomy":"product_cat","embeddable":true,"href":"https:\/\/e-flore.store\/lv\/wp-json\/wp\/v2\/product_cat?post=4875"},{"taxonomy":"product_tag","embeddable":true,"href":"https:\/\/e-flore.store\/lv\/wp-json\/wp\/v2\/product_tag?post=4875"}],"curies":[{"name":"wp","href":"https:\/\/api.w.org\/{rel}","templated":true}]}}