{"id":4883,"date":"2026-02-03T16:05:34","date_gmt":"2026-02-03T14:05:34","guid":{"rendered":"https:\/\/demo8.izveide.id.lv\/?post_type=product&#038;p=4883"},"modified":"2026-02-19T12:28:42","modified_gmt":"2026-02-19T10:28:42","slug":"grsw-39","status":"publish","type":"product","link":"https:\/\/e-flore.store\/lv\/produkts\/grsw-39\/","title":{"rendered":"GRSW 39"},"content":{"rendered":"<p><img decoding=\"async\" class=\"alignnone size-full wp-image-2104\" style=\"width: 100%; height: auto; display: block;\" src=\"\/wp-content\/uploads\/2026\/01\/GRSW-39-PARENT_desc.jpg\" alt=\"GRSW 39-PARENT\" width=\"100%\" srcset=\"https:\/\/e-flore.store\/wp-content\/uploads\/2026\/01\/GRSW-39-PARENT_desc.jpg 1000w, https:\/\/e-flore.store\/wp-content\/uploads\/2026\/01\/GRSW-39-PARENT_desc-600x400.jpg 600w, https:\/\/e-flore.store\/wp-content\/uploads\/2026\/01\/GRSW-39-PARENT_desc-300x200.jpg 300w\" sizes=\"(max-width: 1000px) 100vw, 1000px\" \/><\/p>\n<div id=\"eflore-spacer-v55\" style=\"height: 0px; clear: both; width: 100%; display: block;\"><\/div>\n<p style=\"margin-bottom: 10px; margin-top: 30px;\"><strong>ROSTSCHOCK<\/strong><\/p>\n<p style=\"margin-bottom: 10px; margin-top: 30px;\"><strong>&#8220;GRSW 39&#8221;<\/strong><\/p>\n<p style=\"margin-bottom: 8px; margin-top: 0px; line-height: 1.6;\">ist eine Zusammensetzung aus biologisch abbaubaren \u00d6len und Alkohol. Die speziell abgestimmte Wirkstoffkombination bewirkt an dem korrodierten Werkst\u00fcck einen K\u00e4lteschock. Durch seine kapillare Wirkung dringt\u00a0&#8220;GRSW 39&#8221;\u00a0tief in die entstandenen Zwischenr\u00e4ume ein. Das Produkt enth\u00e4lt korrosionsabweisende Komponenten, diese verhindern langfristig eine erneute Rostbildung.<\/p>\n<p style=\"margin-bottom: 10px; margin-top: 30px;\"><strong>Eigenschaften:<\/strong><\/p>\n<p style=\"margin-bottom: 8px; margin-top: 0px; line-height: 1.6;\">&#8211; die Auswahl der eingesetzten Wirkstoffe l\u00e4sst eine Anwendung in allen Bereichen zu<\/p>\n<p style=\"margin-bottom: 8px; margin-top: 0px; line-height: 1.6;\">&#8211; dringt tief in die entstandenen Zwischenr\u00e4ume<\/p>\n<p style=\"margin-bottom: 8px; margin-top: 0px; line-height: 1.6;\">&#8211; l\u00f6st festsitzende bzw. korrodierte Verbindungen wie Schrauben, Muttern und Bolzen<\/p>\n<p style=\"margin-bottom: 8px; margin-top: 0px; line-height: 1.6;\">&#8211; sch\u00fctzt vor Korrosion bei der Montage von Schraub- und Gewindeverbindungen.<\/p>\n<p style=\"margin-bottom: 10px; margin-top: 30px;\"><strong>Anwendung:<\/strong><\/p>\n<p style=\"margin-bottom: 8px; margin-top: 0px; line-height: 1.6;\">Dose vor Gebrauch intensiv sch\u00fctteln und auf die zu behandelnde Stelle fl\u00e4chendeckend aufspr\u00fchen. Nach einigen Minuten Einwirkzeit, k\u00f6nnen die behandelten Teile gel\u00f6st werden.<\/p>\n<p style=\"margin-bottom: 10px; margin-top: 30px;\"><strong>Technische Daten:<\/strong><\/p>\n<p style=\"margin-bottom: 8px; margin-top: 0px; line-height: 1.6;\">Geruch: typisch nach L\u00f6semitteln<\/p>\n<p style=\"margin-bottom: 8px; margin-top: 0px; line-height: 1.6;\">Farbe: blau<\/p>\n<p style=\"margin-bottom: 8px; margin-top: 0px; line-height: 1.6;\">Verarbeitungstemperatur: +15 \u00b0C bis +25 \u00b0C Lagerf\u00e4higkeit: +5 \u00b0C bis max. +25 \u00b0C<\/p>\n","protected":false},"excerpt":{"rendered":"<p>ROSTSCHOCK &#8220;GRSW 39&#8221; ist eine Zusammensetzung aus biologisch abbaubaren \u00d6len und Alkohol. Die speziell abgestimmte Wirkstoffkombination bewirkt an dem korrodierten Werkst\u00fcck einen K\u00e4lteschock. Durch seine kapillare Wirkung dringt\u00a0&#8220;GRSW 39&#8221;\u00a0tief in die entstandenen Zwischenr\u00e4ume ein. Das Produkt enth\u00e4lt korrosionsabweisende Komponenten, diese verhindern langfristig eine erneute Rostbildung. Eigenschaften: &#8211; die Auswahl der eingesetzten Wirkstoffe l\u00e4sst eine Anwendung&#8230;<\/p>\n","protected":false},"featured_media":6843,"template":"","meta":[],"product_brand":[337],"product_cat":[465,414,459],"product_tag":[],"class_list":{"0":"post-4883","1":"product","2":"type-product","3":"status-publish","4":"has-post-thumbnail","6":"product_brand-flore-chemie","7":"product_cat-apkope-un-remonts-aizsardziba-pret-koroziju","8":"product_cat-chemie-spezial-produkti","9":"product_cat-tehniskie-aerosoli","11":"first","12":"instock","13":"shipping-taxable","14":"purchasable","15":"product-type-variable","16":"has-default-attributes"},"_links":{"self":[{"href":"https:\/\/e-flore.store\/lv\/wp-json\/wp\/v2\/product\/4883","targetHints":{"allow":["GET"]}}],"collection":[{"href":"https:\/\/e-flore.store\/lv\/wp-json\/wp\/v2\/product"}],"about":[{"href":"https:\/\/e-flore.store\/lv\/wp-json\/wp\/v2\/types\/product"}],"wp:featuredmedia":[{"embeddable":true,"href":"https:\/\/e-flore.store\/lv\/wp-json\/wp\/v2\/media\/6843"}],"wp:attachment":[{"href":"https:\/\/e-flore.store\/lv\/wp-json\/wp\/v2\/media?parent=4883"}],"wp:term":[{"taxonomy":"product_brand","embeddable":true,"href":"https:\/\/e-flore.store\/lv\/wp-json\/wp\/v2\/product_brand?post=4883"},{"taxonomy":"product_cat","embeddable":true,"href":"https:\/\/e-flore.store\/lv\/wp-json\/wp\/v2\/product_cat?post=4883"},{"taxonomy":"product_tag","embeddable":true,"href":"https:\/\/e-flore.store\/lv\/wp-json\/wp\/v2\/product_tag?post=4883"}],"curies":[{"name":"wp","href":"https:\/\/api.w.org\/{rel}","templated":true}]}}