{"id":4891,"date":"2026-02-03T16:05:35","date_gmt":"2026-02-03T14:05:35","guid":{"rendered":"https:\/\/demo8.izveide.id.lv\/?post_type=product&#038;p=4891"},"modified":"2026-02-19T12:31:18","modified_gmt":"2026-02-19T10:31:18","slug":"grsw-300","status":"publish","type":"product","link":"https:\/\/e-flore.store\/lv\/produkts\/grsw-300\/","title":{"rendered":"GRSW 300"},"content":{"rendered":"<p><img decoding=\"async\" class=\"alignnone size-full wp-image-2100\" style=\"width: 100%; height: auto; display: block;\" src=\"\/wp-content\/uploads\/2026\/01\/GRSW-300-PARENT_desc.jpg\" alt=\"GRSW 300-PARENT\" width=\"100%\" srcset=\"https:\/\/e-flore.store\/wp-content\/uploads\/2026\/01\/GRSW-300-PARENT_desc.jpg 1000w, https:\/\/e-flore.store\/wp-content\/uploads\/2026\/01\/GRSW-300-PARENT_desc-600x400.jpg 600w, https:\/\/e-flore.store\/wp-content\/uploads\/2026\/01\/GRSW-300-PARENT_desc-300x200.jpg 300w\" sizes=\"(max-width: 1000px) 100vw, 1000px\" \/><\/p>\n<div id=\"eflore-spacer-v55\" style=\"height: 0px; clear: both; width: 100%; display: block;\"><\/div>\n<p style=\"margin-bottom: 10px; margin-top: 30px;\"><strong>K\u00c4LTESPRAY<\/strong><\/p>\n<p style=\"margin-bottom: 10px; margin-top: 30px;\"><strong>&#8220;GRSW 300&#8221;<\/strong><\/p>\n<p style=\"margin-bottom: 8px; margin-top: 0px; line-height: 1.6;\">ist ein schnellwirksames Mittel zum Vereisen und Schrumpfen von Metallen. Zur Fehlersuche bei thermischen Unterbrechungen. Vermeidet Hitzesch\u00e4den beim L\u00f6ten. Ist hochwirksam und ergiebig.<\/p>\n<p style=\"margin-bottom: 10px; margin-top: 30px;\"><strong>Eigenschaften:<\/strong><\/p>\n<p style=\"margin-bottom: 8px; margin-top: 0px; line-height: 1.6;\">&#8211; schnellwirksames Mittel zum Vereisen und Schrumpfen von Metallen und Kunststoffen<\/p>\n<p style=\"margin-bottom: 8px; margin-top: 0px; line-height: 1.6;\">&#8211; erleichtert das Einpassen von Buchsen, Lagern, Wellen etc. in engste Passungen<\/p>\n<p style=\"margin-bottom: 8px; margin-top: 0px; line-height: 1.6;\">&#8211; zur Fehlersuche bei thermischen Unterbrechungen<\/p>\n<p style=\"margin-bottom: 8px; margin-top: 0px; line-height: 1.6;\">&#8211; vermeidet Hitzesch\u00e4den beim L\u00f6ten<\/p>\n<p style=\"margin-bottom: 8px; margin-top: 0px; line-height: 1.6;\">&#8211; hochwirksam und ergiebig<\/p>\n<p style=\"margin-bottom: 8px; margin-top: 0px; line-height: 1.6;\">&#8211; K\u00e4lteentwicklung bis -40 \u00b0C.<\/p>\n<p style=\"margin-bottom: 10px; margin-top: 30px;\"><strong>Anwendung:<\/strong><\/p>\n<p style=\"margin-bottom: 8px; margin-top: 0px; line-height: 1.6;\">Die zu k\u00fchlenden Stellen einige Sekunden bespr\u00fchen. Abh\u00e4ngig von der Spr\u00fchdauer kann der K\u00e4lteeffekt erh\u00f6ht oder verringert werden. Nicht an unter Spannung stehenden Teilen anwenden. Achtung! Nicht auf K\u00f6rperteile spr\u00fchen, da sonst Erfrierungsgefahr besteht. Bei bestimmungsgem\u00e4\u00dfer Anwendung ist das Produkt unsch\u00e4dlich.<\/p>\n<p style=\"margin-bottom: 10px; margin-top: 30px;\"><strong>Technische Daten:<\/strong><\/p>\n<p style=\"margin-bottom: 8px; margin-top: 0px; line-height: 1.6;\">Merkmale: Abk\u00fchlung bis -40 \u00b0C<\/p>\n<p style=\"margin-bottom: 8px; margin-top: 0px; line-height: 1.6;\">Geruch: fast geruchslos<\/p>\n<p style=\"margin-bottom: 8px; margin-top: 0px; line-height: 1.6;\">Lagertemperatur: +5 \u00b0C bis max. +25 \u00b0C<\/p>\n","protected":false},"excerpt":{"rendered":"<p>K\u00c4LTESPRAY &#8220;GRSW 300&#8221; ist ein schnellwirksames Mittel zum Vereisen und Schrumpfen von Metallen. Zur Fehlersuche bei thermischen Unterbrechungen. Vermeidet Hitzesch\u00e4den beim L\u00f6ten. Ist hochwirksam und ergiebig. Eigenschaften: &#8211; schnellwirksames Mittel zum Vereisen und Schrumpfen von Metallen und Kunststoffen &#8211; erleichtert das Einpassen von Buchsen, Lagern, Wellen etc. in engste Passungen &#8211; zur Fehlersuche bei thermischen&#8230;<\/p>\n","protected":false},"featured_media":6841,"template":"","meta":[],"product_brand":[337],"product_cat":[465,414,459],"product_tag":[],"class_list":{"0":"post-4891","1":"product","2":"type-product","3":"status-publish","4":"has-post-thumbnail","6":"product_brand-flore-chemie","7":"product_cat-apkope-un-remonts-aizsardziba-pret-koroziju","8":"product_cat-chemie-spezial-produkti","9":"product_cat-tehniskie-aerosoli","11":"first","12":"instock","13":"shipping-taxable","14":"purchasable","15":"product-type-variable","16":"has-default-attributes"},"_links":{"self":[{"href":"https:\/\/e-flore.store\/lv\/wp-json\/wp\/v2\/product\/4891","targetHints":{"allow":["GET"]}}],"collection":[{"href":"https:\/\/e-flore.store\/lv\/wp-json\/wp\/v2\/product"}],"about":[{"href":"https:\/\/e-flore.store\/lv\/wp-json\/wp\/v2\/types\/product"}],"wp:featuredmedia":[{"embeddable":true,"href":"https:\/\/e-flore.store\/lv\/wp-json\/wp\/v2\/media\/6841"}],"wp:attachment":[{"href":"https:\/\/e-flore.store\/lv\/wp-json\/wp\/v2\/media?parent=4891"}],"wp:term":[{"taxonomy":"product_brand","embeddable":true,"href":"https:\/\/e-flore.store\/lv\/wp-json\/wp\/v2\/product_brand?post=4891"},{"taxonomy":"product_cat","embeddable":true,"href":"https:\/\/e-flore.store\/lv\/wp-json\/wp\/v2\/product_cat?post=4891"},{"taxonomy":"product_tag","embeddable":true,"href":"https:\/\/e-flore.store\/lv\/wp-json\/wp\/v2\/product_tag?post=4891"}],"curies":[{"name":"wp","href":"https:\/\/api.w.org\/{rel}","templated":true}]}}