{"id":4909,"date":"2026-02-03T16:05:37","date_gmt":"2026-02-03T14:05:37","guid":{"rendered":"https:\/\/demo8.izveide.id.lv\/?post_type=product&#038;p=4909"},"modified":"2026-02-19T12:33:53","modified_gmt":"2026-02-19T10:33:53","slug":"neu1497-lk","status":"publish","type":"product","link":"https:\/\/e-flore.store\/lv\/produkts\/neu1497-lk\/","title":{"rendered":"NEU1497 LK"},"content":{"rendered":"<p><img decoding=\"async\" class=\"alignnone size-full wp-image-2097\" style=\"width: 100%; height: auto; display: block;\" src=\"\/wp-content\/uploads\/2026\/01\/NEU1497-LK-PARENT_desc.jpg\" alt=\"NEU1497 LK-PARENT\" width=\"100%\" srcset=\"https:\/\/e-flore.store\/wp-content\/uploads\/2026\/01\/NEU1497-LK-PARENT_desc.jpg 720w, https:\/\/e-flore.store\/wp-content\/uploads\/2026\/01\/NEU1497-LK-PARENT_desc-600x400.jpg 600w, https:\/\/e-flore.store\/wp-content\/uploads\/2026\/01\/NEU1497-LK-PARENT_desc-300x200.jpg 300w\" sizes=\"(max-width: 720px) 100vw, 720px\" \/><\/p>\n<p><b>UNTERHALTSREINIGER F\u00dcR LAMINAT UND VERSIEGELTES PARKETT<\/b><\/p>\n<p><b>Produktbeschreibung:<br \/>\n<\/b><\/p>\n<p style=\"text-align: justify;\">&#8220;NEU1497 LK&#8221; ist eine Wischpflege f\u00fcr Laminat-Bodenbel\u00e4ge. Sie ist auch f\u00fcr versiegeltes Parkett geeignet.<b><br \/>\n<\/b><\/p>\n<p><b>Anwendung:<\/b><\/p>\n<p style=\"text-align: justify;\">Reinigt gr\u00fcndlich bei gleichzeitiger Materialschonung. Trocknet schnell, streifenfrei und bringt seidenmatten Selbstglanz, ist schaumarm und ph-neutral eingestellt. Rutschhemmend und mit angenehmer Duftnote.<b><br \/>\n<\/b><\/p>\n<p><b>Dosierung:<\/b><\/p>\n<p style=\"text-align: justify;\"><span style=\"letter-spacing: normal;\">&#8220;NEU1497 LK&#8221;<\/span> mit handwarmen Wasser anwenden. Mopp oder Tuch gut auspressen- stehende N\u00e4sse vermeiden. Die Dosierung im Feuchtwischverfahren 50 ml auf 10 Liter Wasser.<\/p>\n<p><b>Hinweise:<\/b><\/p>\n<p>Inhaltsstoffe: &lt;5 % nichtionogene Tenside, Alkohole, Hilfsstoffe, Farb- und Duftstoffe.<\/p>\n","protected":false},"excerpt":{"rendered":"<p>UNTERHALTSREINIGER F\u00dcR LAMINAT UND VERSIEGELTES PARKETT Produktbeschreibung: &#8220;NEU1497 LK&#8221; ist eine Wischpflege f\u00fcr Laminat-Bodenbel\u00e4ge. Sie ist auch f\u00fcr versiegeltes Parkett geeignet. Anwendung: Reinigt gr\u00fcndlich bei gleichzeitiger Materialschonung. Trocknet schnell, streifenfrei und bringt seidenmatten Selbstglanz, ist schaumarm und ph-neutral eingestellt. Rutschhemmend und mit angenehmer Duftnote. Dosierung: &#8220;NEU1497 LK&#8221; mit handwarmen Wasser anwenden. Mopp oder Tuch gut&#8230;<\/p>\n","protected":false},"featured_media":6856,"template":"","meta":[],"product_brand":[337],"product_cat":[474,414,471],"product_tag":[],"class_list":{"0":"post-4909","1":"product","2":"type-product","3":"status-publish","4":"has-post-thumbnail","6":"product_brand-flore-chemie","7":"product_cat-koka-virsmu-apstrade","8":"product_cat-chemie-spezial-produkti","9":"product_cat-eku-tirisana","11":"first","12":"instock","13":"shipping-taxable","14":"purchasable","15":"product-type-variable","16":"has-default-attributes"},"_links":{"self":[{"href":"https:\/\/e-flore.store\/lv\/wp-json\/wp\/v2\/product\/4909","targetHints":{"allow":["GET"]}}],"collection":[{"href":"https:\/\/e-flore.store\/lv\/wp-json\/wp\/v2\/product"}],"about":[{"href":"https:\/\/e-flore.store\/lv\/wp-json\/wp\/v2\/types\/product"}],"wp:featuredmedia":[{"embeddable":true,"href":"https:\/\/e-flore.store\/lv\/wp-json\/wp\/v2\/media\/6856"}],"wp:attachment":[{"href":"https:\/\/e-flore.store\/lv\/wp-json\/wp\/v2\/media?parent=4909"}],"wp:term":[{"taxonomy":"product_brand","embeddable":true,"href":"https:\/\/e-flore.store\/lv\/wp-json\/wp\/v2\/product_brand?post=4909"},{"taxonomy":"product_cat","embeddable":true,"href":"https:\/\/e-flore.store\/lv\/wp-json\/wp\/v2\/product_cat?post=4909"},{"taxonomy":"product_tag","embeddable":true,"href":"https:\/\/e-flore.store\/lv\/wp-json\/wp\/v2\/product_tag?post=4909"}],"curies":[{"name":"wp","href":"https:\/\/api.w.org\/{rel}","templated":true}]}}