{"id":4922,"date":"2026-02-03T16:05:39","date_gmt":"2026-02-03T14:05:39","guid":{"rendered":"https:\/\/demo8.izveide.id.lv\/?post_type=product&#038;p=4922"},"modified":"2026-02-19T12:09:05","modified_gmt":"2026-02-19T10:09:05","slug":"flor-plus-srp-super-spray-flor-plus-srp-super-flussig-code-0022-0021","status":"publish","type":"product","link":"https:\/\/e-flore.store\/lv\/produkts\/flor-plus-srp-super-spray-flor-plus-srp-super-flussig-code-0022-0021\/","title":{"rendered":"Flor Plus SRP Super Spray \/ Flor Plus SRP Super fl\u00fcssig (kods 0022 \/ 0021)"},"content":{"rendered":"<p><img decoding=\"async\" alt=\"0022-PARENT\" class=\"alignnone size-full wp-image-2156\" src=\"\/wp-content\/uploads\/2026\/01\/0022-PARENT_desc.jpg\" width=\"100%\" style=\"width: 100%; height: auto; display: block;\" srcset=\"https:\/\/e-flore.store\/wp-content\/uploads\/2026\/01\/0022-PARENT_desc.jpg 957w, https:\/\/e-flore.store\/wp-content\/uploads\/2026\/01\/0022-PARENT_desc-600x450.jpg 600w, https:\/\/e-flore.store\/wp-content\/uploads\/2026\/01\/0022-PARENT_desc-300x225.jpg 300w\" sizes=\"(max-width: 957px) 100vw, 957px\" \/><\/p>\n<div id=\"eflore-spacer-v55\" style=\"height: 0px; clear: both; width: 100%; display: block;\"><\/div>\n<p style=\"margin-bottom: 10px; margin-top: 30px;\"><strong>R\u016aSAS \u0160\u0136\u012aDIN\u0100T\u0100JS V\u012aTN\u0112S<\/strong><\/p>\n<p style=\"margin-bottom: 10px; margin-top: 30px;\"><strong>\u012apa\u0161\u012bbas<\/strong><\/p>\n<p style=\"margin-bottom: 8px; margin-top: 0px; line-height: 1.6;\">&#8211; Pateicoties l\u012bdzek\u013ca caurpl\u016b\u0161anas sp\u0113j\u0101m, iedarb\u012bgi \u0161\u0137\u012bdina jebkura veida r\u016bsu.<\/p>\n<p style=\"margin-bottom: 8px; margin-top: 0px; line-height: 1.6;\">&#8211; Ar l\u012bdzek\u013ca pal\u012bdz\u012bbu var atdal\u012bt stipri sar\u016bs\u0113ju\u0161us savienojumus, piem\u0113ram, akumulatoru spailes, dzin\u0113ju izpl\u016bdes g\u0101zu kolektoru skr\u016bves, cilindra v\u0101ka skr\u016bves, no\u0137\u012bl\u0113ju\u0161as sl\u0113dzenes un citus sar\u016bs\u0113ju\u0161us savienojumus.<\/p>\n<p style=\"margin-bottom: 8px; margin-top: 0px; line-height: 1.6;\">&#8211; \u0112rti t\u012br\u012bt aizs\u0113r\u0113ju\u0161us karburatoru \u017eiklerus.<\/p>\n<p style=\"margin-bottom: 8px; margin-top: 0px; line-height: 1.6;\">&#8211; Not\u012bra oks\u012bda k\u0101rtu no elektrisko kontaktu savienojumiem.<\/p>\n<p style=\"margin-bottom: 8px; margin-top: 0px; line-height: 1.6;\">&#8211; Viegli not\u012bra putek\u013cus, taukus un citus net\u012brumus.<\/p>\n<p style=\"margin-bottom: 8px; margin-top: 0px; line-height: 1.6;\">&#8211; Izspie\u017e mitrumu un nov\u0113r\u0161 turpm\u0101ku koroziju.<\/p>\n<p style=\"margin-bottom: 8px; margin-top: 0px; line-height: 1.6;\">&#8211; Pateicoties viskozit\u0101tei \u012bpa\u0161i ekonomisks lieto\u0161an\u0101.<\/p>\n<p style=\"margin-bottom: 8px; margin-top: 0px; line-height: 1.6;\">&#8211; Nav toksisks un nekait\u0113 \u0101dai.<\/p>\n<p style=\"margin-bottom: 10px; margin-top: 30px;\"><strong>Pielieto\u0161anas veidi un uzglab\u0101\u0161ana<\/strong><\/p>\n<p style=\"margin-bottom: 8px; margin-top: 0px; line-height: 1.6;\">&#8211; Uzsmidzin\u0101t vai uzkl\u0101t ar otu un atst\u0101t iedarboties uz da\u017e\u0101m min\u016bt\u0113m. Stipri sar\u016bs\u0113ju\u0161os savienojumos l\u012bdzeklim \u013caut iedarboties 10 \u2013 15 min.<\/p>\n<p style=\"margin-bottom: 8px; margin-top: 0px; line-height: 1.6;\">&#8211; Uzman\u012bbu! Neieelpot tvaikus! Nodro\u0161in\u0101t ventil\u0101ciju!<\/p>\n<p style=\"margin-bottom: 10px; margin-top: 30px;\"><strong>Tehniskais raksturojums<\/strong><\/p>\n<p style=\"margin-bottom: 8px; margin-top: 0px; line-height: 1.6;\"><strong>Fizisk\u0101 forma<\/strong>: aerosols \/ \u0161\u0137idrums<\/p>\n<p style=\"margin-bottom: 8px; margin-top: 0px; line-height: 1.6;\"><strong>Bl\u012bvums (20 \u00baC)<\/strong>: 0.8 g \/ ml \u00a0\/ \u00a01.14 g \/ ml<\/p>\n<p style=\"margin-bottom: 8px; margin-top: 0px; line-height: 1.6;\"><strong>V\u0101r\u012b\u0161an\u0101s diapazons<\/strong>: +180 \u00baC<\/p>\n<p style=\"margin-bottom: 8px; margin-top: 0px; line-height: 1.6;\"><strong>Uzliesmo\u0161anas temperat\u016bra<\/strong>: +60 \u00baC<\/p>\n<p style=\"margin-bottom: 8px; margin-top: 0px; line-height: 1.6;\"><strong>Viskozit\u0101te<\/strong>: 3<\/p>\n<p style=\"margin-bottom: 8px; margin-top: 0px; line-height: 1.6;\"><strong>Sast\u0101vs<\/strong>: naftas e\u013c\u013cas stilets, polialkili, miner\u0101lu selekt\u012bvu rafin\u0101ti, konservanti, arom\u0101tisk\u0101s vielas, pretkorozijas vielas<\/p>\n","protected":false},"excerpt":{"rendered":"<p>R\u016aSAS \u0160\u0136\u012aDIN\u0100T\u0100JS V\u012aTN\u0112S \u012apa\u0161\u012bbas &#8211; Pateicoties l\u012bdzek\u013ca caurpl\u016b\u0161anas sp\u0113j\u0101m, iedarb\u012bgi \u0161\u0137\u012bdina jebkura veida r\u016bsu. &#8211; Ar l\u012bdzek\u013ca pal\u012bdz\u012bbu var atdal\u012bt stipri sar\u016bs\u0113ju\u0161us savienojumus, piem\u0113ram, akumulatoru spailes, dzin\u0113ju izpl\u016bdes g\u0101zu kolektoru skr\u016bves, cilindra v\u0101ka skr\u016bves, no\u0137\u012bl\u0113ju\u0161as sl\u0113dzenes un citus sar\u016bs\u0113ju\u0161us savienojumus. &#8211; \u0112rti t\u012br\u012bt aizs\u0113r\u0113ju\u0161us karburatoru \u017eiklerus. &#8211; Not\u012bra oks\u012bda k\u0101rtu no elektrisko kontaktu savienojumiem. &#8211;&#8230;<\/p>\n","protected":false},"featured_media":4923,"template":"","meta":[],"product_brand":[337],"product_cat":[353,377,389],"product_tag":[],"class_list":{"0":"post-4922","1":"product","2":"type-product","3":"status-publish","4":"has-post-thumbnail","6":"product_brand-flore-chemie","7":"product_cat-flore-chemie-produkti","8":"product_cat-industrija-rupnieciba-masinbuve-elektroiekartas","9":"product_cat-ipasie-tehnikas-aizsardzibas-un-kopsanas-lidzekli-rusas-skidinataji-izolatori-elektroiekartu-un-elektronikas-tiritaji-u-c","11":"first","12":"instock","13":"shipping-taxable","14":"purchasable","15":"product-type-variable","16":"has-default-attributes"},"_links":{"self":[{"href":"https:\/\/e-flore.store\/lv\/wp-json\/wp\/v2\/product\/4922","targetHints":{"allow":["GET"]}}],"collection":[{"href":"https:\/\/e-flore.store\/lv\/wp-json\/wp\/v2\/product"}],"about":[{"href":"https:\/\/e-flore.store\/lv\/wp-json\/wp\/v2\/types\/product"}],"wp:featuredmedia":[{"embeddable":true,"href":"https:\/\/e-flore.store\/lv\/wp-json\/wp\/v2\/media\/4923"}],"wp:attachment":[{"href":"https:\/\/e-flore.store\/lv\/wp-json\/wp\/v2\/media?parent=4922"}],"wp:term":[{"taxonomy":"product_brand","embeddable":true,"href":"https:\/\/e-flore.store\/lv\/wp-json\/wp\/v2\/product_brand?post=4922"},{"taxonomy":"product_cat","embeddable":true,"href":"https:\/\/e-flore.store\/lv\/wp-json\/wp\/v2\/product_cat?post=4922"},{"taxonomy":"product_tag","embeddable":true,"href":"https:\/\/e-flore.store\/lv\/wp-json\/wp\/v2\/product_tag?post=4922"}],"curies":[{"name":"wp","href":"https:\/\/api.w.org\/{rel}","templated":true}]}}