{"id":4929,"date":"2026-02-03T16:05:42","date_gmt":"2026-02-03T14:05:42","guid":{"rendered":"https:\/\/demo8.izveide.id.lv\/?post_type=product&#038;p=4929"},"modified":"2026-02-19T12:09:31","modified_gmt":"2026-02-19T10:09:31","slug":"florin-ec-spray-florin-ec-flussig-code-0467-0410","status":"publish","type":"product","link":"https:\/\/e-flore.store\/lv\/produkts\/florin-ec-spray-florin-ec-flussig-code-0467-0410\/","title":{"rendered":"Florin EC Spray \/ Florin EC fl\u00fcssig (kods 0467 \/ 0410)"},"content":{"rendered":"<p><img decoding=\"async\" alt=\"0467-PARENT\" class=\"alignnone size-full wp-image-2147\" src=\"\/wp-content\/uploads\/2026\/01\/0467-PARENT_desc.jpg\" width=\"100%\" style=\"width: 100%; height: auto; display: block;\" srcset=\"https:\/\/e-flore.store\/wp-content\/uploads\/2026\/01\/0467-PARENT_desc.jpg 1000w, https:\/\/e-flore.store\/wp-content\/uploads\/2026\/01\/0467-PARENT_desc-600x450.jpg 600w, https:\/\/e-flore.store\/wp-content\/uploads\/2026\/01\/0467-PARENT_desc-300x225.jpg 300w\" sizes=\"(max-width: 1000px) 100vw, 1000px\" \/><\/p>\n<div id=\"eflore-spacer-v55\" style=\"height: 0px; clear: both; width: 100%; display: block;\"><\/div>\n<p style=\"margin-bottom: 10px; margin-top: 30px;\"><strong>ELEKTRONISKO IEK\u0100RTU T\u012aR\u012a\u0160ANAS L\u012aDZEKLIS<\/strong><\/p>\n<p style=\"margin-bottom: 10px; margin-top: 30px;\"><strong>\u012apa\u0161\u012bbas<\/strong><\/p>\n<p style=\"margin-bottom: 8px; margin-top: 0px; line-height: 1.6;\">&#8211; Speci\u0101lais l\u012bdzeklis taukvielu t\u012br\u012b\u0161anai no elektroniskaj\u0101m un elektrosist\u0113mu da\u013c\u0101m.<\/p>\n<p style=\"margin-bottom: 8px; margin-top: 0px; line-height: 1.6;\">&#8211; Nesatur halog\u0113nos \u016bde\u0146ra\u017eus.<\/p>\n<p style=\"margin-bottom: 8px; margin-top: 0px; line-height: 1.6;\">&#8211; Nesatur aromatiz\u0113t\u0101jus.<\/p>\n<p style=\"margin-bottom: 8px; margin-top: 0px; line-height: 1.6;\">&#8211; Efekt\u012bvi not\u012bra taukvielas u.c. pies\u0101r\u0146ojumu.<\/p>\n<p style=\"margin-bottom: 8px; margin-top: 0px; line-height: 1.6;\">&#8211; L\u012bdzeklim piem\u012bt viegla smar\u017ea, kas \u0101tri izgaist.<\/p>\n<p style=\"margin-bottom: 8px; margin-top: 0px; line-height: 1.6;\">&#8211; Neiedarbojas destrukt\u012bvi uz sint\u0113tiskajiem materi\u0101liem.<\/p>\n<p style=\"margin-bottom: 10px; margin-top: 30px;\"><strong>Pielieto\u0161anas iesp\u0113jas<\/strong><\/p>\n<p style=\"margin-bottom: 8px; margin-top: 0px; line-height: 1.6;\">&#8211; Datoru un video sist\u0113mas.<\/p>\n<p style=\"margin-bottom: 8px; margin-top: 0px; line-height: 1.6;\">&#8211; Kontroles un m\u0113rapar\u0101ti.<\/p>\n<p style=\"margin-bottom: 8px; margin-top: 0px; line-height: 1.6;\">&#8211; Releji, signaliz\u0101cijas sist\u0113mas.<\/p>\n<p style=\"margin-bottom: 8px; margin-top: 0px; line-height: 1.6;\">&#8211; Au\u0161anas un ad\u012b\u0161anas stelles un ma\u0161\u012bnas.<\/p>\n<p style=\"margin-bottom: 10px; margin-top: 30px;\"><strong>Pielieto\u0161anas veidi un uzglab\u0101\u0161ana<\/strong><\/p>\n<p style=\"margin-bottom: 8px; margin-top: 0px; line-height: 1.6;\">&#8211; Liel\u0101ka apjoma priek\u0161metiem un da\u013c\u0101m, l\u012bdzekli pielietot neat\u0161\u0137aid\u012btu izsmidzinot to uz virsmas.<\/p>\n<p style=\"margin-bottom: 8px; margin-top: 0px; line-height: 1.6;\">&#8211; Maziem mezgliem, l\u012bdzekli izsmidzin\u0101t uz dr\u0101nas jeb salvetes un t\u012br\u012bt virsmu ar t\u0101s pal\u012bdz\u012bbu.<\/p>\n<p style=\"margin-bottom: 8px; margin-top: 0px; line-height: 1.6;\">&#8211; Liela izm\u0113ra releju t\u012br\u012b\u0161anai, izsmidzin\u0101t l\u012bdzekli ar sp\u0113c\u012bgu str\u016bklu, p\u0113c tam no\u017e\u0101v\u0113t ar gaisa str\u016bklu.<\/p>\n<p style=\"margin-bottom: 10px; margin-top: 30px;\"><strong>Tehniskais raksturojums<\/strong><\/p>\n<p style=\"margin-bottom: 8px; margin-top: 0px; line-height: 1.6;\"><strong>Fizisk\u0101 forma<\/strong>: aerosols \/ \u0161\u0137idrums<\/p>\n<p style=\"margin-bottom: 8px; margin-top: 0px; line-height: 1.6;\"><strong>Bl\u012bvums (20 \u00baC)<\/strong>: 0.69 g \/ ml<\/p>\n<p style=\"margin-bottom: 8px; margin-top: 0px; line-height: 1.6;\"><strong>V\u0101r\u012b\u0161an\u0101s diapazons<\/strong>: +105 \u00baC<\/p>\n<p style=\"margin-bottom: 8px; margin-top: 0px; line-height: 1.6;\"><strong>Sast\u0101vs<\/strong>: izoparaf\u012bnu un og\u013c\u016bde\u0146ra\u017eu mais\u012bjums<\/p>\n","protected":false},"excerpt":{"rendered":"<p>ELEKTRONISKO IEK\u0100RTU T\u012aR\u012a\u0160ANAS L\u012aDZEKLIS \u012apa\u0161\u012bbas &#8211; Speci\u0101lais l\u012bdzeklis taukvielu t\u012br\u012b\u0161anai no elektroniskaj\u0101m un elektrosist\u0113mu da\u013c\u0101m. &#8211; Nesatur halog\u0113nos \u016bde\u0146ra\u017eus. &#8211; Nesatur aromatiz\u0113t\u0101jus. &#8211; Efekt\u012bvi not\u012bra taukvielas u.c. pies\u0101r\u0146ojumu. &#8211; L\u012bdzeklim piem\u012bt viegla smar\u017ea, kas \u0101tri izgaist. &#8211; Neiedarbojas destrukt\u012bvi uz sint\u0113tiskajiem materi\u0101liem. Pielieto\u0161anas iesp\u0113jas &#8211; Datoru un video sist\u0113mas. &#8211; Kontroles un m\u0113rapar\u0101ti. &#8211; Releji,&#8230;<\/p>\n","protected":false},"featured_media":4930,"template":"","meta":[],"product_brand":[337],"product_cat":[353,377,389],"product_tag":[],"class_list":{"0":"post-4929","1":"product","2":"type-product","3":"status-publish","4":"has-post-thumbnail","6":"product_brand-flore-chemie","7":"product_cat-flore-chemie-produkti","8":"product_cat-industrija-rupnieciba-masinbuve-elektroiekartas","9":"product_cat-ipasie-tehnikas-aizsardzibas-un-kopsanas-lidzekli-rusas-skidinataji-izolatori-elektroiekartu-un-elektronikas-tiritaji-u-c","11":"first","12":"instock","13":"shipping-taxable","14":"purchasable","15":"product-type-variable","16":"has-default-attributes"},"_links":{"self":[{"href":"https:\/\/e-flore.store\/lv\/wp-json\/wp\/v2\/product\/4929","targetHints":{"allow":["GET"]}}],"collection":[{"href":"https:\/\/e-flore.store\/lv\/wp-json\/wp\/v2\/product"}],"about":[{"href":"https:\/\/e-flore.store\/lv\/wp-json\/wp\/v2\/types\/product"}],"wp:featuredmedia":[{"embeddable":true,"href":"https:\/\/e-flore.store\/lv\/wp-json\/wp\/v2\/media\/4930"}],"wp:attachment":[{"href":"https:\/\/e-flore.store\/lv\/wp-json\/wp\/v2\/media?parent=4929"}],"wp:term":[{"taxonomy":"product_brand","embeddable":true,"href":"https:\/\/e-flore.store\/lv\/wp-json\/wp\/v2\/product_brand?post=4929"},{"taxonomy":"product_cat","embeddable":true,"href":"https:\/\/e-flore.store\/lv\/wp-json\/wp\/v2\/product_cat?post=4929"},{"taxonomy":"product_tag","embeddable":true,"href":"https:\/\/e-flore.store\/lv\/wp-json\/wp\/v2\/product_tag?post=4929"}],"curies":[{"name":"wp","href":"https:\/\/api.w.org\/{rel}","templated":true}]}}