{"id":4937,"date":"2026-02-03T16:05:43","date_gmt":"2026-02-03T14:05:43","guid":{"rendered":"https:\/\/demo8.izveide.id.lv\/?post_type=product&#038;p=4937"},"modified":"2026-02-19T12:10:29","modified_gmt":"2026-02-19T10:10:29","slug":"florin-me-spray-florin-me-flussig-code-0419-0420","status":"publish","type":"product","link":"https:\/\/e-flore.store\/lv\/produkts\/florin-me-spray-florin-me-flussig-code-0419-0420\/","title":{"rendered":"Florin ME Spray \/ Florin ME fl\u00fcssig (kods 0419 \/ 0420)"},"content":{"rendered":"<p><img decoding=\"async\" alt=\"0419-PARENT\" class=\"alignnone size-full wp-image-2146\" src=\"\/wp-content\/uploads\/2026\/01\/0419-PARENT_desc.jpg\" width=\"100%\" style=\"width: 100%; height: auto; display: block;\" srcset=\"https:\/\/e-flore.store\/wp-content\/uploads\/2026\/01\/0419-PARENT_desc.jpg 1024w, https:\/\/e-flore.store\/wp-content\/uploads\/2026\/01\/0419-PARENT_desc-600x499.jpg 600w, https:\/\/e-flore.store\/wp-content\/uploads\/2026\/01\/0419-PARENT_desc-300x250.jpg 300w\" sizes=\"(max-width: 1024px) 100vw, 1024px\" \/><\/p>\n<div id=\"eflore-spacer-v55\" style=\"height: 0px; clear: both; width: 100%; display: block;\"><\/div>\n<p style=\"margin-bottom: 10px; margin-top: 30px;\"><strong>ATTAUKO\u0160ANAS L\u012aDZEKLIS, E\u013b\u013bAS TRAIPU T\u012aR\u012aT\u0100JS<\/strong><\/p>\n<p style=\"margin-bottom: 10px; margin-top: 30px;\"><strong>\u012apa\u0161\u012bbas<\/strong><\/p>\n<p style=\"margin-bottom: 8px; margin-top: 0px; line-height: 1.6;\">&#8211; \u0100tri gaisto\u0161s l\u012bdzeklis taukvielu un e\u013c\u013cas traipu no\u0146em\u0161anai.<\/p>\n<p style=\"margin-bottom: 8px; margin-top: 0px; line-height: 1.6;\">&#8211; L\u012bdzeklim piem\u012bt pat\u012bkama smar\u017ea.<\/p>\n<p style=\"margin-bottom: 8px; margin-top: 0px; line-height: 1.6;\">&#8211; Pielietojot l\u012bdzekli iesp\u0113jams izvair\u012bties no apk\u0101rt\u0113j\u0101s virsmas pies\u0101r\u0146ojuma, k\u0101 tas notiek lietojot benz\u012bnu.<\/p>\n<p style=\"margin-bottom: 10px; margin-top: 30px;\"><strong>Pielieto\u0161anas iesp\u0113jas<\/strong><\/p>\n<p style=\"margin-bottom: 8px; margin-top: 0px; line-height: 1.6;\">&#8211; Taukvielu un e\u013c\u013cas atdal\u012b\u0161ana, k\u0101 no met\u0101la virsm\u0101m, t\u0101 ar\u012b no citiem materi\u0101liem.<\/p>\n<p style=\"margin-bottom: 8px; margin-top: 0px; line-height: 1.6;\">&#8211; Izmantojams e\u013c\u013cas un taukvielu traipu t\u012br\u012b\u0161anai no m\u012bkstajiem segumiem un materi\u0101liem.<\/p>\n<p style=\"margin-bottom: 8px; margin-top: 0px; line-height: 1.6;\">&#8211; Apstr\u0101d\u0101jot materi\u0101lus pirms sal\u012bm\u0113\u0161anas.<\/p>\n<p style=\"margin-bottom: 8px; margin-top: 0px; line-height: 1.6;\">&#8211; L\u012bmes un bl\u012bv\u0113juma palieku atdal\u012b\u0161ana no priek\u0161metiem.<\/p>\n<p style=\"margin-bottom: 10px; margin-top: 30px;\"><strong>Pielieto\u0161anas veidi un uzglab\u0101\u0161ana<\/strong><\/p>\n<p style=\"margin-bottom: 8px; margin-top: 0px; line-height: 1.6;\">&#8211; L\u012bdzeklis pielietot uzsmidzinot to uz apstr\u0101d\u0101jam\u0101s jeb t\u012br\u0101m\u0101s virsmas, p\u0113c tam virsmu noslauc\u012bt ar t\u012bru dr\u0101nu.<\/p>\n<p style=\"margin-bottom: 8px; margin-top: 0px; line-height: 1.6;\">&#8211; Uzman\u012bbu! Izmantojot l\u012bdzekli uz lakot\u0101m un gumijas virsm\u0101m, vispirms p\u0101rliecin\u0101ties par materi\u0101lu sader\u012bbu.<\/p>\n<p style=\"margin-bottom: 8px; margin-top: 0px; line-height: 1.6;\">&#8211; L\u012bdzek\u013ca iepakojumu vienm\u0113r tur\u0113t aizv\u0113rtu.<\/p>\n<p style=\"margin-bottom: 8px; margin-top: 0px; line-height: 1.6;\">&#8211; Lieto\u0161anas laik\u0101 nesm\u0113\u0137\u0113t! Nepie\u013caut lieto\u0161anu pie atkl\u0101tas uguns! B\u012bstam\u012bbas kategorija \u201cF\u201d.<\/p>\n<p style=\"margin-bottom: 8px; margin-top: 0px; line-height: 1.6;\">&#8211; \u012apa\u0161i ugunsb\u012bstams!<\/p>\n<p style=\"margin-bottom: 10px; margin-top: 30px;\"><strong>Tehniskais raksturojums<\/strong><\/p>\n<p style=\"margin-bottom: 8px; margin-top: 0px; line-height: 1.6;\"><strong>Fizisk\u0101 forma<\/strong>: \u0161\u0137idrums \/ aerosols<\/p>\n<p style=\"margin-bottom: 8px; margin-top: 0px; line-height: 1.6;\"><strong>Bl\u012bvums (20 \u00baC)<\/strong>: 0.73 g \/ ml<\/p>\n<p style=\"margin-bottom: 8px; margin-top: 0px; line-height: 1.6;\"><strong>Uzliesmo\u0161anas temperat\u016bra<\/strong>: +15 \u00baC<\/p>\n<p style=\"margin-bottom: 8px; margin-top: 0px; line-height: 1.6;\"><strong>Sast\u0101vs<\/strong>: izoparaf\u012bn\u016bde\u0146radis, ketoni<\/p>\n","protected":false},"excerpt":{"rendered":"<p>ATTAUKO\u0160ANAS L\u012aDZEKLIS, E\u013b\u013bAS TRAIPU T\u012aR\u012aT\u0100JS \u012apa\u0161\u012bbas &#8211; \u0100tri gaisto\u0161s l\u012bdzeklis taukvielu un e\u013c\u013cas traipu no\u0146em\u0161anai. &#8211; L\u012bdzeklim piem\u012bt pat\u012bkama smar\u017ea. &#8211; Pielietojot l\u012bdzekli iesp\u0113jams izvair\u012bties no apk\u0101rt\u0113j\u0101s virsmas pies\u0101r\u0146ojuma, k\u0101 tas notiek lietojot benz\u012bnu. Pielieto\u0161anas iesp\u0113jas &#8211; Taukvielu un e\u013c\u013cas atdal\u012b\u0161ana, k\u0101 no met\u0101la virsm\u0101m, t\u0101 ar\u012b no citiem materi\u0101liem. &#8211; Izmantojams e\u013c\u013cas un taukvielu&#8230;<\/p>\n","protected":false},"featured_media":4938,"template":"","meta":[],"product_brand":[337],"product_cat":[353,377,389],"product_tag":[],"class_list":{"0":"post-4937","1":"product","2":"type-product","3":"status-publish","4":"has-post-thumbnail","6":"product_brand-flore-chemie","7":"product_cat-flore-chemie-produkti","8":"product_cat-industrija-rupnieciba-masinbuve-elektroiekartas","9":"product_cat-ipasie-tehnikas-aizsardzibas-un-kopsanas-lidzekli-rusas-skidinataji-izolatori-elektroiekartu-un-elektronikas-tiritaji-u-c","11":"first","12":"instock","13":"shipping-taxable","14":"purchasable","15":"product-type-variable","16":"has-default-attributes"},"_links":{"self":[{"href":"https:\/\/e-flore.store\/lv\/wp-json\/wp\/v2\/product\/4937","targetHints":{"allow":["GET"]}}],"collection":[{"href":"https:\/\/e-flore.store\/lv\/wp-json\/wp\/v2\/product"}],"about":[{"href":"https:\/\/e-flore.store\/lv\/wp-json\/wp\/v2\/types\/product"}],"wp:featuredmedia":[{"embeddable":true,"href":"https:\/\/e-flore.store\/lv\/wp-json\/wp\/v2\/media\/4938"}],"wp:attachment":[{"href":"https:\/\/e-flore.store\/lv\/wp-json\/wp\/v2\/media?parent=4937"}],"wp:term":[{"taxonomy":"product_brand","embeddable":true,"href":"https:\/\/e-flore.store\/lv\/wp-json\/wp\/v2\/product_brand?post=4937"},{"taxonomy":"product_cat","embeddable":true,"href":"https:\/\/e-flore.store\/lv\/wp-json\/wp\/v2\/product_cat?post=4937"},{"taxonomy":"product_tag","embeddable":true,"href":"https:\/\/e-flore.store\/lv\/wp-json\/wp\/v2\/product_tag?post=4937"}],"curies":[{"name":"wp","href":"https:\/\/api.w.org\/{rel}","templated":true}]}}