{"id":4944,"date":"2026-02-03T16:05:44","date_gmt":"2026-02-03T14:05:44","guid":{"rendered":"https:\/\/demo8.izveide.id.lv\/?post_type=product&#038;p=4944"},"modified":"2026-02-19T12:11:43","modified_gmt":"2026-02-19T10:11:43","slug":"flor-plus-super-grease-1300-spray-gleitmetall-as-1300-extra-fest-code-0058-0178","status":"publish","type":"product","link":"https:\/\/e-flore.store\/lv\/produkts\/flor-plus-super-grease-1300-spray-gleitmetall-as-1300-extra-fest-code-0058-0178\/","title":{"rendered":"Flor Plus Super Grease 1300 Spray \/ Gleitmetall AS 1300 extra fest (kods 0058 \/ 0178)"},"content":{"rendered":"<p><img decoding=\"async\" class=\"alignnone size-full wp-image-2136\" style=\"width: 100%; height: auto; display: block;\" src=\"\/wp-content\/uploads\/2026\/01\/0058-PARENT_desc.jpg\" alt=\"0058-PARENT\" width=\"100%\" srcset=\"https:\/\/e-flore.store\/wp-content\/uploads\/2026\/01\/0058-PARENT_desc.jpg 958w, https:\/\/e-flore.store\/wp-content\/uploads\/2026\/01\/0058-PARENT_desc-600x448.jpg 600w, https:\/\/e-flore.store\/wp-content\/uploads\/2026\/01\/0058-PARENT_desc-300x224.jpg 300w\" sizes=\"(max-width: 958px) 100vw, 958px\" \/><\/p>\n<div id=\"eflore-spacer-v55\" style=\"height: 0px; clear: both; width: 100%; display: block;\"><\/div>\n<p style=\"margin-bottom: 10px; margin-top: 30px;\"><strong>SPECI\u0100LA SM\u0112RVIELA UZ VARA B\u0100ZES AR ATDAL\u012a\u0160ANAS \u012aPA\u0160\u012aB\u0100M<\/strong><\/p>\n<p style=\"margin-bottom: 10px; margin-top: 30px;\"><strong>\u012apa\u0161\u012bbas<\/strong>:<\/p>\n<p style=\"margin-bottom: 8px; margin-top: 0px; line-height: 1.6;\">*Augstas temperat\u016bras iztur\u012bga sm\u0113rviela ar atdal\u012b\u0161anas \u012bpa\u0161\u012bb\u0101m. Darba t\u00ba interv\u0101ls no \u201340 \u00baC l\u012bdz +1350 \u00baC. \u012aslaic\u012bga iztur\u012bba pret spiedienu l\u012bdz 10 kilob\u0101riem.<\/p>\n<p style=\"margin-bottom: 8px; margin-top: 0px; line-height: 1.6;\">*Nov\u0113r\u0161 v\u012bt\u0146u un valc\u0113to savienojumu ieklemm\u0113\u0161anos, kuri pak\u013cauti liel\u0101m slodz\u0113m (auksto metin\u0101\u0161anu). \u013bauj atskr\u016bv\u0113t ieklemm\u0113ju\u0161us un piedegu\u0161us v\u012bt\u0146u savienojumus, k\u0101 ar\u012b, kad v\u012btne ir meh\u0101niski boj\u0101ta vai sakususi.<\/p>\n<p style=\"margin-bottom: 8px; margin-top: 0px; line-height: 1.6;\">*Kop\u0101 ar r\u016bsas p\u0101rveidot\u0101ju \u201cFlor Plus SRP Super\u201d (Kods 021 \/ 022) \u013cauj atskr\u016bv\u0113t visier\u016bs\u0113ju\u0161\u0101k\u0101s v\u012btnes.<\/p>\n<p style=\"margin-bottom: 8px; margin-top: 0px; line-height: 1.6;\">*L\u012bdzeklis neiedarbojas kait\u012bgi ne uz k\u0101diem met\u0101liem, k\u0101 ar\u012b liel\u0101ko vairumu plastmasu un gumiju. L\u012bdzeklis ir iztur\u012bgs pret sk\u0101bju, s\u0101rmu, kod\u012bgu g\u0101zu un mitruma iedarb\u012bbu.<\/p>\n<p style=\"margin-bottom: 8px; margin-top: 0px; line-height: 1.6;\">*Sast\u0101v\u0101 eso\u0161ie speci\u0101lie komponenti nogludina un aizsarg\u0101 met\u0101la virsmu, poras un s\u012bk\u0101s plaisas tiek aizpild\u012btas ar met\u0101lisk\u0101m mikroda\u013c\u0101m. Berzei pak\u013caut\u0101s virsmas tiek izl\u012bdzin\u0101tas un l\u012bdz ar to samazin\u0101s to nodilums. Piem\u0113rots ar\u012b elektrokontaktu apstr\u0101dei.<\/p>\n<p style=\"margin-bottom: 10px; margin-top: 30px;\"><strong>Pielieto\u0161anas iesp\u0113jas<\/strong>:<\/p>\n<p style=\"margin-bottom: 8px; margin-top: 0px; line-height: 1.6;\">*L\u012bdzeklis izmantojams v\u012bt\u0146u grie\u0161anai, spiediena met\u0101llie\u0161anas konstrukcij\u0101s, \u0161tanc\u0113\u0161anas apar\u0101tos, savelko\u0161aj\u0101s skr\u016bv\u0113s, lielam spiedienam pak\u013cautos v\u012bt\u0146u savienojumos, zobratiem, \u0137\u0113d\u0113m, degsprausl\u0101m, apkures katlu armat\u016brai, flan\u010du savienojumos, \u0161arn\u012bru savienojumos, pneimatiskajos \u0101muros, elektrodzin\u0113ju sloti\u0146\u0101m, met\u0101llie\u0161anas form\u0101m.<\/p>\n<p style=\"margin-bottom: 8px; margin-top: 0px; line-height: 1.6;\">*Izmantojams laivu motoru e\u013c\u013co\u0161anai, k\u0101 ku\u0123u dzin\u0113jskr\u016bvju sm\u0113rviela, k\u0101 s\u016bk\u0146u sm\u0113rviela, hidraulisko darba apar\u0101tu e\u013c\u013co\u0161anai, termoiztur\u012bgu bl\u012bvju sm\u0113rviela.<\/p>\n<p style=\"margin-bottom: 8px; margin-top: 0px; line-height: 1.6;\">*Sm\u0113rviela hidrantiem, gult\u0146iem un lentu transportieriem, k\u0101 ar\u012b citiem kust\u012bgiem apar\u0101tiem.<\/p>\n<p style=\"margin-bottom: 10px; margin-top: 30px;\"><strong>Pielieto\u0161ana un uzglab\u0101\u0161ana<\/strong>:<\/p>\n<p style=\"margin-bottom: 8px; margin-top: 0px; line-height: 1.6;\">*Aparat\u016bras mont\u0101\u017eas laik\u0101 deta\u013cas pirms savieno\u0161anas apstr\u0101d\u0101t ar l\u012bdzekli, \u013caut l\u012bdzeklim iedarboties da\u017eas min\u016btes. Nepiecie\u0161am\u012bbas gad\u012bjum\u0101 atk\u0101rtot procesu. Pirms lieto\u0161anas apstr\u0101d\u0101jam\u0101s virsmas att\u012br\u012bt no kr\u0101sas un bl\u012bv\u0113jo\u0161\u0101s masas.<\/p>\n<p style=\"margin-bottom: 8px; margin-top: 0px; line-height: 1.6;\">UZMAN\u012aBU! Neieelpot l\u012bdzek\u013ca tvaikus! Nelaimes gad\u012bjum\u0101 v\u0113rsties pie \u0101rsta.<\/p>\n<p style=\"margin-bottom: 8px; margin-top: 0px; line-height: 1.6;\">L\u012bdzeklim ir speci\u0101lais ASV armijas sertifik\u0101ts \u201cUSA MIL \u2013 A-907D\u201d.<\/p>\n<p style=\"margin-bottom: 10px; margin-top: 30px;\"><strong>Tehniskais raksturojums<\/strong>:<\/p>\n<p style=\"margin-bottom: 8px; margin-top: 0px; line-height: 1.6;\">*<strong>Fizisk\u0101 forma<\/strong>: aerosols \/ sm\u0113rviela<\/p>\n<p style=\"margin-bottom: 8px; margin-top: 0px; line-height: 1.6;\">*<strong>Bl\u012bvums (20 \u00baC)<\/strong>: 1.07 g \/ ml<\/p>\n<p style=\"margin-bottom: 8px; margin-top: 0px; line-height: 1.6;\">*<strong>Uzliesmo\u0161anas temperat\u016bra<\/strong>: 0 \u00baC<\/p>\n<p style=\"margin-bottom: 8px; margin-top: 0px; line-height: 1.6;\">*<strong>Sast\u0101vs<\/strong>: alip\u0101tie og\u013c\u016bde\u0146ra\u017ei, miner\u0101lie selekt\u012bvie rafin\u0101ti, svina savienojumi, bl\u012bvvielas, antikorozijas piedevas<\/p>\n<p style=\"margin-bottom: 8px; margin-top: 0px; line-height: 1.6;\">*<strong>Produkta kods<\/strong>: 058 \/ 178<\/p>\n","protected":false},"excerpt":{"rendered":"<p>SPECI\u0100LA SM\u0112RVIELA UZ VARA B\u0100ZES AR ATDAL\u012a\u0160ANAS \u012aPA\u0160\u012aB\u0100M \u012apa\u0161\u012bbas: *Augstas temperat\u016bras iztur\u012bga sm\u0113rviela ar atdal\u012b\u0161anas \u012bpa\u0161\u012bb\u0101m. Darba t\u00ba interv\u0101ls no \u201340 \u00baC l\u012bdz +1350 \u00baC. \u012aslaic\u012bga iztur\u012bba pret spiedienu l\u012bdz 10 kilob\u0101riem. *Nov\u0113r\u0161 v\u012bt\u0146u un valc\u0113to savienojumu ieklemm\u0113\u0161anos, kuri pak\u013cauti liel\u0101m slodz\u0113m (auksto metin\u0101\u0161anu). \u013bauj atskr\u016bv\u0113t ieklemm\u0113ju\u0161us un piedegu\u0161us v\u012bt\u0146u savienojumus, k\u0101 ar\u012b, kad v\u012btne&#8230;<\/p>\n","protected":false},"featured_media":4945,"template":"","meta":[],"product_brand":[337],"product_cat":[353,398,392],"product_tag":[],"class_list":{"0":"post-4944","1":"product","2":"type-product","3":"status-publish","4":"has-post-thumbnail","6":"product_brand-flore-chemie","7":"product_cat-flore-chemie-produkti","8":"product_cat-smervielas-montazu-pastas","9":"product_cat-specigas-iedarbibas-tirisanas-un-ellosanas-lidzekli","11":"first","12":"instock","13":"shipping-taxable","14":"purchasable","15":"product-type-variable","16":"has-default-attributes"},"_links":{"self":[{"href":"https:\/\/e-flore.store\/lv\/wp-json\/wp\/v2\/product\/4944","targetHints":{"allow":["GET"]}}],"collection":[{"href":"https:\/\/e-flore.store\/lv\/wp-json\/wp\/v2\/product"}],"about":[{"href":"https:\/\/e-flore.store\/lv\/wp-json\/wp\/v2\/types\/product"}],"wp:featuredmedia":[{"embeddable":true,"href":"https:\/\/e-flore.store\/lv\/wp-json\/wp\/v2\/media\/4945"}],"wp:attachment":[{"href":"https:\/\/e-flore.store\/lv\/wp-json\/wp\/v2\/media?parent=4944"}],"wp:term":[{"taxonomy":"product_brand","embeddable":true,"href":"https:\/\/e-flore.store\/lv\/wp-json\/wp\/v2\/product_brand?post=4944"},{"taxonomy":"product_cat","embeddable":true,"href":"https:\/\/e-flore.store\/lv\/wp-json\/wp\/v2\/product_cat?post=4944"},{"taxonomy":"product_tag","embeddable":true,"href":"https:\/\/e-flore.store\/lv\/wp-json\/wp\/v2\/product_tag?post=4944"}],"curies":[{"name":"wp","href":"https:\/\/api.w.org\/{rel}","templated":true}]}}