{"id":4967,"date":"2026-02-03T16:05:47","date_gmt":"2026-02-03T14:05:47","guid":{"rendered":"https:\/\/demo8.izveide.id.lv\/?post_type=product&#038;p=4967"},"modified":"2026-03-26T14:55:52","modified_gmt":"2026-03-26T12:55:52","slug":"flamil-rlx-100-code-0585","status":"publish","type":"product","link":"https:\/\/e-flore.store\/lv\/produkts\/flamil-rlx-100-code-0585\/","title":{"rendered":"Flamil RLX 100 (kods 0585)"},"content":{"rendered":"<p><img decoding=\"async\" style=\"width: 100%; height: auto; display: block;\" src=\"\/wp-content\/uploads\/2026\/01\/0585-PARENT_desc.jpg\"><\/p>\n<div id=\"eflore-spacer-v55\" style=\"height: 0px; clear: both; width: 100%; display: block;\"><\/div>\n<p style=\"margin-bottom: 10px; margin-top: 30px;\"><strong>STIPRI S\u0100RMAINS L\u012aDZEKLIS K\u016aPIN\u0100\u0160ANAS KR\u0100\u0160\u0145U T\u012aR\u012a\u0160ANAI<\/strong><\/p>\n<p style=\"margin-bottom: 10px; margin-top: 30px;\"><strong>\u012apa\u0161\u012bbas<\/strong><\/p>\n<p style=\"margin-bottom: 8px; margin-top: 0px; line-height: 1.6;\">&#8211; L\u012bdzeklim nepiem\u012bt as\u0101 un specifisk\u0101 smaka.<\/p>\n<p style=\"margin-bottom: 8px; margin-top: 0px; line-height: 1.6;\">&#8211; Visjaun\u0101k\u0101s paaudzes akt\u012bv\u0101s vielas \u013cauj sasniegt lielisku rezult\u0101tu\u00a0bez gr\u016bt\u012bb\u0101m\u00a0not\u012brot pat stipri piedegu\u0161os d\u016bmu sve\u0137us, kv\u0113pus un citus net\u012brumus.<\/p>\n<p style=\"margin-bottom: 8px; margin-top: 0px; line-height: 1.6;\">&#8211; Maksim\u0101li uzlabota vielas formula.<\/p>\n<p style=\"margin-bottom: 10px; margin-top: 30px;\"><strong>Pielieto\u0161anas iesp\u0113jas<\/strong><\/p>\n<p style=\"margin-bottom: 8px; margin-top: 0px; line-height: 1.6;\">&#8211; K\u016bpin\u0101\u0161anas kr\u0101snis un kameras ga\u013cas un zivju p\u0101rstr\u0101des cehos.<\/p>\n<p style=\"margin-bottom: 8px; margin-top: 0px; line-height: 1.6;\">&#8211; Maizes ceptuves.<\/p>\n<p style=\"margin-bottom: 8px; margin-top: 0px; line-height: 1.6;\">&#8211; D\u016bmu \u0123eneratori.<\/p>\n<p style=\"margin-bottom: 8px; margin-top: 0px; line-height: 1.6;\">&#8211; Tvaika nos\u016bc\u0113ji \u012bpa\u0161i smagos gad\u012bjumos.<\/p>\n<p style=\"margin-bottom: 10px; margin-top: 30px;\"><strong>Pielieto\u0161anas veidi un uzglab\u0101\u0161ana<\/strong><\/p>\n<p style=\"margin-bottom: 8px; margin-top: 0px; line-height: 1.6;\">&#8211; Lietot l\u012bdzekli uzsmidzinot to uz apstr\u0101d\u0101jam\u0101s virsmas ar pulverizatora vai augstspiediena iek\u0101rtas pal\u012bdz\u012bbu.<\/p>\n<p style=\"margin-bottom: 8px; margin-top: 0px; line-height: 1.6;\">&#8211; \u0160\u0137\u012bduma koncentr\u0101cija ir atkar\u012bga no pies\u0101r\u0146ojuma pak\u0101pes &#8211; no 1:10 l\u012bdz 1:100.<\/p>\n<p style=\"margin-bottom: 8px; margin-top: 0px; line-height: 1.6;\">&#8211; Iz\u0161\u0137\u012bdin\u0101tos net\u012brumus noskalot ar \u016bdens str\u016bklu.<\/p>\n<p style=\"margin-bottom: 8px; margin-top: 0px; line-height: 1.6;\">&#8211; Str\u0101d\u0101jot ar prepar\u0101tu lietot aizsargbrilles un gumijas cimdus. Gumijas cimdu viet\u0101 ieteicams izmantot \u201ebiolo\u0123iskos aizsargcimdus\u201d Florin HSC.<\/p>\n<p style=\"margin-bottom: 8px; margin-top: 0px; line-height: 1.6;\">&#8211; Uzman\u012bbu! Nelietot uz kr\u0101saino met\u0101lu virsm\u0101m!<\/p>\n<p style=\"margin-bottom: 10px; margin-top: 30px;\"><strong>Tehniskais raksturojums<\/strong><\/p>\n<p style=\"margin-bottom: 8px; margin-top: 0px; line-height: 1.6;\"><strong>Fizisk\u0101 forma<\/strong>: \u0161\u0137idrums<\/p>\n<p style=\"margin-bottom: 8px; margin-top: 0px; line-height: 1.6;\"><strong>pH l\u012bmenis<\/strong>: 14<\/p>\n<p style=\"margin-bottom: 8px; margin-top: 0px; line-height: 1.6;\"><strong>Sast\u0101vs<\/strong>: s\u0101rmi, virsmakt\u012bv\u0101s vielas, papildvielas<\/p>\n","protected":false},"excerpt":{"rendered":"<p>STIPRI S\u0100RMAINS L\u012aDZEKLIS K\u016aPIN\u0100\u0160ANAS KR\u0100\u0160\u0145U T\u012aR\u012a\u0160ANAI \u012apa\u0161\u012bbas &#8211; L\u012bdzeklim nepiem\u012bt as\u0101 un specifisk\u0101 smaka. &#8211; Visjaun\u0101k\u0101s paaudzes akt\u012bv\u0101s vielas \u013cauj sasniegt lielisku rezult\u0101tu\u00a0bez gr\u016bt\u012bb\u0101m\u00a0not\u012brot pat stipri piedegu\u0161os d\u016bmu sve\u0137us, kv\u0113pus un citus net\u012brumus. &#8211; Maksim\u0101li uzlabota vielas formula. Pielieto\u0161anas iesp\u0113jas &#8211; K\u016bpin\u0101\u0161anas kr\u0101snis un kameras ga\u013cas un zivju p\u0101rstr\u0101des cehos. &#8211; Maizes ceptuves. &#8211; D\u016bmu&#8230;<\/p>\n","protected":false},"featured_media":4968,"template":"","meta":[],"product_brand":[337],"product_cat":[353,356,374],"product_tag":[],"class_list":{"0":"post-4967","1":"product","2":"type-product","3":"status-publish","4":"has-post-thumbnail","6":"product_brand-flore-chemie","7":"product_cat-flore-chemie-produkti","8":"product_cat-viesnicu-un-gastronomijas-nozares","9":"product_cat-specialie-mazgasanas-tirisanas-un-kopsanas-lidzekli-partikas-rupniecibai-virtuvem-ceptuvem-kupinasanas-cehiem-saldetavam-u-c","11":"first","12":"instock","13":"shipping-taxable","14":"purchasable","15":"product-type-variable","16":"has-default-attributes"},"_links":{"self":[{"href":"https:\/\/e-flore.store\/lv\/wp-json\/wp\/v2\/product\/4967","targetHints":{"allow":["GET"]}}],"collection":[{"href":"https:\/\/e-flore.store\/lv\/wp-json\/wp\/v2\/product"}],"about":[{"href":"https:\/\/e-flore.store\/lv\/wp-json\/wp\/v2\/types\/product"}],"wp:featuredmedia":[{"embeddable":true,"href":"https:\/\/e-flore.store\/lv\/wp-json\/wp\/v2\/media\/4968"}],"wp:attachment":[{"href":"https:\/\/e-flore.store\/lv\/wp-json\/wp\/v2\/media?parent=4967"}],"wp:term":[{"taxonomy":"product_brand","embeddable":true,"href":"https:\/\/e-flore.store\/lv\/wp-json\/wp\/v2\/product_brand?post=4967"},{"taxonomy":"product_cat","embeddable":true,"href":"https:\/\/e-flore.store\/lv\/wp-json\/wp\/v2\/product_cat?post=4967"},{"taxonomy":"product_tag","embeddable":true,"href":"https:\/\/e-flore.store\/lv\/wp-json\/wp\/v2\/product_tag?post=4967"}],"curies":[{"name":"wp","href":"https:\/\/api.w.org\/{rel}","templated":true}]}}