{"id":4979,"date":"2026-02-03T16:05:52","date_gmt":"2026-02-03T14:05:52","guid":{"rendered":"https:\/\/demo8.izveide.id.lv\/?post_type=product&#038;p=4979"},"modified":"2026-03-26T14:55:45","modified_gmt":"2026-03-26T12:55:45","slug":"florin-s-limette-code-0624","status":"publish","type":"product","link":"https:\/\/e-flore.store\/lv\/produkts\/florin-s-limette-code-0624\/","title":{"rendered":"Florin S Limette (kods 0624)"},"content":{"rendered":"<p><img decoding=\"async\" style=\"width: 100%; height: auto; display: block;\" src=\"\/wp-content\/uploads\/2026\/01\/0624-PARENT_desc.jpg\"><\/p>\n<div id=\"eflore-spacer-v55\" style=\"height: 0px; clear: both; width: 100%; display: block;\"><\/div>\n<p style=\"margin-bottom: 10px; margin-top: 30px;\"><strong>L\u012aDZEKLIS KALCIJA, MAGNIJA UN R\u016aSAS TRAIPU T\u012aR\u012a\u0160ANAI<\/strong><\/p>\n<p style=\"margin-bottom: 10px; margin-top: 30px;\"><strong>\u012apa\u0161\u012bbas<\/strong><\/p>\n<p style=\"margin-bottom: 8px; margin-top: 0px; line-height: 1.6;\">&#8211; Alternat\u012bvs t\u012br\u012b\u0161anas l\u012bdzeklis bez s\u0101lssk\u0101bes un s\u0113rsk\u0101bes sast\u0101v\u0101.<\/p>\n<p style=\"margin-bottom: 8px; margin-top: 0px; line-height: 1.6;\">&#8211; \u0160\u0137\u012bdina kalcija un magnija nogulsnes, k\u0101 ar\u012b citas neorganisko s\u0101\u013cu nogulsnes.<\/p>\n<p style=\"margin-bottom: 8px; margin-top: 0px; line-height: 1.6;\">&#8211; Piem\u0113rots efekt\u012bvai virsmu t\u012br\u012b\u0161anai no r\u016bsas, ur\u012bnakmens u.c.<\/p>\n<p style=\"margin-bottom: 8px; margin-top: 0px; line-height: 1.6;\">&#8211; T\u012bra virsmas vienlaic\u012bgi no taukiem un r\u016bsas.<\/p>\n<p style=\"margin-bottom: 8px; margin-top: 0px; line-height: 1.6;\">&#8211; Str\u0101d\u0101jot p\u0113c instrukcijas, l\u012bdzekli var pielietot ner\u016bs\u0113jo\u0161\u0101 t\u0113rauda virsm\u0101m, k\u0101 ar\u012b saskarsm\u0113 ar gumijas deta\u013c\u0101m.<\/p>\n<p style=\"margin-bottom: 8px; margin-top: 0px; line-height: 1.6;\">&#8211; Sast\u0101v\u0101 eso\u0161\u0101s dezinfic\u0113jo\u0161\u0101s vielas nov\u0113r\u0161 mikroorganismu vairo\u0161anos, k\u0101 ar\u012b s\u0113n\u012b\u0161u un p\u016b\u0161anas bakt\u0113riju att\u012bst\u012bbu.<\/p>\n<p style=\"margin-bottom: 10px; margin-top: 30px;\"><strong>Pielieto\u0161anas iesp\u0113jas<\/strong><\/p>\n<p style=\"margin-bottom: 8px; margin-top: 0px; line-height: 1.6;\">&#8211; \u016adens att\u012br\u012b\u0161anas iek\u0101rtas, nos\u0113dumakas, \u016bdens apg\u0101des sist\u0113mas.<\/p>\n<p style=\"margin-bottom: 8px; margin-top: 0px; line-height: 1.6;\">&#8211; Viesn\u012bcas, p\u0101rtikas r\u016bpniec\u012bba un tirdzniec\u012bba, slimn\u012bcas, peldbaseini, pirtis, sanit\u0101rie mezgli u.c.<\/p>\n<p style=\"margin-bottom: 8px; margin-top: 0px; line-height: 1.6;\">&#8211; Ga\u013cas un piena r\u016bpniec\u012bbas uz\u0146\u0113mumi, e\u013c\u013cas ra\u017eo\u0161ana, alus br\u016b\u017ei.<\/p>\n<p style=\"margin-bottom: 10px; margin-top: 30px;\"><strong>Pielieto\u0161anas veidi un uzglab\u0101\u0161ana<\/strong><\/p>\n<p style=\"margin-bottom: 8px; margin-top: 0px; line-height: 1.6;\">&#8211; Visp\u0101r\u0113jai t\u012br\u012b\u0161anai at\u0161\u0137aid\u012bt proporcij\u0101 1:10 l\u012bdz 1:100.<\/p>\n<p style=\"margin-bottom: 8px; margin-top: 0px; line-height: 1.6;\">&#8211; T\u012br\u012b\u0161anai ar ma\u0161\u012bn\u0101m l\u012bdz 1:200.<\/p>\n<p style=\"margin-bottom: 8px; margin-top: 0px; line-height: 1.6;\">&#8211; Sarg\u0101t no sasal\u0161anas!<\/p>\n<p style=\"margin-bottom: 8px; margin-top: 0px; line-height: 1.6;\">&#8211; Uzman\u012bbu! Sarg\u0101t no b\u0113rniem! L\u012bdzeklim nok\u013c\u016bstot ac\u012bs jeb uz \u0101das, skalot ar lielu \u016bdens daudzumu. Notiekot nelaimes gad\u012bjumam, nekav\u0113joties griezties pie \u0101rsta. B\u012bstam\u012bbas kategorija \u201cXi\u201d.<\/p>\n<p style=\"margin-bottom: 10px; margin-top: 30px;\"><strong>Tehniskais raksturojums<\/strong><\/p>\n<p style=\"margin-bottom: 8px; margin-top: 0px; line-height: 1.6;\"><strong>Fizisk\u0101 forma<\/strong>: \u0161\u0137idrums<\/p>\n<p style=\"margin-bottom: 8px; margin-top: 0px; line-height: 1.6;\"><strong>Bl\u012bvums (20 \u00baC)<\/strong>: 1.10 g \/ ml<\/p>\n<p style=\"margin-bottom: 8px; margin-top: 0px; line-height: 1.6;\"><strong>pH l\u012bmenis<\/strong>: 1 &#8211; 2<\/p>\n<p style=\"margin-bottom: 8px; margin-top: 0px; line-height: 1.6;\"><strong>V\u0101r\u012b\u0161an\u0101s diapazons<\/strong>: +100 \u00baC<\/p>\n<p style=\"margin-bottom: 8px; margin-top: 0px; line-height: 1.6;\"><strong>Sast\u0101vs<\/strong>: virsmakt\u012bv\u0101s vielas, amidosulf\u0101tsk\u0101be, fosforsk\u0101be, amonija savienojumi, antikorozijas inhibitor<\/p>\n","protected":false},"excerpt":{"rendered":"<p>L\u012aDZEKLIS KALCIJA, MAGNIJA UN R\u016aSAS TRAIPU T\u012aR\u012a\u0160ANAI \u012apa\u0161\u012bbas &#8211; Alternat\u012bvs t\u012br\u012b\u0161anas l\u012bdzeklis bez s\u0101lssk\u0101bes un s\u0113rsk\u0101bes sast\u0101v\u0101. &#8211; \u0160\u0137\u012bdina kalcija un magnija nogulsnes, k\u0101 ar\u012b citas neorganisko s\u0101\u013cu nogulsnes. &#8211; Piem\u0113rots efekt\u012bvai virsmu t\u012br\u012b\u0161anai no r\u016bsas, ur\u012bnakmens u.c. &#8211; T\u012bra virsmas vienlaic\u012bgi no taukiem un r\u016bsas. &#8211; Str\u0101d\u0101jot p\u0113c instrukcijas, l\u012bdzekli var pielietot ner\u016bs\u0113jo\u0161\u0101 t\u0113rauda&#8230;<\/p>\n","protected":false},"featured_media":4980,"template":"","meta":[],"product_brand":[337],"product_cat":[359,353,356],"product_tag":[],"class_list":{"0":"post-4979","1":"product","2":"type-product","3":"status-publish","4":"has-post-thumbnail","6":"product_brand-flore-chemie","7":"product_cat-visparejie-mazgasanas-tirisanas-un-kopsanas-lidzekli","8":"product_cat-flore-chemie-produkti","9":"product_cat-viesnicu-un-gastronomijas-nozares","11":"first","12":"instock","13":"shipping-taxable","14":"purchasable","15":"product-type-variable","16":"has-default-attributes"},"_links":{"self":[{"href":"https:\/\/e-flore.store\/lv\/wp-json\/wp\/v2\/product\/4979","targetHints":{"allow":["GET"]}}],"collection":[{"href":"https:\/\/e-flore.store\/lv\/wp-json\/wp\/v2\/product"}],"about":[{"href":"https:\/\/e-flore.store\/lv\/wp-json\/wp\/v2\/types\/product"}],"wp:featuredmedia":[{"embeddable":true,"href":"https:\/\/e-flore.store\/lv\/wp-json\/wp\/v2\/media\/4980"}],"wp:attachment":[{"href":"https:\/\/e-flore.store\/lv\/wp-json\/wp\/v2\/media?parent=4979"}],"wp:term":[{"taxonomy":"product_brand","embeddable":true,"href":"https:\/\/e-flore.store\/lv\/wp-json\/wp\/v2\/product_brand?post=4979"},{"taxonomy":"product_cat","embeddable":true,"href":"https:\/\/e-flore.store\/lv\/wp-json\/wp\/v2\/product_cat?post=4979"},{"taxonomy":"product_tag","embeddable":true,"href":"https:\/\/e-flore.store\/lv\/wp-json\/wp\/v2\/product_tag?post=4979"}],"curies":[{"name":"wp","href":"https:\/\/api.w.org\/{rel}","templated":true}]}}