{"id":5009,"date":"2026-02-03T16:06:01","date_gmt":"2026-02-03T14:06:01","guid":{"rendered":"https:\/\/demo8.izveide.id.lv\/?post_type=product&#038;p=5009"},"modified":"2026-03-26T14:55:33","modified_gmt":"2026-03-26T12:55:33","slug":"flamil-oke-code-0907","status":"publish","type":"product","link":"https:\/\/e-flore.store\/lv\/produkts\/flamil-oke-code-0907\/","title":{"rendered":"Flamil OKE (kods 0907)"},"content":{"rendered":"<p><img decoding=\"async\" style=\"width: 100%; height: auto; display: block;\" src=\"\/wp-content\/uploads\/2026\/01\/0907-PARENT_desc.jpg\" alt=\"Description\"><\/p>\n<div id=\"eflore-spacer-v55\" style=\"height: 0px; clear: both; width: 100%; display: block;\"><\/div>\n<p style=\"margin-bottom: 10px; margin-top: 30px;\"><strong>R\u016aPNIECISKS ATT\u012aR\u012aT\u0100JS PIEDEGU\u0160\u0100M DETA\u013b\u0100M<\/strong><\/p>\n<p style=\"margin-bottom: 10px; margin-top: 30px;\"><strong>\u012apa\u0161\u012bbas<\/strong><\/p>\n<p style=\"margin-bottom: 8px; margin-top: 0px; line-height: 1.6;\">&#8211; Efekt\u012bvs, \u0101tras iedarb\u012bbas l\u012bdzeklis daudzk\u0101rtainas, piedegu\u0161as e\u013c\u013cas no\u0146em\u0161anai no met\u0101la virsm\u0101m ar dzi\u013cu iedarb\u012bbas efektu.<\/p>\n<p style=\"margin-bottom: 8px; margin-top: 0px; line-height: 1.6;\">&#8211; Dro\u0161s l\u012bdzeklis, kas nenodara kait\u0113jumu stiklam, kokam, alum\u012bnijam, t\u0113raudam, varam un citiem met\u0101liem, nesatur fenolu, krezolu un hroma savienojumus.<\/p>\n<p style=\"margin-bottom: 8px; margin-top: 0px; line-height: 1.6;\">&#8211; Maksim\u0101li dro\u0161i un efekt\u012bvi no\u0146em e\u013c\u013cas, sodr\u0113jus un sadeg\u0161anas produktus, tauku un e\u013c\u013cas k\u0101rtas, p\u0101rdegu\u0161as lakas uz m\u0101ksl\u012bgo sve\u0137u b\u0101zes, k\u0101 ar\u012b polivinilhlor\u012bda atlikumus \u2013 \u012bs\u0101k sakot, not\u012bra visu, ko iepriek\u0161\u0113jie produkti nav sp\u0113ju\u0161i.<\/p>\n<p style=\"margin-bottom: 8px; margin-top: 0px; line-height: 1.6;\">&#8211; \u013boti ekonomisks l\u012bdzeklis, ietaupa laiku, \u0101tri ies\u016bcas \u0161\u0137\u012bdin\u0101maj\u0101 materi\u0101l\u0101 un p\u0113c tam atdal\u0101s no virsmas pl\u0113k\u0161\u0146u veid\u0101.<\/p>\n<p style=\"margin-bottom: 8px; margin-top: 0px; line-height: 1.6;\">&#8211; L\u012bdzeklis pasarg\u0101 apstr\u0101d\u0101t\u0101s virsmas no korozijas p\u0113c to noskalo\u0161anas ar \u016bdeni.<\/p>\n<p style=\"margin-bottom: 8px; margin-top: 0px; line-height: 1.6;\">&#8211; L\u012bdzek\u013ca iedarb\u012bbas efekts nav atkar\u012bgs no laika apst\u0101k\u013ciem, tas teicami darbojas ar\u012b ekstrem\u0101los laika apst\u0101k\u013cos.<\/p>\n<p style=\"margin-bottom: 10px; margin-top: 30px;\"><strong>Pielieto\u0161anas iesp\u0113jas<\/strong><\/p>\n<p style=\"margin-bottom: 8px; margin-top: 0px; line-height: 1.6;\">&#8211; Ide\u0101li piem\u0113rots piedeguma produktu not\u012br\u012b\u0161anai no benz\u012bna un d\u012bze\u013cdzin\u0113jiem, cilindriem, virzu\u013ciem, karburatoriem un metin\u0101\u0161anas apar\u0101tiem.<\/p>\n<p style=\"margin-bottom: 8px; margin-top: 0px; line-height: 1.6;\">&#8211; L\u012bdzeklis t\u012bra saciet\u0113ju\u0161as lakas, impregn\u0101cijas da\u013cas au\u0161anas stell\u0113s, pulverveida s\u0101ls paliekas, l\u012bmlenti u.c.<\/p>\n<p style=\"margin-bottom: 8px; margin-top: 0px; line-height: 1.6;\">&#8211; Autoservisi.<\/p>\n<p style=\"margin-bottom: 10px; margin-top: 30px;\"><strong>Pielieto\u0161ana un uzglab\u0101\u0161ana<\/strong><\/p>\n<p style=\"margin-bottom: 8px; margin-top: 0px; line-height: 1.6;\">&#8211; L\u012bdzeklis pielietojams tikai met\u0101la tvertn\u0113. Piem\u0113rot\u0101k\u0101 darba temperat\u016bra +20\u00a0\u00baC\u00a0l\u012bdz +25 \u00baC.<\/p>\n<p style=\"margin-bottom: 8px; margin-top: 0px; line-height: 1.6;\">&#8211; P\u0113c deta\u013cu iz\u0146em\u0161anas no trauka t\u0101s noskalot ar \u016bdeni.<\/p>\n<p style=\"margin-bottom: 8px; margin-top: 0px; line-height: 1.6;\">&#8211; Uzman\u012bbu! Sarg\u0101t no b\u0113rniem! L\u012bdzeklim nok\u013c\u016bstot ac\u012bs jeb uz \u0101das, skalot ar lielu \u016bdens daudzumu. Lietot cimdus un aizsargbrilles. Lietot l\u012bdzekli telp\u0101s ar labu ventil\u0101ciju.<\/p>\n<p style=\"margin-bottom: 10px; margin-top: 30px;\"><strong>Tehniskais raksturojums<\/strong><\/p>\n<p style=\"margin-bottom: 8px; margin-top: 0px; line-height: 1.6;\"><strong>Fizisk\u0101 forma<\/strong>: \u0161\u0137idrums<\/p>\n<p style=\"margin-bottom: 8px; margin-top: 0px; line-height: 1.6;\"><strong>Bl\u012bvums (20 \u00baC)<\/strong>: 0.913 g \/ ml<\/p>\n<p style=\"margin-bottom: 8px; margin-top: 0px; line-height: 1.6;\"><strong>pH l\u012bmenis<\/strong>: 1 &#8211; 2<\/p>\n<p style=\"margin-bottom: 8px; margin-top: 0px; line-height: 1.6;\"><strong>Uzliesmo\u0161anas punkts<\/strong>: 50 \u00baC<\/p>\n<p style=\"margin-bottom: 8px; margin-top: 0px; line-height: 1.6;\"><strong>Sast\u0101vs<\/strong>: organiskie \u0161\u0137\u012bdin\u0101t\u0101ji, papildvielas<\/p>\n","protected":false},"excerpt":{"rendered":"<p>R\u016aPNIECISKS ATT\u012aR\u012aT\u0100JS PIEDEGU\u0160\u0100M DETA\u013b\u0100M \u012apa\u0161\u012bbas &#8211; Efekt\u012bvs, \u0101tras iedarb\u012bbas l\u012bdzeklis daudzk\u0101rtainas, piedegu\u0161as e\u013c\u013cas no\u0146em\u0161anai no met\u0101la virsm\u0101m ar dzi\u013cu iedarb\u012bbas efektu. &#8211; Dro\u0161s l\u012bdzeklis, kas nenodara kait\u0113jumu stiklam, kokam, alum\u012bnijam, t\u0113raudam, varam un citiem met\u0101liem, nesatur fenolu, krezolu un hroma savienojumus. &#8211; Maksim\u0101li dro\u0161i un efekt\u012bvi no\u0146em e\u013c\u013cas, sodr\u0113jus un sadeg\u0161anas produktus, tauku un e\u013c\u013cas&#8230;<\/p>\n","protected":false},"featured_media":5010,"template":"","meta":[],"product_brand":[337],"product_cat":[353,377,386],"product_tag":[],"class_list":{"0":"post-5009","1":"product","2":"type-product","3":"status-publish","4":"has-post-thumbnail","6":"product_brand-flore-chemie","7":"product_cat-flore-chemie-produkti","8":"product_cat-industrija-rupnieciba-masinbuve-elektroiekartas","9":"product_cat-specialie-tirisanas-mazgasanas-un-kopsanas-lidzekli","11":"first","12":"instock","13":"shipping-taxable","14":"purchasable","15":"product-type-variable","16":"has-default-attributes"},"_links":{"self":[{"href":"https:\/\/e-flore.store\/lv\/wp-json\/wp\/v2\/product\/5009","targetHints":{"allow":["GET"]}}],"collection":[{"href":"https:\/\/e-flore.store\/lv\/wp-json\/wp\/v2\/product"}],"about":[{"href":"https:\/\/e-flore.store\/lv\/wp-json\/wp\/v2\/types\/product"}],"wp:featuredmedia":[{"embeddable":true,"href":"https:\/\/e-flore.store\/lv\/wp-json\/wp\/v2\/media\/5010"}],"wp:attachment":[{"href":"https:\/\/e-flore.store\/lv\/wp-json\/wp\/v2\/media?parent=5009"}],"wp:term":[{"taxonomy":"product_brand","embeddable":true,"href":"https:\/\/e-flore.store\/lv\/wp-json\/wp\/v2\/product_brand?post=5009"},{"taxonomy":"product_cat","embeddable":true,"href":"https:\/\/e-flore.store\/lv\/wp-json\/wp\/v2\/product_cat?post=5009"},{"taxonomy":"product_tag","embeddable":true,"href":"https:\/\/e-flore.store\/lv\/wp-json\/wp\/v2\/product_tag?post=5009"}],"curies":[{"name":"wp","href":"https:\/\/api.w.org\/{rel}","templated":true}]}}