{"id":5018,"date":"2026-02-03T14:06:03","date_gmt":"2026-02-03T14:06:03","guid":{"rendered":"https:\/\/demo8.izveide.id.lv\/?post_type=product&#038;p=5018"},"modified":"2026-02-19T18:42:55","modified_gmt":"2026-02-19T16:42:55","slug":"engine-cleaner-ko%d0%b4-pr755","status":"publish","type":"product","link":"https:\/\/e-flore.store\/lv\/produkts\/engine-cleaner-ko%d0%b4-pr755\/","title":{"rendered":"ENGINE CLEANER (kods PR755)"},"content":{"rendered":"<p><img decoding=\"async\" class=\"alignnone size-full wp-image-452\" style=\"width: 100%; height: auto; display: block;\" src=\"\/wp-content\/uploads\/2026\/02\/engine-cleaner-pr755-1.jpg\" alt=\"0426-PARENT\" width=\"100%\" \/><\/p>\n<p style=\"margin-bottom: 10px; margin-top: 30px;\"><strong>T\u012aR\u012a\u0160ANAS L\u012aDZEKLIS UZ\u00a0\u016aDENS B\u0100ZES\u00a0PELDL\u012aDZEK\u013bU MOTORU T\u012aR\u012a\u0160ANAI<\/strong><\/p>\n<p style=\"margin-bottom: 10px; margin-top: 30px;\"><strong>\u012apa\u0161\u012bbas<\/strong><\/p>\n<p style=\"margin-bottom: 8px; margin-top: 0px; line-height: 1.6;\">Koncentr\u0113ts attauko\u0161anas l\u012bdzeklis peldl\u012bdzek\u013cu motoru t\u012br\u012b\u0161anai gan \u0101rpus borta, gan stacion\u0101ram pielietojumam. \u0160is l\u012bdzeklis var aizst\u0101t daudzus produktus, kuru pamat\u0101 ir \u0161\u0137\u012bdin\u0101t\u0101ji un tam ir b\u016btiskas priek\u0161roc\u012bbas: tas nav viegli uzliesmojo\u0161s, maz\u0101k kait\u012bgs cilv\u0113kiem un videi. Pateicoties lielajai emulg\u0113jo\u0161ajai jaudai, l\u012bdzeklis viegli no\u0146em e\u013c\u013cu, taukus, nogulsnes un citus net\u012brumus no dzin\u0113jiem un meh\u0101nisk\u0101m deta\u013c\u0101m. Ide\u0101li piem\u0113rots peldl\u012bdzek\u013cu motoru un stipri pies\u0101r\u0146otu pamat\u0146u t\u012br\u012b\u0161anai.<\/p>\n<p style=\"margin-bottom: 10px; margin-top: 30px;\"><strong>Pielietojuma sf\u0113ra<\/strong><\/p>\n<p style=\"margin-bottom: 8px; margin-top: 0px; line-height: 1.6;\">J\u016bras sektors.<\/p>\n<p style=\"margin-bottom: 10px; margin-top: 30px;\"><strong>Lieto\u0161anas instrukcija<\/strong><\/p>\n<p style=\"margin-bottom: 8px; margin-top: 0px; line-height: 1.6;\">L\u012bdzekli at\u0161\u0137aid\u012bt ar \u016bdeni proporcij\u0101 1:3 (25%) l\u012bdz 1:6 (14,3%), ieg\u016bto \u0161\u0137\u012bdumu ar smidzin\u0101t\u0101ju uzkl\u0101t uz t\u012br\u0101m\u0101s virsmas, notur\u0113t da\u017eas min\u016btes un p\u0113c tam noskalot ar \u016bdeni ( v\u0113lams siltu un izmantojot augstspiedienu).<\/p>\n<p style=\"margin-bottom: 10px; margin-top: 30px;\"><strong>\u0136\u012bmisk\u0101s un fizik\u0101l\u0101s \u012bpa\u0161\u012bbas<\/strong><\/p>\n<p style=\"margin-bottom: 8px; margin-top: 0px; line-height: 1.6;\"><strong>Izskats<\/strong>: caursp\u012bd\u012bgs \u0161\u0137idrums<\/p>\n<p style=\"margin-bottom: 8px; margin-top: 0px; line-height: 1.6;\"><strong>Kr\u0101sa<\/strong>: bezkr\u0101saina vai dzelten\u012bga<\/p>\n<p style=\"margin-bottom: 8px; margin-top: 0px; line-height: 1.6;\"><strong>Smar\u017ea<\/strong>: rakstur\u012bga<\/p>\n<p style=\"margin-bottom: 8px; margin-top: 0px; line-height: 1.6;\"><strong>Bl\u012bvums<\/strong>: 1,070 \u00b1 0,02 g \/ ml 20 \u00b0C temperat\u016br\u0101<\/p>\n<p style=\"margin-bottom: 8px; margin-top: 0px; line-height: 1.6;\"><strong>pH<\/strong>: 13,4 +\/- 0,3<\/p>\n<p style=\"margin-bottom: 8px; margin-top: 0px; line-height: 1.6;\"><strong>\u0160\u0137\u012bd\u012bba \u016bden\u012b<\/strong>: piln\u012bga<\/p>\n<p style=\"margin-bottom: 8px; margin-top: 0px; line-height: 1.6;\"><strong>Virsmakt\u012bv\u0101s vielas<\/strong>: nejonu un anjonu<\/p>\n<p style=\"margin-bottom: 8px; margin-top: 0px; line-height: 1.6;\"><strong>Biolo\u0123isk\u0101 no\u0101rd\u012b\u0161an\u0101s<\/strong>: vair\u0101k nek\u0101 90%<\/p>\n<p style=\"margin-bottom: 8px; margin-top: 0px; line-height: 1.6;\"><strong>Uzliesmojam\u012bba<\/strong>: nedego\u0161s<\/p>\n<p style=\"margin-bottom: 8px; margin-top: 0px; line-height: 1.6;\"><strong>Br\u012bdin\u0101jumi!<\/strong> Pirms produkta uzkl\u0101\u0161anas motoram p\u0101rkl\u0101t sensorus un citas elektronisk\u0101s da\u013cas ar celof\u0101na pl\u0113vi, lai nov\u0113rstu \u016bdens iek\u013c\u016b\u0161anu taj\u0101s, kas var izrais\u012bt to saboj\u0101\u0161anos. Nelietot l\u012bdzekli uz karsta motora. Pirms lieto\u0161anas uzman\u012bgi izlas\u012bt dro\u0161\u012bbas datu lapu.<\/p>\n","protected":false},"excerpt":{"rendered":"<p>T\u012aR\u012a\u0160ANAS L\u012aDZEKLIS UZ\u00a0\u016aDENS B\u0100ZES\u00a0PELDL\u012aDZEK\u013bU MOTORU T\u012aR\u012a\u0160ANAI \u012apa\u0161\u012bbas Koncentr\u0113ts attauko\u0161anas l\u012bdzeklis peldl\u012bdzek\u013cu motoru t\u012br\u012b\u0161anai gan \u0101rpus borta, gan stacion\u0101ram pielietojumam. \u0160is l\u012bdzeklis var aizst\u0101t daudzus produktus, kuru pamat\u0101 ir \u0161\u0137\u012bdin\u0101t\u0101ji un tam ir b\u016btiskas priek\u0161roc\u012bbas: tas nav viegli uzliesmojo\u0161s, maz\u0101k kait\u012bgs cilv\u0113kiem un videi. Pateicoties lielajai emulg\u0113jo\u0161ajai jaudai, l\u012bdzeklis viegli no\u0146em e\u013c\u013cu, taukus, nogulsnes un citus&#8230;<\/p>\n","protected":false},"featured_media":5019,"template":"","meta":[],"product_brand":[337],"product_cat":[353,377,383],"product_tag":[],"class_list":{"0":"post-5018","1":"product","2":"type-product","3":"status-publish","4":"has-post-thumbnail","6":"product_brand-flore-chemie","7":"product_cat-flore-chemie-produkti","8":"product_cat-industrija-rupnieciba-masinbuve-elektroiekartas","9":"product_cat-specialie-produkti-laivam-un-kugiem","11":"first","12":"instock","13":"shipping-taxable","14":"purchasable","15":"product-type-variable","16":"has-default-attributes"},"_links":{"self":[{"href":"https:\/\/e-flore.store\/lv\/wp-json\/wp\/v2\/product\/5018","targetHints":{"allow":["GET"]}}],"collection":[{"href":"https:\/\/e-flore.store\/lv\/wp-json\/wp\/v2\/product"}],"about":[{"href":"https:\/\/e-flore.store\/lv\/wp-json\/wp\/v2\/types\/product"}],"wp:featuredmedia":[{"embeddable":true,"href":"https:\/\/e-flore.store\/lv\/wp-json\/wp\/v2\/media\/5019"}],"wp:attachment":[{"href":"https:\/\/e-flore.store\/lv\/wp-json\/wp\/v2\/media?parent=5018"}],"wp:term":[{"taxonomy":"product_brand","embeddable":true,"href":"https:\/\/e-flore.store\/lv\/wp-json\/wp\/v2\/product_brand?post=5018"},{"taxonomy":"product_cat","embeddable":true,"href":"https:\/\/e-flore.store\/lv\/wp-json\/wp\/v2\/product_cat?post=5018"},{"taxonomy":"product_tag","embeddable":true,"href":"https:\/\/e-flore.store\/lv\/wp-json\/wp\/v2\/product_tag?post=5018"}],"curies":[{"name":"wp","href":"https:\/\/api.w.org\/{rel}","templated":true}]}}